{"id":837,"date":"2025-02-15T00:48:08","date_gmt":"2025-02-15T00:48:08","guid":{"rendered":"https:\/\/prihdesigner.com.br\/Health-Safety\/?page_id=837"},"modified":"2025-06-06T15:36:55","modified_gmt":"2025-06-06T15:36:55","slug":"produtos-ar-comprimido","status":"publish","type":"page","link":"https:\/\/www.gvs.com.br\/safety\/produtos-ar-comprimido\/","title":{"rendered":"Produtos &#8211; Ar Comprimido, Filtra\u00e7\u00e3o e Monitoramento"},"content":{"rendered":"\n<div class=\"wp-block-uagb-container uagb-block-fdf8c6db alignfull uagb-is-root-container\"><div class=\"uagb-container-inner-blocks-wrap\">\n<div class=\"wp-block-uagb-container uagb-block-adf4623d\">\n<div class=\"wp-block-uagb-advanced-heading uagb-block-253a57c8\"><h1 class=\"uagb-heading-text\">Ar Comprimido, Filtra\u00e7\u00e3o e Monitoramento<\/h1><div class=\"uagb-separator\"><\/div><p class=\"uagb-desc-text\">Nossa linha de solu\u00e7\u00f5es de ar comprimido, filtra\u00e7\u00e3o e monitoramento oferece a confian\u00e7a de que o ar que voc\u00ea respira \u00e9 limpo e seguro.<\/p><\/div>\n<\/div>\n\n\n\n<div class=\"wp-block-uagb-container uagb-block-6615bb17\"><\/div>\n<\/div><\/div>\n\n\n\n<div class=\"wp-block-uagb-separator uagb-block-92fb9a0b\"><div class=\"uagb-separator-spacing-wrapper\"><div class=\"wp-block-uagb-separator__inner\" style=\"--my-background-image:\"><\/div><\/div><\/div>\n\n\n<div class=\"n2_clear\"><ss3-force-full-width data-overflow-x=\"body\" data-horizontal-selector=\"body\"><div class=\"n2-section-smartslider fitvidsignore  n2_clear\" data-ssid=\"14\"><div id=\"n2-ss-14-align\" class=\"n2-ss-align\"><div class=\"n2-padding\"><div id=\"n2-ss-14\" data-creator=\"Smart Slider 3\" data-responsive=\"fullwidth\" class=\"n2-ss-slider n2-ow n2-has-hover n2notransition  \">\n        <div class=\"n2-ss-slider-1 n2-ow\">\n            <div class=\"n2-ss-slider-2 n2-ow\">\n                <div class=\"n2-ss-slide-backgrounds n2-ow-all\"><div class=\"n2-ss-slide-background\" data-public-id=\"1\" data-mode=\"fill\"><div data-color=\"RGBA(255,255,255,0)\" style=\"background-color: RGBA(255,255,255,0);\" class=\"n2-ss-slide-background-color\"><\/div><\/div><\/div>                <div class=\"n2-ss-slider-3 n2-ow\">\n                    <svg xmlns=\"http:\/\/www.w3.org\/2000\/svg\" viewBox=\"0 0 1200 600\" data-related-device=\"desktopPortrait\" class=\"n2-ow n2-ss-preserve-size n2-ss-preserve-size--slider n2-ss-slide-limiter\"><\/svg><div data-first=\"1\" data-slide-duration=\"0\" data-id=\"24\" data-slide-public-id=\"1\" data-title=\"Slide\" class=\"n2-ss-slide n2-ow  n2-ss-slide-24\"><div role=\"note\" class=\"n2-ss-slide--focus\" tabindex=\"-1\">Slide<\/div><div class=\"n2-ss-layers-container n2-ss-slide-limiter n2-ow\"><div class=\"n2-ss-layer n2-ow n-uc-XF9xh9FXFtpy\" data-sstype=\"slide\" data-pm=\"default\"><div class=\"n2-ss-layer n2-ow n-uc-HQHqWykp9XUG\" data-pm=\"default\" data-sstype=\"content\" data-hasbackground=\"0\"><div class=\"n2-ss-section-main-content n2-ss-layer-with-background n2-ss-layer-content n2-ow n-uc-HQHqWykp9XUG-inner\"><div class=\"n2-ss-layer n2-ow n2-ss-layer--block n2-ss-has-self-align n-uc-zm3XC9WBSXNQ\" data-pm=\"normal\" data-sstype=\"row\"><div class=\"n2-ss-layer-row n2-ss-layer-with-background n-uc-zm3XC9WBSXNQ-inner\"><div class=\"n2-ss-layer-row-inner \"><div class=\"n2-ss-layer n2-ow n-uc-jDtRpt0I6GJB\" data-pm=\"default\" data-href=\"https:\/\/www.gvs.com.br\/safety\/produtos-ar-comprimido-filtracao-e-monitoramento-c40\/\" tabindex=\"0\" role=\"button\" data-n2click=\"url\" data-force-pointer=\"\" data-sstype=\"col\"><div class=\"n2-ss-layer-col n2-ss-layer-with-background n2-ss-layer-content n-uc-jDtRpt0I6GJB-inner\"><div class=\"n2-ss-layer n2-ow n-uc-8lGyVQPRJweQ\" data-pm=\"normal\" data-sstype=\"layer\"><div class=\" n2-ss-item-image-content n2-ss-item-content n2-ow-all\"><img loading=\"lazy\" decoding=\"async\" id=\"n2-ss-14item1\" alt=\"\" class=\"skip-lazy\" width=\"400\" height=\"390\" data-skip-lazy=\"1\" src=\"\/\/www.gvs.com.br\/safety\/wp-content\/uploads\/2025\/02\/C40.png\" \/><\/div><\/div><div class=\"n2-ss-layer n2-ow n-uc-ABBrh7OMzW8g\" data-pm=\"normal\" data-sstype=\"layer\"><div id=\"n2-ss-14item2\" class=\"n2-font-94430a000045cbd8eac6d19e169ae56d-hover   n2-ss-item-content n2-ss-text n2-ow\" style=\"display:block;\">Dispositivo de Controle de Clima GVS C40\u2122<\/div><\/div><div class=\"n2-ss-layer n2-ow n-uc-sb8KVeJxwmBA\" data-pm=\"normal\" data-sstype=\"layer\"><div class=\"n2-ss-item-content n2-ss-text n2-ow-all\"><div class=\"\"><p class=\"n2-font-591f38d3f85d2caf8a332380265a2aff-paragraph   \">O C40 permite que voc\u00ea controle a temperatura do ar comprimido.<\/p>\n<\/div><\/div><\/div><\/div><\/div><div class=\"n2-ss-layer n2-ow n-uc-Zga2xyksYAZf\" data-pm=\"default\" data-href=\"https:\/\/www.gvs.com.br\/safety\/produtos-ar-comprimido-filtracao-e-monitoramento-monitor-de-gases-gvs-gx4\/\" tabindex=\"0\" role=\"button\" data-n2click=\"url\" data-force-pointer=\"\" data-sstype=\"col\"><div class=\"n2-ss-layer-col n2-ss-layer-with-background n2-ss-layer-content n-uc-Zga2xyksYAZf-inner\"><div class=\"n2-ss-layer n2-ow n-uc-NIB5E1SNC9gm\" data-pm=\"normal\" data-sstype=\"layer\"><div class=\" n2-ss-item-image-content n2-ss-item-content n2-ow-all\"><img loading=\"lazy\" decoding=\"async\" id=\"n2-ss-14item4\" alt=\"\" class=\"skip-lazy\" width=\"400\" height=\"390\" data-skip-lazy=\"1\" src=\"\/\/www.gvs.com.br\/safety\/wp-content\/uploads\/2025\/02\/gx4.png\" \/><\/div><\/div><div class=\"n2-ss-layer n2-ow n-uc-4BPtrFri0sLv\" data-pm=\"normal\" data-sstype=\"layer\"><div id=\"n2-ss-14item5\" class=\"n2-font-94430a000045cbd8eac6d19e169ae56d-hover   n2-ss-item-content n2-ss-text n2-ow\" style=\"display:block;\">Monitor de Gases GVS GX4\u00ae<\/div><\/div><div class=\"n2-ss-layer n2-ow n-uc-j8XqyLLwFLY6\" data-pm=\"normal\" data-sstype=\"layer\"><div class=\"n2-ss-item-content n2-ss-text n2-ow-all\"><div class=\"\"><p class=\"n2-font-591f38d3f85d2caf8a332380265a2aff-paragraph   \">Trabalhe com confian\u00e7a, sabendo que o ar comprimido que voc\u00ea est\u00e1 respirando \u00e9 seguro, utilizando o Monitor de Gases GVS GX4.<\/p>\n<\/div><\/div><\/div><\/div><\/div><div class=\"n2-ss-layer n2-ow n-uc-TuxpYOClPRK8\" data-pm=\"default\" data-href=\"https:\/\/www.gvs.com.br\/safety\/produtos-ar-comprimido-filtracao-e-monitoramento-filtro-de-linha-aerea-gvs-radex\/\" tabindex=\"0\" role=\"button\" data-n2click=\"url\" data-force-pointer=\"\" data-sstype=\"col\"><div class=\"n2-ss-layer-col n2-ss-layer-with-background n2-ss-layer-content n-uc-TuxpYOClPRK8-inner\"><div class=\"n2-ss-layer n2-ow n-uc-Xk5G88ivWT0v\" data-pm=\"normal\" data-sstype=\"layer\"><div class=\" n2-ss-item-image-content n2-ss-item-content n2-ow-all\"><img loading=\"lazy\" decoding=\"async\" id=\"n2-ss-14item7\" alt=\"\" class=\"skip-lazy\" width=\"400\" height=\"390\" data-skip-lazy=\"1\" src=\"\/\/www.gvs.com.br\/safety\/wp-content\/uploads\/2025\/02\/radex.jpg\" \/><\/div><\/div><div class=\"n2-ss-layer n2-ow n-uc-UY5vg1SdhGX3\" data-pm=\"normal\" data-sstype=\"layer\"><div id=\"n2-ss-14item8\" class=\"n2-font-94430a000045cbd8eac6d19e169ae56d-hover   n2-ss-item-content n2-ss-text n2-ow\" style=\"display:block;\">Filtro de Linha A\u00e9rea GVS Radex\u00ae<\/div><\/div><div class=\"n2-ss-layer n2-ow n-uc-zZPk6uO0loRS\" data-pm=\"normal\" data-sstype=\"layer\"><div class=\"n2-ss-item-content n2-ss-text n2-ow-all\"><div class=\"\"><p class=\"n2-font-591f38d3f85d2caf8a332380265a2aff-paragraph   \">O Radex \u00e9 um sistema robusto e vers\u00e1til de filtra\u00e7\u00e3o de linha a\u00e9rea, proporcionando ar limpo, filtrado e respir\u00e1vel.<\/p>\n<\/div><\/div><\/div><\/div><\/div><\/div><\/div><\/div><\/div><\/div><\/div><\/div><\/div>                <\/div>\n                            <\/div>\n        <\/div>\n        <\/div><ss3-loader><\/ss3-loader><\/div><\/div><div class=\"n2_clear\"><\/div><\/div><\/ss3-force-full-width><\/div>","protected":false},"excerpt":{"rendered":"<p>Ar Comprimido, Filtra\u00e7\u00e3o e Monitoramento Nossa linha de solu\u00e7\u00f5es de ar comprimido, filtra\u00e7\u00e3o e monitoramento oferece a confian\u00e7a de que [&hellip;]<\/p>\n","protected":false},"author":2,"featured_media":0,"parent":0,"menu_order":0,"comment_status":"closed","ping_status":"closed","template":"","meta":{"_uag_custom_page_level_css":"","site-sidebar-layout":"default","site-content-layout":"","ast-site-content-layout":"","site-content-style":"default","site-sidebar-style":"default","ast-global-header-display":"","ast-banner-title-visibility":"","ast-main-header-display":"","ast-hfb-above-header-display":"","ast-hfb-below-header-display":"","ast-hfb-mobile-header-display":"","site-post-title":"disabled","ast-breadcrumbs-content":"","ast-featured-img":"","footer-sml-layout":"","ast-disable-related-posts":"","theme-transparent-header-meta":"","adv-header-id-meta":"","stick-header-meta":"","header-above-stick-meta":"","header-main-stick-meta":"","header-below-stick-meta":"","astra-migrate-meta-layouts":"default","ast-page-background-enabled":"default","ast-page-background-meta":{"desktop":{"background-color":"var(--ast-global-color-4)","background-image":"","background-repeat":"repeat","background-position":"center center","background-size":"auto","background-attachment":"scroll","background-type":"","background-media":"","overlay-type":"","overlay-color":"","overlay-opacity":"","overlay-gradient":""},"tablet":{"background-color":"","background-image":"","background-repeat":"repeat","background-position":"center center","background-size":"auto","background-attachment":"scroll","background-type":"","background-media":"","overlay-type":"","overlay-color":"","overlay-opacity":"","overlay-gradient":""},"mobile":{"background-color":"","background-image":"","background-repeat":"repeat","background-position":"center center","background-size":"auto","background-attachment":"scroll","background-type":"","background-media":"","overlay-type":"","overlay-color":"","overlay-opacity":"","overlay-gradient":""}},"ast-content-background-meta":{"desktop":{"background-color":"var(--ast-global-color-5)","background-image":"","background-repeat":"repeat","background-position":"center center","background-size":"auto","background-attachment":"scroll","background-type":"","background-media":"","overlay-type":"","overlay-color":"","overlay-opacity":"","overlay-gradient":""},"tablet":{"background-color":"var(--ast-global-color-5)","background-image":"","background-repeat":"repeat","background-position":"center center","background-size":"auto","background-attachment":"scroll","background-type":"","background-media":"","overlay-type":"","overlay-color":"","overlay-opacity":"","overlay-gradient":""},"mobile":{"background-color":"var(--ast-global-color-5)","background-image":"","background-repeat":"repeat","background-position":"center center","background-size":"auto","background-attachment":"scroll","background-type":"","background-media":"","overlay-type":"","overlay-color":"","overlay-opacity":"","overlay-gradient":""}},"footnotes":""},"class_list":["post-837","page","type-page","status-publish","hentry"],"yoast_head":"<!-- This site is optimized with the Yoast SEO plugin v27.2 - https:\/\/yoast.com\/product\/yoast-seo-wordpress\/ -->\n<title>Produtos - Ar Comprimido, Filtra\u00e7\u00e3o e Monitoramento - Safety<\/title>\n<meta name=\"robots\" content=\"index, follow, max-snippet:-1, max-image-preview:large, max-video-preview:-1\" \/>\n<link rel=\"canonical\" href=\"https:\/\/www.gvs.com.br\/safety\/produtos-ar-comprimido\/\" \/>\n<meta property=\"og:locale\" content=\"pt_BR\" \/>\n<meta property=\"og:type\" content=\"article\" \/>\n<meta property=\"og:title\" content=\"Produtos - Ar Comprimido, Filtra\u00e7\u00e3o e Monitoramento - Safety\" \/>\n<meta property=\"og:description\" content=\"Ar Comprimido, Filtra\u00e7\u00e3o e Monitoramento Nossa linha de solu\u00e7\u00f5es de ar comprimido, filtra\u00e7\u00e3o e monitoramento oferece a confian\u00e7a de que [&hellip;]\" \/>\n<meta property=\"og:url\" content=\"https:\/\/www.gvs.com.br\/safety\/produtos-ar-comprimido\/\" \/>\n<meta property=\"og:site_name\" content=\"Safety\" \/>\n<meta property=\"article:modified_time\" content=\"2025-06-06T15:36:55+00:00\" \/>\n<meta name=\"twitter:card\" content=\"summary_large_image\" \/>\n<meta name=\"twitter:label1\" content=\"Est. tempo de leitura\" \/>\n\t<meta name=\"twitter:data1\" content=\"1 minuto\" \/>\n<script type=\"application\/ld+json\" class=\"yoast-schema-graph\">{\"@context\":\"https:\/\/schema.org\",\"@graph\":[{\"@type\":\"WebPage\",\"@id\":\"https:\/\/www.gvs.com.br\/safety\/produtos-ar-comprimido\/\",\"url\":\"https:\/\/www.gvs.com.br\/safety\/produtos-ar-comprimido\/\",\"name\":\"Produtos - Ar Comprimido, Filtra\u00e7\u00e3o e Monitoramento - Safety\",\"isPartOf\":{\"@id\":\"https:\/\/www.gvs.com.br\/safety\/#website\"},\"datePublished\":\"2025-02-15T00:48:08+00:00\",\"dateModified\":\"2025-06-06T15:36:55+00:00\",\"breadcrumb\":{\"@id\":\"https:\/\/www.gvs.com.br\/safety\/produtos-ar-comprimido\/#breadcrumb\"},\"inLanguage\":\"pt-BR\",\"potentialAction\":[{\"@type\":\"ReadAction\",\"target\":[\"https:\/\/www.gvs.com.br\/safety\/produtos-ar-comprimido\/\"]}]},{\"@type\":\"BreadcrumbList\",\"@id\":\"https:\/\/www.gvs.com.br\/safety\/produtos-ar-comprimido\/#breadcrumb\",\"itemListElement\":[{\"@type\":\"ListItem\",\"position\":1,\"name\":\"In\u00edcio\",\"item\":\"https:\/\/www.gvs.com.br\/safety\/\"},{\"@type\":\"ListItem\",\"position\":2,\"name\":\"Produtos &#8211; Ar Comprimido, Filtra\u00e7\u00e3o e Monitoramento\"}]},{\"@type\":\"WebSite\",\"@id\":\"https:\/\/www.gvs.com.br\/safety\/#website\",\"url\":\"https:\/\/www.gvs.com.br\/safety\/\",\"name\":\"Safety\",\"description\":\"\",\"publisher\":{\"@id\":\"https:\/\/www.gvs.com.br\/safety\/#organization\"},\"potentialAction\":[{\"@type\":\"SearchAction\",\"target\":{\"@type\":\"EntryPoint\",\"urlTemplate\":\"https:\/\/www.gvs.com.br\/safety\/?s={search_term_string}\"},\"query-input\":{\"@type\":\"PropertyValueSpecification\",\"valueRequired\":true,\"valueName\":\"search_term_string\"}}],\"inLanguage\":\"pt-BR\"},{\"@type\":\"Organization\",\"@id\":\"https:\/\/www.gvs.com.br\/safety\/#organization\",\"name\":\"Safety\",\"url\":\"https:\/\/www.gvs.com.br\/safety\/\",\"logo\":{\"@type\":\"ImageObject\",\"inLanguage\":\"pt-BR\",\"@id\":\"https:\/\/www.gvs.com.br\/safety\/#\/schema\/logo\/image\/\",\"url\":\"https:\/\/www.gvs.com.br\/safety\/wp-content\/uploads\/2024\/12\/Logo-GVS-Safety.png\",\"contentUrl\":\"https:\/\/www.gvs.com.br\/safety\/wp-content\/uploads\/2024\/12\/Logo-GVS-Safety.png\",\"width\":1920,\"height\":1080,\"caption\":\"Safety\"},\"image\":{\"@id\":\"https:\/\/www.gvs.com.br\/safety\/#\/schema\/logo\/image\/\"}}]}<\/script>\n<!-- \/ Yoast SEO plugin. -->","yoast_head_json":{"title":"Produtos - Ar Comprimido, Filtra\u00e7\u00e3o e Monitoramento - Safety","robots":{"index":"index","follow":"follow","max-snippet":"max-snippet:-1","max-image-preview":"max-image-preview:large","max-video-preview":"max-video-preview:-1"},"canonical":"https:\/\/www.gvs.com.br\/safety\/produtos-ar-comprimido\/","og_locale":"pt_BR","og_type":"article","og_title":"Produtos - Ar Comprimido, Filtra\u00e7\u00e3o e Monitoramento - Safety","og_description":"Ar Comprimido, Filtra\u00e7\u00e3o e Monitoramento Nossa linha de solu\u00e7\u00f5es de ar comprimido, filtra\u00e7\u00e3o e monitoramento oferece a confian\u00e7a de que [&hellip;]","og_url":"https:\/\/www.gvs.com.br\/safety\/produtos-ar-comprimido\/","og_site_name":"Safety","article_modified_time":"2025-06-06T15:36:55+00:00","twitter_card":"summary_large_image","twitter_misc":{"Est. tempo de leitura":"1 minuto"},"schema":{"@context":"https:\/\/schema.org","@graph":[{"@type":"WebPage","@id":"https:\/\/www.gvs.com.br\/safety\/produtos-ar-comprimido\/","url":"https:\/\/www.gvs.com.br\/safety\/produtos-ar-comprimido\/","name":"Produtos - Ar Comprimido, Filtra\u00e7\u00e3o e Monitoramento - Safety","isPartOf":{"@id":"https:\/\/www.gvs.com.br\/safety\/#website"},"datePublished":"2025-02-15T00:48:08+00:00","dateModified":"2025-06-06T15:36:55+00:00","breadcrumb":{"@id":"https:\/\/www.gvs.com.br\/safety\/produtos-ar-comprimido\/#breadcrumb"},"inLanguage":"pt-BR","potentialAction":[{"@type":"ReadAction","target":["https:\/\/www.gvs.com.br\/safety\/produtos-ar-comprimido\/"]}]},{"@type":"BreadcrumbList","@id":"https:\/\/www.gvs.com.br\/safety\/produtos-ar-comprimido\/#breadcrumb","itemListElement":[{"@type":"ListItem","position":1,"name":"In\u00edcio","item":"https:\/\/www.gvs.com.br\/safety\/"},{"@type":"ListItem","position":2,"name":"Produtos &#8211; Ar Comprimido, Filtra\u00e7\u00e3o e Monitoramento"}]},{"@type":"WebSite","@id":"https:\/\/www.gvs.com.br\/safety\/#website","url":"https:\/\/www.gvs.com.br\/safety\/","name":"Safety","description":"","publisher":{"@id":"https:\/\/www.gvs.com.br\/safety\/#organization"},"potentialAction":[{"@type":"SearchAction","target":{"@type":"EntryPoint","urlTemplate":"https:\/\/www.gvs.com.br\/safety\/?s={search_term_string}"},"query-input":{"@type":"PropertyValueSpecification","valueRequired":true,"valueName":"search_term_string"}}],"inLanguage":"pt-BR"},{"@type":"Organization","@id":"https:\/\/www.gvs.com.br\/safety\/#organization","name":"Safety","url":"https:\/\/www.gvs.com.br\/safety\/","logo":{"@type":"ImageObject","inLanguage":"pt-BR","@id":"https:\/\/www.gvs.com.br\/safety\/#\/schema\/logo\/image\/","url":"https:\/\/www.gvs.com.br\/safety\/wp-content\/uploads\/2024\/12\/Logo-GVS-Safety.png","contentUrl":"https:\/\/www.gvs.com.br\/safety\/wp-content\/uploads\/2024\/12\/Logo-GVS-Safety.png","width":1920,"height":1080,"caption":"Safety"},"image":{"@id":"https:\/\/www.gvs.com.br\/safety\/#\/schema\/logo\/image\/"}}]}},"uagb_featured_image_src":{"full":false,"thumbnail":false,"medium":false,"medium_large":false,"large":false,"1536x1536":false,"2048x2048":false},"uagb_author_info":{"display_name":"admin-gvs","author_link":"https:\/\/www.gvs.com.br\/safety\/author\/admin-gvs\/"},"uagb_comment_info":0,"uagb_excerpt":"Ar Comprimido, Filtra\u00e7\u00e3o e Monitoramento Nossa linha de solu\u00e7\u00f5es de ar comprimido, filtra\u00e7\u00e3o e monitoramento oferece a confian\u00e7a de que [&hellip;]","_links":{"self":[{"href":"https:\/\/www.gvs.com.br\/safety\/wp-json\/wp\/v2\/pages\/837","targetHints":{"allow":["GET"]}}],"collection":[{"href":"https:\/\/www.gvs.com.br\/safety\/wp-json\/wp\/v2\/pages"}],"about":[{"href":"https:\/\/www.gvs.com.br\/safety\/wp-json\/wp\/v2\/types\/page"}],"author":[{"embeddable":true,"href":"https:\/\/www.gvs.com.br\/safety\/wp-json\/wp\/v2\/users\/2"}],"replies":[{"embeddable":true,"href":"https:\/\/www.gvs.com.br\/safety\/wp-json\/wp\/v2\/comments?post=837"}],"version-history":[{"count":4,"href":"https:\/\/www.gvs.com.br\/safety\/wp-json\/wp\/v2\/pages\/837\/revisions"}],"predecessor-version":[{"id":2098,"href":"https:\/\/www.gvs.com.br\/safety\/wp-json\/wp\/v2\/pages\/837\/revisions\/2098"}],"wp:attachment":[{"href":"https:\/\/www.gvs.com.br\/safety\/wp-json\/wp\/v2\/media?parent=837"}],"curies":[{"name":"wp","href":"https:\/\/api.w.org\/{rel}","templated":true}]}}