{"id":738,"date":"2025-02-14T18:17:48","date_gmt":"2025-02-14T18:17:48","guid":{"rendered":"https:\/\/prihdesigner.com.br\/Health-Safety\/?page_id=738"},"modified":"2025-08-18T18:27:26","modified_gmt":"2025-08-18T18:27:26","slug":"produtos-ajuste-solto-gvs-z4-tutoriais","status":"publish","type":"page","link":"https:\/\/www.gvs.com.br\/safety\/produtos-ajuste-solto-gvs-z4-tutoriais\/","title":{"rendered":"Produtos &#8211; Ajuste Solto &#8211; GVS Z4\u00ae Tutoriais"},"content":{"rendered":"\n<p><\/p>\n\n\n\n<div class=\"wp-block-uagb-container uagb-block-10473387 alignfull uagb-is-root-container\"><div class=\"uagb-container-inner-blocks-wrap\">\n<div class=\"wp-block-uagb-container uagb-block-5e3a4631\">\n<div class=\"wp-block-uagb-advanced-heading uagb-block-e5f86315\"><h1 class=\"uagb-heading-text\">Como configurar e usar o seu respirador Z4<\/h1><div class=\"uagb-separator\"><\/div><\/div>\n<\/div>\n\n\n\n<div class=\"wp-block-uagb-container uagb-block-876793a7\"><\/div>\n<\/div><\/div>\n\n\n\n<div class=\"wp-block-uagb-advanced-heading uagb-block-70b932a1\"><h1 class=\"uagb-heading-text\">Tudo o que voc\u00ea precisa saber sobre como configurar e manter o seu Z4.<\/h1><\/div>\n\n\n\n<div class=\"wp-block-uagb-container uagb-block-9400e875 alignfull uagb-is-root-container\"><div class=\"uagb-container-inner-blocks-wrap\">\n<div class=\"wp-block-uagb-tabs uagb-block-290c0928 uagb-tabs__wrap uagb-tabs__hstyle1-desktop uagb-tabs__vstyle6-tablet uagb-tabs__stack1-mobile\" data-tab-active=\"0\"><ul class=\"uagb-tabs__panel uagb-tabs__align-center\" role=\"tablist\"><li class=\"uagb-tab uagb-tabs__active\" role=\"none\"><a href=\"#uagb-tabs__tab0\" class=\"uagb-tabs-list uagb-tabs__icon-position-left\" data-tab=\"0\" role=\"tab\"><div>V\u00eddeo 01 &#8211; Como ajustar o seu respirador Z4<\/div><\/a><\/li><li class=\"uagb-tab \" role=\"none\"><a href=\"#uagb-tabs__tab1\" class=\"uagb-tabs-list uagb-tabs__icon-position-left\" data-tab=\"1\" role=\"tab\"><div>V\u00eddeo 02 &#8211; Como substituir a capa do seu Z4<\/div><\/a><\/li><li class=\"uagb-tab \" role=\"none\"><a href=\"#uagb-tabs__tab2\" class=\"uagb-tabs-list uagb-tabs__icon-position-left\" data-tab=\"2\" role=\"tab\"><div>V\u00eddeo 03 &#8211; Como substituir a viseira de solda<\/div><\/a><\/li><li class=\"uagb-tab \" role=\"none\"><a href=\"#uagb-tabs__tab3\" class=\"uagb-tabs-list uagb-tabs__icon-position-left\" data-tab=\"3\" role=\"tab\"><div>V\u00eddeo 04 &#8211; Compreendendo a lente ADF<\/div><\/a><\/li><li class=\"uagb-tab \" role=\"none\"><a href=\"#uagb-tabs__tab4\" class=\"uagb-tabs-list uagb-tabs__icon-position-left\" data-tab=\"4\" role=\"tab\"><div>V\u00eddeo 05 &#8211; Como substituir a lente de solda <\/div><\/a><\/li><li class=\"uagb-tab \" role=\"none\"><a href=\"#uagb-tabs__tab5\" class=\"uagb-tabs-list uagb-tabs__icon-position-left\" data-tab=\"5\" role=\"tab\"><div>V\u00eddeo 06 &#8211; Substituir a lente de esmerilhamento<\/div><\/a><\/li><li class=\"uagb-tab \" role=\"none\"><a href=\"#uagb-tabs__tab6\" class=\"uagb-tabs-list uagb-tabs__icon-position-left\" data-tab=\"6\" role=\"tab\"><div>V\u00eddeo 07 &#8211; Substituir as lentes laterais<\/div><\/a><\/li><li class=\"uagb-tab \" role=\"none\"><a href=\"#uagb-tabs__tab7\" class=\"uagb-tabs-list uagb-tabs__icon-position-left\" data-tab=\"7\" role=\"tab\"><div>V\u00eddeo 08 &#8211; Instalar a capa da mangueira de respira\u00e7\u00e3o FR<\/div><\/a><\/li><\/ul><div class=\"uagb-tabs__body-wrap\">\n<div class=\"wp-block-uagb-tabs-child uagb-tabs__body-container uagb-inner-tab-0\" aria-labelledby=\"uagb-tabs__tab0\">\n<figure class=\"wp-block-video\"><video controls src=\"https:\/\/www.gvs.com.br\/safety\/wp-content\/uploads\/2025\/02\/Z4_Tutorial_VIDEO-1.mp4\"><\/video><\/figure>\n<\/div>\n\n\n\n<div class=\"wp-block-uagb-tabs-child uagb-tabs__body-container uagb-inner-tab-1\" aria-labelledby=\"uagb-tabs__tab1\">\n<figure class=\"wp-block-video\"><video controls src=\"https:\/\/www.gvs.com.br\/safety\/wp-content\/uploads\/2025\/02\/Z4_Tutorial_VIDEO-2.mp4\"><\/video><\/figure>\n<\/div>\n\n\n\n<div class=\"wp-block-uagb-tabs-child uagb-tabs__body-container uagb-inner-tab-2\" aria-labelledby=\"uagb-tabs__tab2\">\n<figure class=\"wp-block-video\"><video controls src=\"https:\/\/www.gvs.com.br\/safety\/wp-content\/uploads\/2025\/02\/Z4_Tutorial_VIDEO-3.mp4\"><\/video><\/figure>\n<\/div>\n\n\n\n<div class=\"wp-block-uagb-tabs-child uagb-tabs__body-container uagb-inner-tab-3\" aria-labelledby=\"uagb-tabs__tab3\">\n<p><\/p>\n\n\n\n<figure class=\"wp-block-video\"><video controls src=\"https:\/\/www.gvs.com.br\/safety\/wp-content\/uploads\/2025\/02\/Z4_Tutorial_VIDEO-4.mp4\"><\/video><\/figure>\n<\/div>\n\n\n\n<div class=\"wp-block-uagb-tabs-child uagb-tabs__body-container uagb-inner-tab-4\" aria-labelledby=\"uagb-tabs__tab4\">\n<p><\/p>\n\n\n\n<figure class=\"wp-block-video\"><video controls src=\"https:\/\/www.gvs.com.br\/safety\/wp-content\/uploads\/2025\/02\/Z4tutorias-VIDEO-5.mp4\"><\/video><\/figure>\n<\/div>\n\n\n\n<div class=\"wp-block-uagb-tabs-child uagb-tabs__body-container uagb-inner-tab-5\" aria-labelledby=\"uagb-tabs__tab5\">\n<figure class=\"wp-block-video\"><video controls src=\"https:\/\/www.gvs.com.br\/safety\/wp-content\/uploads\/2025\/02\/Z4_Tutorial_VIDEO-6.mp4\"><\/video><\/figure>\n<\/div>\n\n\n\n<div class=\"wp-block-uagb-tabs-child uagb-tabs__body-container uagb-inner-tab-6\" aria-labelledby=\"uagb-tabs__tab6\">\n<p><\/p>\n\n\n\n<figure class=\"wp-block-video\"><video controls src=\"https:\/\/www.gvs.com.br\/safety\/wp-content\/uploads\/2025\/02\/Z4tutorias-VIDEO-7.mp4\"><\/video><\/figure>\n<\/div>\n\n\n\n<div class=\"wp-block-uagb-tabs-child uagb-tabs__body-container uagb-inner-tab-7\" aria-labelledby=\"uagb-tabs__tab7\">\n<figure class=\"wp-block-video\"><video controls src=\"https:\/\/www.gvs.com.br\/safety\/wp-content\/uploads\/2025\/02\/Z4_Tutorial_VIDEO-8.mp4\"><\/video><\/figure>\n<\/div>\n<\/div><\/div>\n<\/div><\/div>\n\n\n\n<div class=\"wp-block-uagb-advanced-heading uagb-block-778e704a\"><h1 class=\"uagb-heading-text\">Perguntas Frequentes sobre o RPB Z4<\/h1><\/div>\n\n\n\n<p>\u2022 <strong>Quebrei minha lente. Preciso substituir todo o sistema?<br><\/strong>N\u00e3o, o Z4 possui uma lente ADF remov\u00edvel e uma lente de impacto substitu\u00edvel que podem ser adquiridas individualmente.<\/p>\n\n\n\n<p>\u2022 <strong>\u00c0s vezes, trabalho em espa\u00e7os confinados. Posso usar o Z4?<br><\/strong>Sim, o Z4 pode ser utilizado como um respirador de ar fornecido (SAR) para trabalhar em espa\u00e7os confinados que n\u00e3o apresentam risco de ser IDLH (imediatamente perigoso \u00e0 vida ou sa\u00fade).<\/p>\n\n\n\n<p>\u2022 <strong>Quando coloco o Z4 pela primeira vez, ele n\u00e3o parece ajustar corretamente. Quais ajustes podem ser feitos?<br><\/strong>Ao usar o Z4 pela primeira vez, provavelmente ser\u00e1 necess\u00e1rio ajustar a suspens\u00e3o da cabe\u00e7a para posicionar o Z4 de forma confort\u00e1vel. Voc\u00ea pode ajustar a dist\u00e2ncia do visor e a inclina\u00e7\u00e3o do respirador, dependendo da posi\u00e7\u00e3o de trabalho durante a soldagem. As al\u00e7as no topo da cabe\u00e7a podem ser afrouxadas ou apertadas para elevar ou baixar a altura em que o respirador se apoia na cabe\u00e7a. Assista ao nosso v\u00eddeo tutorial para mais orienta\u00e7\u00f5es sobre como ajustar seu respirador para um encaixe confort\u00e1vel.<\/p>\n\n\n\n<div class=\"wp-block-uagb-separator uagb-block-5864a1bf\"><div class=\"uagb-separator-spacing-wrapper\"><div class=\"wp-block-uagb-separator__inner\" style=\"--my-background-image:\"><\/div><\/div><\/div>\n\n\n\n<div class=\"wp-block-uagb-container uagb-block-19f49d19 alignfull uagb-is-root-container\"><div class=\"uagb-container-inner-blocks-wrap\">\n<div class=\"wp-block-uagb-container uagb-block-03aed750\">\n<div class=\"wp-block-uagb-advanced-heading uagb-block-eb7cbbc5\"><h1 class=\"uagb-heading-text\">Saiba mais<\/h1><p class=\"uagb-desc-text\">Para mais informa\u00e7\u00f5es sobre o Z4, visite a p\u00e1gina do produto ou baixe a documenta\u00e7\u00e3o do produto, incluindo manuais e certificados de aprova\u00e7\u00e3o, na p\u00e1gina de recursos.<\/p><\/div>\n\n\n\n<div class=\"wp-block-uagb-container uagb-block-b5e5dd3a\">\n<div class=\"wp-block-columns is-layout-flex wp-container-core-columns-is-layout-28f84493 wp-block-columns-is-layout-flex\">\n<div class=\"wp-block-column is-layout-flow wp-block-column-is-layout-flow\"><div\n\t\tclass=\"free align wp-block-btn-button\"\tid='btnButton-1'\n\tdata-nonce='&quot;2e29cef777&quot;'\n\tdata-attributes='{&quot;cPostId&quot;:738,&quot;text&quot;:&quot;Visualizar p\\u00e1gina do produto Z4&quot;,&quot;url&quot;:&quot;https:\\\/\\\/www.gvs.com.br\\\/safety\\\/produtos-ajuste-solto-gvs-z4-respirador-para-solda\\\/&quot;,&quot;icon&quot;:{&quot;class&quot;:&quot;&quot;},&quot;isFullWidth&quot;:true,&quot;typography&quot;:{&quot;fontSize&quot;:16,&quot;fontWeight&quot;:600,&quot;textDecoration&quot;:&quot;none&quot;},&quot;colors&quot;:{&quot;color&quot;:&quot;#fff&quot;,&quot;bg&quot;:&quot;var(--ast-global-color-0)&quot;},&quot;hovColors&quot;:{&quot;color&quot;:&quot;#fff&quot;,&quot;bg&quot;:&quot;var(--ast-global-color-1)&quot;},&quot;align&quot;:&quot;&quot;,&quot;actionType&quot;:&quot;link&quot;,&quot;security&quot;:&quot;none&quot;,&quot;securityPassword&quot;:&quot;&quot;,&quot;tooltip&quot;:&quot;&quot;,&quot;tooltipPos&quot;:&quot;top&quot;,&quot;target&quot;:&quot;_self&quot;,&quot;attrs&quot;:{&quot;rel&quot;:&quot;noreferrer&quot;,&quot;referrerpolicy&quot;:&quot;no-referrer&quot;},&quot;hideOn&quot;:{&quot;desktop&quot;:false,&quot;tablet&quot;:false,&quot;mobile&quot;:false},&quot;isDownload&quot;:false,&quot;downloadFileName&quot;:&quot;&quot;,&quot;isUpIcon&quot;:false,&quot;upIcon&quot;:{&quot;id&quot;:null,&quot;url&quot;:&quot;&quot;,&quot;alt&quot;:&quot;&quot;,&quot;title&quot;:&quot;&quot;},&quot;iconPos&quot;:&quot;left&quot;,&quot;type&quot;:&quot;flat&quot;,&quot;size&quot;:&quot;medium&quot;,&quot;popup&quot;:{&quot;type&quot;:&quot;image&quot;,&quot;content&quot;:&quot;&quot;,&quot;caption&quot;:&quot;&quot;,&quot;width&quot;:&quot;&quot;},&quot;animationType&quot;:&quot;&quot;,&quot;animationDuration&quot;:0.40000000000000002220446049250313080847263336181640625,&quot;addID&quot;:&quot;&quot;,&quot;addCSS&quot;:&quot;&quot;,&quot;alignment&quot;:&quot;center&quot;,&quot;padding&quot;:{&quot;vertical&quot;:&quot;12px&quot;,&quot;horizontal&quot;:&quot;24px&quot;},&quot;border&quot;:{&quot;radius&quot;:&quot;5px&quot;},&quot;shadow&quot;:[]}'\n\tdata-info='{&quot;userRoles&quot;:[],&quot;loginURL&quot;:&quot;https:\\\/\\\/www.gvs.com.br\\\/safety\\\/wp-login.php&quot;}'\n><\/div><\/div>\n\n\n\n<div class=\"wp-block-column is-layout-flow wp-block-column-is-layout-flow\"><div\n\t\tclass=\"free align wp-block-btn-button\"\tid='btnButton-2'\n\tdata-nonce='&quot;2e29cef777&quot;'\n\tdata-attributes='{&quot;cPostId&quot;:738,&quot;text&quot;:&quot;Visualizar documentos do produto&quot;,&quot;url&quot;:&quot;https:\\\/\\\/www.gvs.com.br\\\/safety\\\/wp-content\\\/uploads\\\/2025\\\/02\\\/Z4-Folha-de-Dados-Tecnicos_PT-R9.pdf&quot;,&quot;target&quot;:&quot;_blank&quot;,&quot;icon&quot;:{&quot;class&quot;:&quot;&quot;},&quot;colors&quot;:{&quot;color&quot;:&quot;#fff&quot;,&quot;bg&quot;:&quot;var(--ast-global-color-0)&quot;},&quot;hovColors&quot;:{&quot;color&quot;:&quot;#fff&quot;,&quot;bg&quot;:&quot;var(--ast-global-color-1)&quot;},&quot;align&quot;:&quot;&quot;,&quot;actionType&quot;:&quot;link&quot;,&quot;security&quot;:&quot;none&quot;,&quot;securityPassword&quot;:&quot;&quot;,&quot;tooltip&quot;:&quot;&quot;,&quot;tooltipPos&quot;:&quot;top&quot;,&quot;attrs&quot;:{&quot;rel&quot;:&quot;noreferrer&quot;,&quot;referrerpolicy&quot;:&quot;no-referrer&quot;},&quot;hideOn&quot;:{&quot;desktop&quot;:false,&quot;tablet&quot;:false,&quot;mobile&quot;:false},&quot;isDownload&quot;:false,&quot;downloadFileName&quot;:&quot;&quot;,&quot;isUpIcon&quot;:false,&quot;upIcon&quot;:{&quot;id&quot;:null,&quot;url&quot;:&quot;&quot;,&quot;alt&quot;:&quot;&quot;,&quot;title&quot;:&quot;&quot;},&quot;iconPos&quot;:&quot;left&quot;,&quot;type&quot;:&quot;flat&quot;,&quot;isFullWidth&quot;:false,&quot;size&quot;:&quot;medium&quot;,&quot;popup&quot;:{&quot;type&quot;:&quot;image&quot;,&quot;content&quot;:&quot;&quot;,&quot;caption&quot;:&quot;&quot;,&quot;width&quot;:&quot;&quot;},&quot;animationType&quot;:&quot;&quot;,&quot;animationDuration&quot;:0.40000000000000002220446049250313080847263336181640625,&quot;addID&quot;:&quot;&quot;,&quot;addCSS&quot;:&quot;&quot;,&quot;alignment&quot;:&quot;center&quot;,&quot;typography&quot;:{&quot;fontSize&quot;:{&quot;desktop&quot;:&quot;16px&quot;},&quot;fontWeight&quot;:600,&quot;textDecoration&quot;:&quot;none&quot;},&quot;padding&quot;:{&quot;vertical&quot;:&quot;12px&quot;,&quot;horizontal&quot;:&quot;24px&quot;},&quot;border&quot;:{&quot;radius&quot;:&quot;5px&quot;},&quot;shadow&quot;:[]}'\n\tdata-info='{&quot;userRoles&quot;:[],&quot;loginURL&quot;:&quot;https:\\\/\\\/www.gvs.com.br\\\/safety\\\/wp-login.php&quot;}'\n><\/div><\/div>\n<\/div>\n<\/div>\n<\/div>\n\n\n\n<div class=\"wp-block-uagb-container uagb-block-75813c31\">\n<div class=\"wp-block-uagb-image uagb-block-6557fd35 wp-block-uagb-image--layout-default wp-block-uagb-image--effect-static wp-block-uagb-image--align-none\"><figure class=\"wp-block-uagb-image__figure\"><img decoding=\"async\"  sizes=\"auto, (max-width: 480px) 150px\" src=\"https:\/\/www.gvs.com.br\/safety\/wp-content\/uploads\/2025\/02\/Z4tutorias-BLOCO-4-1024x664.jpg\" alt=\"\" width=\"1024\" height=\"664\" title=\"Z4tutorias BLOCO 4\" loading=\"lazy\" role=\"img\"\/><\/figure><\/div>\n<\/div>\n<\/div><\/div>\n\n\n\n<div class=\"wp-block-uagb-container uagb-block-7bf586ad alignfull uagb-is-root-container\"><div class=\"uagb-container-inner-blocks-wrap\">\n<div class=\"wp-block-uagb-container uagb-block-d0e228dd\">\n<div class=\"wp-block-uagb-advanced-heading uagb-block-c927643f\"><h2 class=\"uagb-heading-text\">Acreditamos em retribuir.<\/h2><\/div>\n\n\n\n<p class=\"has-text-align-justify has-white-color has-text-color has-link-color wp-elements-5531064e6534821866c8d3fdfe18f7b1\">Al\u00e9m de proteger as pessoas para os melhores momentos da vida, tamb\u00e9m tentamos ajudar nos momentos dif\u00edceis. Por meio de diversas iniciativas, buscamos aumentar a conscientiza\u00e7\u00e3o sobre quest\u00f5es humanit\u00e1rias em diversos setores e comunidades.<\/p>\n<\/div>\n\n\n\n<div class=\"wp-block-uagb-container uagb-block-01502223\"><\/div>\n<\/div><\/div>\n\n\n\n<p><\/p>\n","protected":false},"excerpt":{"rendered":"<p>Como configurar e usar o seu respirador Z4 Tudo o que voc\u00ea precisa saber sobre como configurar e manter o [&hellip;]<\/p>\n","protected":false},"author":2,"featured_media":0,"parent":0,"menu_order":0,"comment_status":"closed","ping_status":"closed","template":"","meta":{"_uag_custom_page_level_css":"","site-sidebar-layout":"default","site-content-layout":"","ast-site-content-layout":"","site-content-style":"default","site-sidebar-style":"default","ast-global-header-display":"","ast-banner-title-visibility":"","ast-main-header-display":"","ast-hfb-above-header-display":"","ast-hfb-below-header-display":"","ast-hfb-mobile-header-display":"","site-post-title":"disabled","ast-breadcrumbs-content":"","ast-featured-img":"","footer-sml-layout":"","ast-disable-related-posts":"","theme-transparent-header-meta":"","adv-header-id-meta":"","stick-header-meta":"","header-above-stick-meta":"","header-main-stick-meta":"","header-below-stick-meta":"","astra-migrate-meta-layouts":"default","ast-page-background-enabled":"default","ast-page-background-meta":{"desktop":{"background-color":"var(--ast-global-color-4)","background-image":"","background-repeat":"repeat","background-position":"center center","background-size":"auto","background-attachment":"scroll","background-type":"","background-media":"","overlay-type":"","overlay-color":"","overlay-opacity":"","overlay-gradient":""},"tablet":{"background-color":"","background-image":"","background-repeat":"repeat","background-position":"center center","background-size":"auto","background-attachment":"scroll","background-type":"","background-media":"","overlay-type":"","overlay-color":"","overlay-opacity":"","overlay-gradient":""},"mobile":{"background-color":"","background-image":"","background-repeat":"repeat","background-position":"center center","background-size":"auto","background-attachment":"scroll","background-type":"","background-media":"","overlay-type":"","overlay-color":"","overlay-opacity":"","overlay-gradient":""}},"ast-content-background-meta":{"desktop":{"background-color":"var(--ast-global-color-5)","background-image":"","background-repeat":"repeat","background-position":"center center","background-size":"auto","background-attachment":"scroll","background-type":"","background-media":"","overlay-type":"","overlay-color":"","overlay-opacity":"","overlay-gradient":""},"tablet":{"background-color":"var(--ast-global-color-5)","background-image":"","background-repeat":"repeat","background-position":"center center","background-size":"auto","background-attachment":"scroll","background-type":"","background-media":"","overlay-type":"","overlay-color":"","overlay-opacity":"","overlay-gradient":""},"mobile":{"background-color":"var(--ast-global-color-5)","background-image":"","background-repeat":"repeat","background-position":"center center","background-size":"auto","background-attachment":"scroll","background-type":"","background-media":"","overlay-type":"","overlay-color":"","overlay-opacity":"","overlay-gradient":""}},"footnotes":""},"class_list":["post-738","page","type-page","status-publish","hentry"],"yoast_head":"<!-- This site is optimized with the Yoast SEO plugin v27.2 - https:\/\/yoast.com\/product\/yoast-seo-wordpress\/ -->\n<title>Produtos - Ajuste Solto - GVS Z4\u00ae Tutoriais - Safety<\/title>\n<meta name=\"robots\" content=\"index, follow, max-snippet:-1, max-image-preview:large, max-video-preview:-1\" \/>\n<link rel=\"canonical\" href=\"https:\/\/www.gvs.com.br\/safety\/produtos-ajuste-solto-gvs-z4-tutoriais\/\" \/>\n<meta property=\"og:locale\" content=\"pt_BR\" \/>\n<meta property=\"og:type\" content=\"article\" \/>\n<meta property=\"og:title\" content=\"Produtos - Ajuste Solto - GVS Z4\u00ae Tutoriais - Safety\" \/>\n<meta property=\"og:description\" content=\"Como configurar e usar o seu respirador Z4 Tudo o que voc\u00ea precisa saber sobre como configurar e manter o [&hellip;]\" \/>\n<meta property=\"og:url\" content=\"https:\/\/www.gvs.com.br\/safety\/produtos-ajuste-solto-gvs-z4-tutoriais\/\" \/>\n<meta property=\"og:site_name\" content=\"Safety\" \/>\n<meta property=\"article:modified_time\" content=\"2025-08-18T18:27:26+00:00\" \/>\n<meta property=\"og:image\" content=\"https:\/\/www.gvs.com.br\/safety\/wp-content\/uploads\/2025\/02\/Z4tutorias-BLOCO-4-1024x664.jpg\" \/>\n<meta name=\"twitter:card\" content=\"summary_large_image\" \/>\n<meta name=\"twitter:label1\" content=\"Est. tempo de leitura\" \/>\n\t<meta name=\"twitter:data1\" content=\"3 minutos\" \/>\n<script type=\"application\/ld+json\" class=\"yoast-schema-graph\">{\"@context\":\"https:\/\/schema.org\",\"@graph\":[{\"@type\":\"WebPage\",\"@id\":\"https:\/\/www.gvs.com.br\/safety\/produtos-ajuste-solto-gvs-z4-tutoriais\/\",\"url\":\"https:\/\/www.gvs.com.br\/safety\/produtos-ajuste-solto-gvs-z4-tutoriais\/\",\"name\":\"Produtos - Ajuste Solto - GVS Z4\u00ae Tutoriais - Safety\",\"isPartOf\":{\"@id\":\"https:\/\/www.gvs.com.br\/safety\/#website\"},\"primaryImageOfPage\":{\"@id\":\"https:\/\/www.gvs.com.br\/safety\/produtos-ajuste-solto-gvs-z4-tutoriais\/#primaryimage\"},\"image\":{\"@id\":\"https:\/\/www.gvs.com.br\/safety\/produtos-ajuste-solto-gvs-z4-tutoriais\/#primaryimage\"},\"thumbnailUrl\":\"https:\/\/www.gvs.com.br\/safety\/wp-content\/uploads\/2025\/02\/Z4tutorias-BLOCO-4-1024x664.jpg\",\"datePublished\":\"2025-02-14T18:17:48+00:00\",\"dateModified\":\"2025-08-18T18:27:26+00:00\",\"breadcrumb\":{\"@id\":\"https:\/\/www.gvs.com.br\/safety\/produtos-ajuste-solto-gvs-z4-tutoriais\/#breadcrumb\"},\"inLanguage\":\"pt-BR\",\"potentialAction\":[{\"@type\":\"ReadAction\",\"target\":[\"https:\/\/www.gvs.com.br\/safety\/produtos-ajuste-solto-gvs-z4-tutoriais\/\"]}]},{\"@type\":\"ImageObject\",\"inLanguage\":\"pt-BR\",\"@id\":\"https:\/\/www.gvs.com.br\/safety\/produtos-ajuste-solto-gvs-z4-tutoriais\/#primaryimage\",\"url\":\"https:\/\/www.gvs.com.br\/safety\/wp-content\/uploads\/2025\/02\/Z4tutorias-BLOCO-4.jpg\",\"contentUrl\":\"https:\/\/www.gvs.com.br\/safety\/wp-content\/uploads\/2025\/02\/Z4tutorias-BLOCO-4.jpg\",\"width\":1080,\"height\":700},{\"@type\":\"BreadcrumbList\",\"@id\":\"https:\/\/www.gvs.com.br\/safety\/produtos-ajuste-solto-gvs-z4-tutoriais\/#breadcrumb\",\"itemListElement\":[{\"@type\":\"ListItem\",\"position\":1,\"name\":\"In\u00edcio\",\"item\":\"https:\/\/www.gvs.com.br\/safety\/\"},{\"@type\":\"ListItem\",\"position\":2,\"name\":\"Produtos &#8211; Ajuste Solto &#8211; GVS Z4\u00ae Tutoriais\"}]},{\"@type\":\"WebSite\",\"@id\":\"https:\/\/www.gvs.com.br\/safety\/#website\",\"url\":\"https:\/\/www.gvs.com.br\/safety\/\",\"name\":\"Safety\",\"description\":\"\",\"publisher\":{\"@id\":\"https:\/\/www.gvs.com.br\/safety\/#organization\"},\"potentialAction\":[{\"@type\":\"SearchAction\",\"target\":{\"@type\":\"EntryPoint\",\"urlTemplate\":\"https:\/\/www.gvs.com.br\/safety\/?s={search_term_string}\"},\"query-input\":{\"@type\":\"PropertyValueSpecification\",\"valueRequired\":true,\"valueName\":\"search_term_string\"}}],\"inLanguage\":\"pt-BR\"},{\"@type\":\"Organization\",\"@id\":\"https:\/\/www.gvs.com.br\/safety\/#organization\",\"name\":\"Safety\",\"url\":\"https:\/\/www.gvs.com.br\/safety\/\",\"logo\":{\"@type\":\"ImageObject\",\"inLanguage\":\"pt-BR\",\"@id\":\"https:\/\/www.gvs.com.br\/safety\/#\/schema\/logo\/image\/\",\"url\":\"https:\/\/www.gvs.com.br\/safety\/wp-content\/uploads\/2024\/12\/Logo-GVS-Safety.png\",\"contentUrl\":\"https:\/\/www.gvs.com.br\/safety\/wp-content\/uploads\/2024\/12\/Logo-GVS-Safety.png\",\"width\":1920,\"height\":1080,\"caption\":\"Safety\"},\"image\":{\"@id\":\"https:\/\/www.gvs.com.br\/safety\/#\/schema\/logo\/image\/\"}}]}<\/script>\n<!-- \/ Yoast SEO plugin. -->","yoast_head_json":{"title":"Produtos - Ajuste Solto - GVS Z4\u00ae Tutoriais - Safety","robots":{"index":"index","follow":"follow","max-snippet":"max-snippet:-1","max-image-preview":"max-image-preview:large","max-video-preview":"max-video-preview:-1"},"canonical":"https:\/\/www.gvs.com.br\/safety\/produtos-ajuste-solto-gvs-z4-tutoriais\/","og_locale":"pt_BR","og_type":"article","og_title":"Produtos - Ajuste Solto - GVS Z4\u00ae Tutoriais - Safety","og_description":"Como configurar e usar o seu respirador Z4 Tudo o que voc\u00ea precisa saber sobre como configurar e manter o [&hellip;]","og_url":"https:\/\/www.gvs.com.br\/safety\/produtos-ajuste-solto-gvs-z4-tutoriais\/","og_site_name":"Safety","article_modified_time":"2025-08-18T18:27:26+00:00","og_image":[{"url":"https:\/\/www.gvs.com.br\/safety\/wp-content\/uploads\/2025\/02\/Z4tutorias-BLOCO-4-1024x664.jpg","type":"","width":"","height":""}],"twitter_card":"summary_large_image","twitter_misc":{"Est. tempo de leitura":"3 minutos"},"schema":{"@context":"https:\/\/schema.org","@graph":[{"@type":"WebPage","@id":"https:\/\/www.gvs.com.br\/safety\/produtos-ajuste-solto-gvs-z4-tutoriais\/","url":"https:\/\/www.gvs.com.br\/safety\/produtos-ajuste-solto-gvs-z4-tutoriais\/","name":"Produtos - Ajuste Solto - GVS Z4\u00ae Tutoriais - Safety","isPartOf":{"@id":"https:\/\/www.gvs.com.br\/safety\/#website"},"primaryImageOfPage":{"@id":"https:\/\/www.gvs.com.br\/safety\/produtos-ajuste-solto-gvs-z4-tutoriais\/#primaryimage"},"image":{"@id":"https:\/\/www.gvs.com.br\/safety\/produtos-ajuste-solto-gvs-z4-tutoriais\/#primaryimage"},"thumbnailUrl":"https:\/\/www.gvs.com.br\/safety\/wp-content\/uploads\/2025\/02\/Z4tutorias-BLOCO-4-1024x664.jpg","datePublished":"2025-02-14T18:17:48+00:00","dateModified":"2025-08-18T18:27:26+00:00","breadcrumb":{"@id":"https:\/\/www.gvs.com.br\/safety\/produtos-ajuste-solto-gvs-z4-tutoriais\/#breadcrumb"},"inLanguage":"pt-BR","potentialAction":[{"@type":"ReadAction","target":["https:\/\/www.gvs.com.br\/safety\/produtos-ajuste-solto-gvs-z4-tutoriais\/"]}]},{"@type":"ImageObject","inLanguage":"pt-BR","@id":"https:\/\/www.gvs.com.br\/safety\/produtos-ajuste-solto-gvs-z4-tutoriais\/#primaryimage","url":"https:\/\/www.gvs.com.br\/safety\/wp-content\/uploads\/2025\/02\/Z4tutorias-BLOCO-4.jpg","contentUrl":"https:\/\/www.gvs.com.br\/safety\/wp-content\/uploads\/2025\/02\/Z4tutorias-BLOCO-4.jpg","width":1080,"height":700},{"@type":"BreadcrumbList","@id":"https:\/\/www.gvs.com.br\/safety\/produtos-ajuste-solto-gvs-z4-tutoriais\/#breadcrumb","itemListElement":[{"@type":"ListItem","position":1,"name":"In\u00edcio","item":"https:\/\/www.gvs.com.br\/safety\/"},{"@type":"ListItem","position":2,"name":"Produtos &#8211; Ajuste Solto &#8211; GVS Z4\u00ae Tutoriais"}]},{"@type":"WebSite","@id":"https:\/\/www.gvs.com.br\/safety\/#website","url":"https:\/\/www.gvs.com.br\/safety\/","name":"Safety","description":"","publisher":{"@id":"https:\/\/www.gvs.com.br\/safety\/#organization"},"potentialAction":[{"@type":"SearchAction","target":{"@type":"EntryPoint","urlTemplate":"https:\/\/www.gvs.com.br\/safety\/?s={search_term_string}"},"query-input":{"@type":"PropertyValueSpecification","valueRequired":true,"valueName":"search_term_string"}}],"inLanguage":"pt-BR"},{"@type":"Organization","@id":"https:\/\/www.gvs.com.br\/safety\/#organization","name":"Safety","url":"https:\/\/www.gvs.com.br\/safety\/","logo":{"@type":"ImageObject","inLanguage":"pt-BR","@id":"https:\/\/www.gvs.com.br\/safety\/#\/schema\/logo\/image\/","url":"https:\/\/www.gvs.com.br\/safety\/wp-content\/uploads\/2024\/12\/Logo-GVS-Safety.png","contentUrl":"https:\/\/www.gvs.com.br\/safety\/wp-content\/uploads\/2024\/12\/Logo-GVS-Safety.png","width":1920,"height":1080,"caption":"Safety"},"image":{"@id":"https:\/\/www.gvs.com.br\/safety\/#\/schema\/logo\/image\/"}}]}},"uagb_featured_image_src":{"full":false,"thumbnail":false,"medium":false,"medium_large":false,"large":false,"1536x1536":false,"2048x2048":false},"uagb_author_info":{"display_name":"admin-gvs","author_link":"https:\/\/www.gvs.com.br\/safety\/author\/admin-gvs\/"},"uagb_comment_info":0,"uagb_excerpt":"Como configurar e usar o seu respirador Z4 Tudo o que voc\u00ea precisa saber sobre como configurar e manter o [&hellip;]","_links":{"self":[{"href":"https:\/\/www.gvs.com.br\/safety\/wp-json\/wp\/v2\/pages\/738","targetHints":{"allow":["GET"]}}],"collection":[{"href":"https:\/\/www.gvs.com.br\/safety\/wp-json\/wp\/v2\/pages"}],"about":[{"href":"https:\/\/www.gvs.com.br\/safety\/wp-json\/wp\/v2\/types\/page"}],"author":[{"embeddable":true,"href":"https:\/\/www.gvs.com.br\/safety\/wp-json\/wp\/v2\/users\/2"}],"replies":[{"embeddable":true,"href":"https:\/\/www.gvs.com.br\/safety\/wp-json\/wp\/v2\/comments?post=738"}],"version-history":[{"count":8,"href":"https:\/\/www.gvs.com.br\/safety\/wp-json\/wp\/v2\/pages\/738\/revisions"}],"predecessor-version":[{"id":2648,"href":"https:\/\/www.gvs.com.br\/safety\/wp-json\/wp\/v2\/pages\/738\/revisions\/2648"}],"wp:attachment":[{"href":"https:\/\/www.gvs.com.br\/safety\/wp-json\/wp\/v2\/media?parent=738"}],"curies":[{"name":"wp","href":"https:\/\/api.w.org\/{rel}","templated":true}]}}