{"id":659,"date":"2025-02-13T21:07:35","date_gmt":"2025-02-13T21:07:35","guid":{"rendered":"https:\/\/prihdesigner.com.br\/Health-Safety\/?page_id=659"},"modified":"2026-02-13T18:32:05","modified_gmt":"2026-02-13T18:32:05","slug":"produtos-ajuste-solto","status":"publish","type":"page","link":"https:\/\/www.gvs.com.br\/safety\/produtos-ajuste-solto\/","title":{"rendered":"Produtos &#8211; Ajuste Solto"},"content":{"rendered":"\n<div class=\"wp-block-uagb-container uagb-block-fdf8c6db alignfull uagb-is-root-container\"><div class=\"uagb-container-inner-blocks-wrap\">\n<div class=\"wp-block-uagb-container uagb-block-adf4623d\">\n<div class=\"wp-block-uagb-advanced-heading uagb-block-253a57c8\"><h1 class=\"uagb-heading-text\">Ajuste Solto<br>Prote\u00e7\u00e3o Respirat\u00f3ria<\/h1><div class=\"uagb-separator\"><\/div><p class=\"uagb-desc-text\">Nossa linha de respiradores de ajuste solto oferece solu\u00e7\u00f5es de EPI de alto desempenho, leves e compactas. Com uma ampla variedade de op\u00e7\u00f5es de filtros dispon\u00edveis, garanta sua prote\u00e7\u00e3o, independentemente da sua aplica\u00e7\u00e3o.<\/p><\/div>\n<\/div>\n\n\n\n<div class=\"wp-block-uagb-container uagb-block-6615bb17\"><\/div>\n<\/div><\/div>\n\n\n\n<div class=\"wp-block-uagb-separator uagb-block-92fb9a0b\"><div class=\"uagb-separator-spacing-wrapper\"><div class=\"wp-block-uagb-separator__inner\" style=\"--my-background-image:\"><\/div><\/div><\/div>\n\n\n<div class=\"n2_clear\"><ss3-force-full-width data-overflow-x=\"body\" data-horizontal-selector=\"body\"><div class=\"n2-section-smartslider fitvidsignore  n2_clear\" data-ssid=\"8\" tabindex=\"0\" role=\"region\" aria-label=\"Slider\"><div id=\"n2-ss-8-align\" class=\"n2-ss-align\"><div class=\"n2-padding\"><div id=\"n2-ss-8\" data-creator=\"Smart Slider 3\" data-responsive=\"fullwidth\" class=\"n2-ss-slider n2-ow n2-has-hover n2notransition  \">\n        <div class=\"n2-ss-slider-1 n2-ow\">\n            <div class=\"n2-ss-slider-2 n2-ow\">\n                <div class=\"n2-ss-slide-backgrounds n2-ow-all\"><div class=\"n2-ss-slide-background\" data-public-id=\"1\" data-mode=\"fill\"><div data-color=\"RGBA(255,255,255,0)\" style=\"background-color: RGBA(255,255,255,0);\" class=\"n2-ss-slide-background-color\"><\/div><\/div><\/div>                <div class=\"n2-ss-slider-3 n2-ow\">\n                    <svg xmlns=\"http:\/\/www.w3.org\/2000\/svg\" viewBox=\"0 0 1200 600\" data-related-device=\"desktopPortrait\" class=\"n2-ow n2-ss-preserve-size n2-ss-preserve-size--slider n2-ss-slide-limiter\"><\/svg><div data-first=\"1\" data-slide-duration=\"0\" data-id=\"14\" data-slide-public-id=\"1\" data-title=\"Slide\" class=\"n2-ss-slide n2-ow  n2-ss-slide-14\"><div role=\"note\" class=\"n2-ss-slide--focus\" tabindex=\"-1\">Slide<\/div><div class=\"n2-ss-layers-container n2-ss-slide-limiter n2-ow\"><div class=\"n2-ss-layer n2-ow n-uc-jKjYVU6K9zxK\" data-sstype=\"slide\" data-pm=\"default\"><div class=\"n2-ss-layer n2-ow n-uc-0ZZ4L7Oep4YN\" data-pm=\"default\" data-sstype=\"content\" data-hasbackground=\"0\"><div class=\"n2-ss-section-main-content n2-ss-layer-with-background n2-ss-layer-content n2-ow n-uc-0ZZ4L7Oep4YN-inner\"><div class=\"n2-ss-layer n2-ow n2-ss-layer--block n2-ss-has-self-align n-uc-1ce68bb5be889\" data-pm=\"normal\" data-sstype=\"row\"><div class=\"n2-ss-layer-row n2-ss-layer-with-background n-uc-1ce68bb5be889-inner\"><div class=\"n2-ss-layer-row-inner \"><div class=\"n2-ss-layer n2-ow n-uc-10eabad71d963\" data-pm=\"default\" data-href=\"https:\/\/www.gvs.com.br\/safety\/produtos-ajuste-solto-gvs-z-link\/\" tabindex=\"0\" role=\"button\" data-n2click=\"url\" data-force-pointer=\"\" data-sstype=\"col\"><div class=\"n2-ss-layer-col n2-ss-layer-with-background n2-ss-layer-content n-uc-10eabad71d963-inner\"><div class=\"n2-ss-layer n2-ow n-uc-N3O817eqap2K\" data-pm=\"normal\" data-sstype=\"layer\"><div class=\" n2-ss-item-image-content n2-ss-item-content n2-ow-all\"><img loading=\"lazy\" decoding=\"async\" id=\"n2-ss-8item1\" alt=\"\" class=\"skip-lazy\" width=\"400\" height=\"389\" data-skip-lazy=\"1\" src=\"\/\/www.gvs.com.br\/safety\/wp-content\/uploads\/2025\/02\/ZLINK.jpg\" \/><\/div><\/div><div class=\"n2-ss-layer n2-ow n-uc-fUUhlKj9OhYd\" data-pm=\"normal\" data-sstype=\"layer\"><div id=\"n2-ss-8item2\" class=\"n2-font-94430a000045cbd8eac6d19e169ae56d-hover   n2-ss-item-content n2-ss-text n2-ow\" style=\"display:block;\"> GVS Z-Link\u00ae<\/div><\/div><div class=\"n2-ss-layer n2-ow n-uc-pzasxmUH6AW9\" data-pm=\"normal\" data-sstype=\"layer\"><div class=\"n2-ss-item-content n2-ss-text n2-ow-all\"><div class=\"\"><p class=\"n2-font-591f38d3f85d2caf8a332380265a2aff-paragraph   \">O Z-Link oferece prote\u00e7\u00e3o vers\u00e1til, ideal para uso em diversas aplica\u00e7\u00f5es.<\/p>\n<\/div><\/div><\/div><\/div><\/div><div class=\"n2-ss-layer n2-ow n-uc-14f1c0ef342dc\" data-pm=\"default\" data-href=\"https:\/\/www.gvs.com.br\/safety\/produtos-ajuste-solto-gvs-z-link-respirador-para-solda\/\" tabindex=\"0\" role=\"button\" data-n2click=\"url\" data-force-pointer=\"\" data-sstype=\"col\"><div class=\"n2-ss-layer-col n2-ss-layer-with-background n2-ss-layer-content n-uc-14f1c0ef342dc-inner\"><div class=\"n2-ss-layer n2-ow n-uc-t8pjqUJblR1d\" data-pm=\"normal\" data-sstype=\"layer\"><div class=\" n2-ss-item-image-content n2-ss-item-content n2-ow-all\"><img loading=\"lazy\" decoding=\"async\" id=\"n2-ss-8item4\" alt=\"\" class=\"skip-lazy\" width=\"400\" height=\"389\" data-skip-lazy=\"1\" src=\"\/\/www.gvs.com.br\/safety\/wp-content\/uploads\/2025\/02\/ZLINK-1.jpg\" \/><\/div><\/div><div class=\"n2-ss-layer n2-ow n-uc-Oeegx1KkM66O\" data-pm=\"normal\" data-sstype=\"layer\"><div id=\"n2-ss-8item5\" class=\"n2-font-94430a000045cbd8eac6d19e169ae56d-hover   n2-ss-item-content n2-ss-text n2-ow\" style=\"display:block;\"> GVS Z-Link+\u00ae<\/div><\/div><div class=\"n2-ss-layer n2-ow n-uc-JemcZPoKGHKp\" data-pm=\"normal\" data-sstype=\"layer\"><div class=\"n2-ss-item-content n2-ss-text n2-ow-all\"><div class=\"\"><p class=\"n2-font-591f38d3f85d2caf8a332380265a2aff-paragraph   \"><b>Respirador para Solda<\/b><br \/>\nNosso respirador de solda Z-Link+ oferece conforto incompar\u00e1vel, al\u00e9m de prote\u00e7\u00e3o ocular e respirat\u00f3ria, permitindo que voc\u00ea tenha o melhor desempenho por mais tempo.<\/p>\n<\/div><\/div><\/div><\/div><\/div><div class=\"n2-ss-layer n2-ow n-uc-14ed2cf3445b9\" data-pm=\"default\" data-href=\"https:\/\/www.gvs.com.br\/safety\/produtos-ajuste-solto-gvs-z-link-radiant-heat\/\" tabindex=\"0\" role=\"button\" data-n2click=\"url\" data-force-pointer=\"\" data-sstype=\"col\"><div class=\"n2-ss-layer-col n2-ss-layer-with-background n2-ss-layer-content n-uc-14ed2cf3445b9-inner\"><div class=\"n2-ss-layer n2-ow n-uc-Jt0mUeRSJJ6x\" data-pm=\"normal\" data-sstype=\"layer\"><div class=\" n2-ss-item-image-content n2-ss-item-content n2-ow-all\"><img loading=\"lazy\" decoding=\"async\" id=\"n2-ss-8item7\" alt=\"\" class=\"skip-lazy\" width=\"400\" height=\"390\" data-skip-lazy=\"1\" src=\"\/\/www.gvs.com.br\/safety\/wp-content\/uploads\/2025\/02\/z-link-radiant-heat.png\" \/><\/div><\/div><div class=\"n2-ss-layer n2-ow n-uc-pdZOHSpfO6ez\" data-pm=\"normal\" data-sstype=\"layer\"><div id=\"n2-ss-8item8\" class=\"n2-font-94430a000045cbd8eac6d19e169ae56d-hover   n2-ss-item-content n2-ss-text n2-ow\" style=\"display:block;\"> GVS Z-Link\u00ae<br>Radiant Heat<br><\/div><\/div><div class=\"n2-ss-layer n2-ow n-uc-kpJ3u88LI1TM\" data-pm=\"normal\" data-sstype=\"layer\"><div class=\"n2-ss-item-content n2-ss-text n2-ow-all\"><div class=\"\"><p class=\"n2-font-591f38d3f85d2caf8a332380265a2aff-paragraph   \">Oferecendo conforto real e prote\u00e7\u00e3o em ambientes de altas temperaturas.<\/p>\n<\/div><\/div><\/div><\/div><\/div><div class=\"n2-ss-layer n2-ow n-uc-198fd0a8c0288\" data-pm=\"default\" data-href=\"https:\/\/www.gvs.com.br\/safety\/produtos-ajuste-solto-gvs-z4-respirador-para-solda\/\" tabindex=\"0\" role=\"button\" data-n2click=\"url\" data-force-pointer=\"\" data-sstype=\"col\"><div class=\"n2-ss-layer-col n2-ss-layer-with-background n2-ss-layer-content n-uc-198fd0a8c0288-inner\"><div class=\"n2-ss-layer n2-ow n-uc-6T6oh30aTBQF\" data-pm=\"normal\" data-sstype=\"layer\"><div class=\" n2-ss-item-image-content n2-ss-item-content n2-ow-all\"><img loading=\"lazy\" decoding=\"async\" id=\"n2-ss-8item10\" alt=\"\" class=\"skip-lazy\" width=\"400\" height=\"389\" data-skip-lazy=\"1\" src=\"\/\/www.gvs.com.br\/safety\/wp-content\/uploads\/2025\/02\/Z4.jpg\" \/><\/div><\/div><div class=\"n2-ss-layer n2-ow n-uc-LA0PN2wOoPjM\" data-pm=\"normal\" data-sstype=\"layer\"><div id=\"n2-ss-8item11\" class=\"n2-font-94430a000045cbd8eac6d19e169ae56d-hover   n2-ss-item-content n2-ss-text n2-ow\" style=\"display:block;\"> GVS Z4\u00ae <\/div><\/div><div class=\"n2-ss-layer n2-ow n-uc-t6SitivJLJfn\" data-pm=\"normal\" data-sstype=\"layer\"><div class=\"n2-ss-item-content n2-ss-text n2-ow-all\"><div class=\"\"><p class=\"n2-font-591f38d3f85d2caf8a332380265a2aff-paragraph   \"><b>Respirador para Solda<br \/>\n<\/b>Com conforto e durabilidade como nossas principais prioridades, criamos um respirador leve e ergon\u00f4mico, projetado para suportar as exig\u00eancias das opera\u00e7\u00f5es de soldagem mais intensas.<\/p>\n<\/div><\/div><\/div><\/div><\/div><\/div><\/div><\/div><div class=\"n2-ss-layer n2-ow n2-ss-layer--block n2-ss-has-self-align n-uc-19083f12500f4\" data-pm=\"normal\" data-sstype=\"row\"><div class=\"n2-ss-layer-row n2-ss-layer-with-background n-uc-19083f12500f4-inner\"><div class=\"n2-ss-layer-row-inner \"><div class=\"n2-ss-layer n2-ow n-uc-19f700a441ef1\" data-pm=\"default\" data-href=\"https:\/\/www.gvs.com.br\/safety\/produtos-ajuste-solto-gvs-nova-3\/\" tabindex=\"0\" role=\"button\" data-n2click=\"url\" data-force-pointer=\"\" data-sstype=\"col\"><div class=\"n2-ss-layer-col n2-ss-layer-with-background n2-ss-layer-content n-uc-19f700a441ef1-inner\"><div class=\"n2-ss-layer n2-ow n-uc-obIHxiPCHgBN\" data-pm=\"normal\" data-sstype=\"layer\"><div class=\" n2-ss-item-image-content n2-ss-item-content n2-ow-all\"><img loading=\"lazy\" decoding=\"async\" id=\"n2-ss-8item13\" alt=\"\" class=\"skip-lazy\" width=\"400\" height=\"389\" data-skip-lazy=\"1\" src=\"\/\/www.gvs.com.br\/safety\/wp-content\/uploads\/2025\/02\/BLOCO4.png\" \/><\/div><\/div><div class=\"n2-ss-layer n2-ow n-uc-LrIlzlmjyRFZ\" data-pm=\"normal\" data-sstype=\"layer\"><div id=\"n2-ss-8item14\" class=\"n2-font-94430a000045cbd8eac6d19e169ae56d-hover   n2-ss-item-content n2-ss-text n2-ow\" style=\"display:block;\"> GVS Nova 3\u00ae<\/div><\/div><div class=\"n2-ss-layer n2-ow n-uc-cJgSgsFZtO8a\" data-pm=\"normal\" data-sstype=\"layer\"><div class=\"n2-ss-item-content n2-ss-text n2-ow-all\"><div class=\"\"><p class=\"n2-font-591f38d3f85d2caf8a332380265a2aff-paragraph   \">O Nova 3 revoluciona completamente a experi\u00eancia de jateamento abrasivo com o respirador de jateamento mais confort\u00e1vel do mundo. <\/p>\n<\/div><\/div><\/div><\/div><\/div><div class=\"n2-ss-layer n2-ow n-uc-16483bd53d782\" data-pm=\"default\" data-href=\"https:\/\/www.gvs.com.br\/safety\/produtos-ajuste-solto-gvs-t-link\/\" tabindex=\"0\" role=\"button\" data-n2click=\"url\" data-force-pointer=\"\" data-sstype=\"col\"><div class=\"n2-ss-layer-col n2-ss-layer-with-background n2-ss-layer-content n-uc-16483bd53d782-inner\"><div class=\"n2-ss-layer n2-ow n-uc-7lcZTgYkEVJ7\" data-pm=\"normal\" data-sstype=\"layer\"><div class=\" n2-ss-item-image-content n2-ss-item-content n2-ow-all\"><img loading=\"lazy\" decoding=\"async\" id=\"n2-ss-8item16\" alt=\"\" class=\"skip-lazy\" width=\"400\" height=\"389\" data-skip-lazy=\"1\" src=\"\/\/www.gvs.com.br\/safety\/wp-content\/uploads\/2025\/02\/TLINK-2.png\" \/><\/div><\/div><div class=\"n2-ss-layer n2-ow n-uc-QqwfCjBi48gY\" data-pm=\"normal\" data-sstype=\"layer\"><div id=\"n2-ss-8item17\" class=\"n2-font-94430a000045cbd8eac6d19e169ae56d-hover   n2-ss-item-content n2-ss-text n2-ow\" style=\"display:block;\"> GVS T-Link\u00ae<\/div><\/div><div class=\"n2-ss-layer n2-ow n-uc-3USC0W4HQMs3\" data-pm=\"normal\" data-sstype=\"layer\"><div class=\"n2-ss-item-content n2-ss-text n2-ow-all\"><div class=\"\"><p class=\"n2-font-591f38d3f85d2caf8a332380265a2aff-paragraph   \">O T-Link oferece prote\u00e7\u00e3o respirat\u00f3ria, ocular e cut\u00e2nea de alta qualidade em um pacote leve.<\/p>\n<\/div><\/div><\/div><\/div><\/div><div class=\"n2-ss-layer n2-ow n-uc-16c0c655c1ef4\" data-pm=\"default\" data-href=\"https:\/\/www.gvs.com.br\/safety\/produtos-ajuste-solto-gvs-t200-respirador\/\" tabindex=\"0\" role=\"button\" data-n2click=\"url\" data-force-pointer=\"\" data-sstype=\"col\"><div class=\"n2-ss-layer-col n2-ss-layer-with-background n2-ss-layer-content n-uc-16c0c655c1ef4-inner\"><div class=\"n2-ss-layer n2-ow n-uc-k6777XFlon6H\" data-pm=\"normal\" data-sstype=\"layer\"><div class=\" n2-ss-item-image-content n2-ss-item-content n2-ow-all\"><img loading=\"lazy\" decoding=\"async\" id=\"n2-ss-8item19\" alt=\"\" class=\"skip-lazy\" width=\"400\" height=\"389\" data-skip-lazy=\"1\" src=\"\/\/www.gvs.com.br\/safety\/wp-content\/uploads\/2025\/05\/T200-2.png\" \/><\/div><\/div><div class=\"n2-ss-layer n2-ow n-uc-07YkYdgTZaup\" data-pm=\"normal\" data-sstype=\"layer\"><div id=\"n2-ss-8item20\" class=\"n2-font-94430a000045cbd8eac6d19e169ae56d-hover   n2-ss-item-content n2-ss-text n2-ow\" style=\"display:block;\"> GVS T200\u2122 <\/div><\/div><div class=\"n2-ss-layer n2-ow n-uc-3qoEdw2o96qG\" data-pm=\"normal\" data-sstype=\"layer\"><div class=\"n2-ss-item-content n2-ss-text n2-ow-all\"><div class=\"\"><p class=\"n2-font-591f38d3f85d2caf8a332380265a2aff-paragraph   \">\u00d3tima prote\u00e7\u00e3o, ainda mais conforto com o T200.<\/p>\n<\/div><\/div><\/div><\/div><\/div><div class=\"n2-ss-layer n2-ow n-uc-1db87b0b97f3c\" data-pm=\"default\" data-sstype=\"col\"><div class=\"n2-ss-layer-col n2-ss-layer-with-background n2-ss-layer-content n-uc-1db87b0b97f3c-inner\"><\/div><\/div><\/div><\/div><\/div><\/div><\/div><\/div><\/div><\/div>                <\/div>\n                            <\/div>\n        <\/div>\n        <\/div><ss3-loader><\/ss3-loader><\/div><\/div><div class=\"n2_clear\"><\/div><\/div><\/ss3-force-full-width><\/div>","protected":false},"excerpt":{"rendered":"<p>Ajuste SoltoProte\u00e7\u00e3o Respirat\u00f3ria Nossa linha de respiradores de ajuste solto oferece solu\u00e7\u00f5es de EPI de alto desempenho, leves e compactas. [&hellip;]<\/p>\n","protected":false},"author":2,"featured_media":0,"parent":0,"menu_order":0,"comment_status":"closed","ping_status":"closed","template":"","meta":{"_uag_custom_page_level_css":"","site-sidebar-layout":"default","site-content-layout":"","ast-site-content-layout":"","site-content-style":"default","site-sidebar-style":"default","ast-global-header-display":"","ast-banner-title-visibility":"","ast-main-header-display":"","ast-hfb-above-header-display":"","ast-hfb-below-header-display":"","ast-hfb-mobile-header-display":"","site-post-title":"disabled","ast-breadcrumbs-content":"","ast-featured-img":"","footer-sml-layout":"","ast-disable-related-posts":"","theme-transparent-header-meta":"","adv-header-id-meta":"","stick-header-meta":"","header-above-stick-meta":"","header-main-stick-meta":"","header-below-stick-meta":"","astra-migrate-meta-layouts":"default","ast-page-background-enabled":"default","ast-page-background-meta":{"desktop":{"background-color":"var(--ast-global-color-4)","background-image":"","background-repeat":"repeat","background-position":"center center","background-size":"auto","background-attachment":"scroll","background-type":"","background-media":"","overlay-type":"","overlay-color":"","overlay-opacity":"","overlay-gradient":""},"tablet":{"background-color":"","background-image":"","background-repeat":"repeat","background-position":"center center","background-size":"auto","background-attachment":"scroll","background-type":"","background-media":"","overlay-type":"","overlay-color":"","overlay-opacity":"","overlay-gradient":""},"mobile":{"background-color":"","background-image":"","background-repeat":"repeat","background-position":"center center","background-size":"auto","background-attachment":"scroll","background-type":"","background-media":"","overlay-type":"","overlay-color":"","overlay-opacity":"","overlay-gradient":""}},"ast-content-background-meta":{"desktop":{"background-color":"var(--ast-global-color-5)","background-image":"","background-repeat":"repeat","background-position":"center center","background-size":"auto","background-attachment":"scroll","background-type":"","background-media":"","overlay-type":"","overlay-color":"","overlay-opacity":"","overlay-gradient":""},"tablet":{"background-color":"var(--ast-global-color-5)","background-image":"","background-repeat":"repeat","background-position":"center center","background-size":"auto","background-attachment":"scroll","background-type":"","background-media":"","overlay-type":"","overlay-color":"","overlay-opacity":"","overlay-gradient":""},"mobile":{"background-color":"var(--ast-global-color-5)","background-image":"","background-repeat":"repeat","background-position":"center center","background-size":"auto","background-attachment":"scroll","background-type":"","background-media":"","overlay-type":"","overlay-color":"","overlay-opacity":"","overlay-gradient":""}},"footnotes":""},"class_list":["post-659","page","type-page","status-publish","hentry"],"yoast_head":"<!-- This site is optimized with the Yoast SEO plugin v27.2 - https:\/\/yoast.com\/product\/yoast-seo-wordpress\/ -->\n<title>Produtos - Ajuste Solto - Safety<\/title>\n<meta name=\"robots\" content=\"index, follow, max-snippet:-1, max-image-preview:large, max-video-preview:-1\" \/>\n<link rel=\"canonical\" href=\"https:\/\/www.gvs.com.br\/safety\/produtos-ajuste-solto\/\" \/>\n<meta property=\"og:locale\" content=\"pt_BR\" \/>\n<meta property=\"og:type\" content=\"article\" \/>\n<meta property=\"og:title\" content=\"Produtos - Ajuste Solto - Safety\" \/>\n<meta property=\"og:description\" content=\"Ajuste SoltoProte\u00e7\u00e3o Respirat\u00f3ria Nossa linha de respiradores de ajuste solto oferece solu\u00e7\u00f5es de EPI de alto desempenho, leves e compactas. [&hellip;]\" \/>\n<meta property=\"og:url\" content=\"https:\/\/www.gvs.com.br\/safety\/produtos-ajuste-solto\/\" \/>\n<meta property=\"og:site_name\" content=\"Safety\" \/>\n<meta property=\"article:modified_time\" content=\"2026-02-13T18:32:05+00:00\" \/>\n<meta name=\"twitter:card\" content=\"summary_large_image\" \/>\n<meta name=\"twitter:label1\" content=\"Est. tempo de leitura\" \/>\n\t<meta name=\"twitter:data1\" content=\"1 minuto\" \/>\n<script type=\"application\/ld+json\" class=\"yoast-schema-graph\">{\"@context\":\"https:\/\/schema.org\",\"@graph\":[{\"@type\":\"WebPage\",\"@id\":\"https:\/\/www.gvs.com.br\/safety\/produtos-ajuste-solto\/\",\"url\":\"https:\/\/www.gvs.com.br\/safety\/produtos-ajuste-solto\/\",\"name\":\"Produtos - Ajuste Solto - Safety\",\"isPartOf\":{\"@id\":\"https:\/\/www.gvs.com.br\/safety\/#website\"},\"datePublished\":\"2025-02-13T21:07:35+00:00\",\"dateModified\":\"2026-02-13T18:32:05+00:00\",\"breadcrumb\":{\"@id\":\"https:\/\/www.gvs.com.br\/safety\/produtos-ajuste-solto\/#breadcrumb\"},\"inLanguage\":\"pt-BR\",\"potentialAction\":[{\"@type\":\"ReadAction\",\"target\":[\"https:\/\/www.gvs.com.br\/safety\/produtos-ajuste-solto\/\"]}]},{\"@type\":\"BreadcrumbList\",\"@id\":\"https:\/\/www.gvs.com.br\/safety\/produtos-ajuste-solto\/#breadcrumb\",\"itemListElement\":[{\"@type\":\"ListItem\",\"position\":1,\"name\":\"In\u00edcio\",\"item\":\"https:\/\/www.gvs.com.br\/safety\/\"},{\"@type\":\"ListItem\",\"position\":2,\"name\":\"Produtos &#8211; Ajuste Solto\"}]},{\"@type\":\"WebSite\",\"@id\":\"https:\/\/www.gvs.com.br\/safety\/#website\",\"url\":\"https:\/\/www.gvs.com.br\/safety\/\",\"name\":\"Safety\",\"description\":\"\",\"publisher\":{\"@id\":\"https:\/\/www.gvs.com.br\/safety\/#organization\"},\"potentialAction\":[{\"@type\":\"SearchAction\",\"target\":{\"@type\":\"EntryPoint\",\"urlTemplate\":\"https:\/\/www.gvs.com.br\/safety\/?s={search_term_string}\"},\"query-input\":{\"@type\":\"PropertyValueSpecification\",\"valueRequired\":true,\"valueName\":\"search_term_string\"}}],\"inLanguage\":\"pt-BR\"},{\"@type\":\"Organization\",\"@id\":\"https:\/\/www.gvs.com.br\/safety\/#organization\",\"name\":\"Safety\",\"url\":\"https:\/\/www.gvs.com.br\/safety\/\",\"logo\":{\"@type\":\"ImageObject\",\"inLanguage\":\"pt-BR\",\"@id\":\"https:\/\/www.gvs.com.br\/safety\/#\/schema\/logo\/image\/\",\"url\":\"https:\/\/www.gvs.com.br\/safety\/wp-content\/uploads\/2024\/12\/Logo-GVS-Safety.png\",\"contentUrl\":\"https:\/\/www.gvs.com.br\/safety\/wp-content\/uploads\/2024\/12\/Logo-GVS-Safety.png\",\"width\":1920,\"height\":1080,\"caption\":\"Safety\"},\"image\":{\"@id\":\"https:\/\/www.gvs.com.br\/safety\/#\/schema\/logo\/image\/\"}}]}<\/script>\n<!-- \/ Yoast SEO plugin. -->","yoast_head_json":{"title":"Produtos - Ajuste Solto - Safety","robots":{"index":"index","follow":"follow","max-snippet":"max-snippet:-1","max-image-preview":"max-image-preview:large","max-video-preview":"max-video-preview:-1"},"canonical":"https:\/\/www.gvs.com.br\/safety\/produtos-ajuste-solto\/","og_locale":"pt_BR","og_type":"article","og_title":"Produtos - Ajuste Solto - Safety","og_description":"Ajuste SoltoProte\u00e7\u00e3o Respirat\u00f3ria Nossa linha de respiradores de ajuste solto oferece solu\u00e7\u00f5es de EPI de alto desempenho, leves e compactas. [&hellip;]","og_url":"https:\/\/www.gvs.com.br\/safety\/produtos-ajuste-solto\/","og_site_name":"Safety","article_modified_time":"2026-02-13T18:32:05+00:00","twitter_card":"summary_large_image","twitter_misc":{"Est. tempo de leitura":"1 minuto"},"schema":{"@context":"https:\/\/schema.org","@graph":[{"@type":"WebPage","@id":"https:\/\/www.gvs.com.br\/safety\/produtos-ajuste-solto\/","url":"https:\/\/www.gvs.com.br\/safety\/produtos-ajuste-solto\/","name":"Produtos - Ajuste Solto - Safety","isPartOf":{"@id":"https:\/\/www.gvs.com.br\/safety\/#website"},"datePublished":"2025-02-13T21:07:35+00:00","dateModified":"2026-02-13T18:32:05+00:00","breadcrumb":{"@id":"https:\/\/www.gvs.com.br\/safety\/produtos-ajuste-solto\/#breadcrumb"},"inLanguage":"pt-BR","potentialAction":[{"@type":"ReadAction","target":["https:\/\/www.gvs.com.br\/safety\/produtos-ajuste-solto\/"]}]},{"@type":"BreadcrumbList","@id":"https:\/\/www.gvs.com.br\/safety\/produtos-ajuste-solto\/#breadcrumb","itemListElement":[{"@type":"ListItem","position":1,"name":"In\u00edcio","item":"https:\/\/www.gvs.com.br\/safety\/"},{"@type":"ListItem","position":2,"name":"Produtos &#8211; Ajuste Solto"}]},{"@type":"WebSite","@id":"https:\/\/www.gvs.com.br\/safety\/#website","url":"https:\/\/www.gvs.com.br\/safety\/","name":"Safety","description":"","publisher":{"@id":"https:\/\/www.gvs.com.br\/safety\/#organization"},"potentialAction":[{"@type":"SearchAction","target":{"@type":"EntryPoint","urlTemplate":"https:\/\/www.gvs.com.br\/safety\/?s={search_term_string}"},"query-input":{"@type":"PropertyValueSpecification","valueRequired":true,"valueName":"search_term_string"}}],"inLanguage":"pt-BR"},{"@type":"Organization","@id":"https:\/\/www.gvs.com.br\/safety\/#organization","name":"Safety","url":"https:\/\/www.gvs.com.br\/safety\/","logo":{"@type":"ImageObject","inLanguage":"pt-BR","@id":"https:\/\/www.gvs.com.br\/safety\/#\/schema\/logo\/image\/","url":"https:\/\/www.gvs.com.br\/safety\/wp-content\/uploads\/2024\/12\/Logo-GVS-Safety.png","contentUrl":"https:\/\/www.gvs.com.br\/safety\/wp-content\/uploads\/2024\/12\/Logo-GVS-Safety.png","width":1920,"height":1080,"caption":"Safety"},"image":{"@id":"https:\/\/www.gvs.com.br\/safety\/#\/schema\/logo\/image\/"}}]}},"uagb_featured_image_src":{"full":false,"thumbnail":false,"medium":false,"medium_large":false,"large":false,"1536x1536":false,"2048x2048":false},"uagb_author_info":{"display_name":"admin-gvs","author_link":"https:\/\/www.gvs.com.br\/safety\/author\/admin-gvs\/"},"uagb_comment_info":0,"uagb_excerpt":"Ajuste SoltoProte\u00e7\u00e3o Respirat\u00f3ria Nossa linha de respiradores de ajuste solto oferece solu\u00e7\u00f5es de EPI de alto desempenho, leves e compactas. [&hellip;]","_links":{"self":[{"href":"https:\/\/www.gvs.com.br\/safety\/wp-json\/wp\/v2\/pages\/659","targetHints":{"allow":["GET"]}}],"collection":[{"href":"https:\/\/www.gvs.com.br\/safety\/wp-json\/wp\/v2\/pages"}],"about":[{"href":"https:\/\/www.gvs.com.br\/safety\/wp-json\/wp\/v2\/types\/page"}],"author":[{"embeddable":true,"href":"https:\/\/www.gvs.com.br\/safety\/wp-json\/wp\/v2\/users\/2"}],"replies":[{"embeddable":true,"href":"https:\/\/www.gvs.com.br\/safety\/wp-json\/wp\/v2\/comments?post=659"}],"version-history":[{"count":3,"href":"https:\/\/www.gvs.com.br\/safety\/wp-json\/wp\/v2\/pages\/659\/revisions"}],"predecessor-version":[{"id":3064,"href":"https:\/\/www.gvs.com.br\/safety\/wp-json\/wp\/v2\/pages\/659\/revisions\/3064"}],"wp:attachment":[{"href":"https:\/\/www.gvs.com.br\/safety\/wp-json\/wp\/v2\/media?parent=659"}],"curies":[{"name":"wp","href":"https:\/\/api.w.org\/{rel}","templated":true}]}}