{"id":46,"date":"2024-12-12T21:07:42","date_gmt":"2024-12-12T21:07:42","guid":{"rendered":"https:\/\/prihdesigner.com.br\/Health-Safety\/?page_id=46"},"modified":"2025-06-05T21:08:57","modified_gmt":"2025-06-05T21:08:57","slug":"blog","status":"publish","type":"page","link":"https:\/\/www.gvs.com.br\/safety\/blog\/","title":{"rendered":"Blog"},"content":{"rendered":"\n<div class=\"wp-block-uagb-advanced-heading uagb-block-548fa565\"><h2 class=\"uagb-heading-text\"><strong>BLOG Safety GVS<\/strong><\/h2><\/div>\n\n\n\n<div class=\"wp-block-uagb-container uagb-block-36162069 alignfull uagb-is-root-container\"><div class=\"uagb-container-inner-blocks-wrap\">\n<div class=\"wp-block-uagb-container uagb-block-0867dabe\"><\/div>\n\n\n\n<div class=\"wp-block-uagb-container uagb-block-a28cb8fc\"><\/div>\n\n\n\n<div class=\"wp-block-uagb-container uagb-block-e00cee5d\"><\/div>\n\n\n\n<div class=\"wp-block-uagb-container uagb-block-bd2c7bce\"><form role=\"search\" method=\"get\" action=\"https:\/\/www.gvs.com.br\/safety\/\" class=\"wp-block-search__button-outside wp-block-search__icon-button wp-block-search\"    ><label class=\"wp-block-search__label screen-reader-text\" for=\"wp-block-search__input-1\" >Pesquisar<\/label><div class=\"wp-block-search__inside-wrapper\" ><input class=\"wp-block-search__input\" id=\"wp-block-search__input-1\" placeholder=\"Pesquisar\" value=\"\" type=\"search\" name=\"s\" required \/><button aria-label=\"Pesquisar\" class=\"wp-block-search__button has-icon wp-element-button\" type=\"submit\" ><svg class=\"search-icon\" viewBox=\"0 0 24 24\" width=\"24\" height=\"24\">\n\t\t\t\t\t<path d=\"M13 5c-3.3 0-6 2.7-6 6 0 1.4.5 2.7 1.3 3.7l-3.8 3.8 1.1 1.1 3.8-3.8c1 .8 2.3 1.3 3.7 1.3 3.3 0 6-2.7 6-6S16.3 5 13 5zm0 10.5c-2.5 0-4.5-2-4.5-4.5s2-4.5 4.5-4.5 4.5 2 4.5 4.5-2 4.5-4.5 4.5z\"><\/path>\n\t\t\t\t<\/svg><\/button><\/div><\/form><\/div>\n<\/div><\/div>\n\n\n\n<div class=\"wp-block-uagb-separator uagb-block-26f7ad4e\"><div class=\"uagb-separator-spacing-wrapper\"><div class=\"wp-block-uagb-separator__inner\" style=\"--my-background-image:\"><\/div><\/div><\/div>\n\n\n\n\t\t\t<div class=\"wp-block-uagb-post-grid uagb-post-grid  uagb-post__image-position-top uagb-post__image-enabled uagb-block-c8d4bd9f     uagb-post__items uagb-post__columns-3 is-grid uagb-post__columns-tablet-2 uagb-post__columns-mobile-1 uagb-post__equal-height\" data-total=\"11\" style=\"\">\n\n\t\t\t\t\t\t\t\t\t\t\t\t<article class=\"uagb-post__inner-wrap\">\t\t\t\t\t\t\t\t<div class='uagb-post__image'>\n\t\t\t\t\t\t\t\t\t<a href=\"https:\/\/www.gvs.com.br\/safety\/2026\/04\/22\/respirador-descartavel-pff2-valvula-gvs\/\" target=\"_self\" rel=\"bookmark noopener noreferrer\" class='uagb-image-ratio-inherit'><img loading=\"lazy\" decoding=\"async\" width=\"1024\" height=\"576\" src=\"https:\/\/www.gvs.com.br\/safety\/wp-content\/uploads\/2026\/03\/BANNER-BLOG-pff2-1024x576.png\" class=\"attachment-large size-large\" alt=\"\" srcset=\"https:\/\/www.gvs.com.br\/safety\/wp-content\/uploads\/2026\/03\/BANNER-BLOG-pff2-1024x576.png 1024w, https:\/\/www.gvs.com.br\/safety\/wp-content\/uploads\/2026\/03\/BANNER-BLOG-pff2-300x169.png 300w, https:\/\/www.gvs.com.br\/safety\/wp-content\/uploads\/2026\/03\/BANNER-BLOG-pff2-768x432.png 768w, https:\/\/www.gvs.com.br\/safety\/wp-content\/uploads\/2026\/03\/BANNER-BLOG-pff2-1536x864.png 1536w, https:\/\/www.gvs.com.br\/safety\/wp-content\/uploads\/2026\/03\/BANNER-BLOG-pff2.png 1920w\" sizes=\"auto, (max-width: 1024px) 100vw, 1024px\" \/>\t\t\t\t\t<\/a>\n\t\t\t\t\t\t\t<\/div>\n\t\t\t\t\t\t<h4 class=\"uagb-post__title uagb-post__text\">\n\t\t\t\t<a href=\"https:\/\/www.gvs.com.br\/safety\/2026\/04\/22\/respirador-descartavel-pff2-valvula-gvs\/\" target=\"_self\" rel=\"bookmark noopener noreferrer\">Respirador Descart\u00e1vel PFF2 com V\u00e1lvula: Tecnologia Avan\u00e7ada da GVS para M\u00e1xima Seguran\u00e7a no Trabalho<\/a>\n\t\t\t<\/h4>\n\t\t\t\t\t\t<div class='uagb-post__text uagb-post-grid-byline'>\n\t\t\t\t\t\t\t\t<time datetime=\"2026-04-22T09:00:00+00:00\" class=\"uagb-post__date\">\n\t\t\t\t<span class=\"dashicons-calendar dashicons\"><\/span>\t\t\t\t\tabril 22, 2026\t\t\t\t<\/time>\n\t\t\t\t\t\t<\/div>\n\t\t\t\t\t\t<div class=\"uagb-post__text uagb-post__cta wp-block-button\">\n\t\t\t\t<a class=\"wp-block-button__link uagb-text-link\" style=\"\" href=\"https:\/\/www.gvs.com.br\/safety\/2026\/04\/22\/respirador-descartavel-pff2-valvula-gvs\/\" target=\"_self\" rel=\"bookmark noopener noreferrer\">Ler mais<\/a>\n\t\t\t<\/div>\n\t\t\t\n\t\t\t\t\t\t\t\t\t<\/article>\n\t\t\t\t\t\t\t\t\t\t\t\t\t\t\t\t<article class=\"uagb-post__inner-wrap\">\t\t\t\t\t\t\t\t<div class='uagb-post__image'>\n\t\t\t\t\t\t\t\t\t<a href=\"https:\/\/www.gvs.com.br\/safety\/2026\/04\/08\/z4-respirador-solda\/\" target=\"_self\" rel=\"bookmark noopener noreferrer\" class='uagb-image-ratio-inherit'><img loading=\"lazy\" decoding=\"async\" width=\"1024\" height=\"576\" src=\"https:\/\/www.gvs.com.br\/safety\/wp-content\/uploads\/2026\/03\/BANNER-BLOG-z4-1024x576.png\" class=\"attachment-large size-large\" alt=\"\" srcset=\"https:\/\/www.gvs.com.br\/safety\/wp-content\/uploads\/2026\/03\/BANNER-BLOG-z4-1024x576.png 1024w, https:\/\/www.gvs.com.br\/safety\/wp-content\/uploads\/2026\/03\/BANNER-BLOG-z4-300x169.png 300w, https:\/\/www.gvs.com.br\/safety\/wp-content\/uploads\/2026\/03\/BANNER-BLOG-z4-768x432.png 768w, https:\/\/www.gvs.com.br\/safety\/wp-content\/uploads\/2026\/03\/BANNER-BLOG-z4-1536x864.png 1536w, https:\/\/www.gvs.com.br\/safety\/wp-content\/uploads\/2026\/03\/BANNER-BLOG-z4.png 1920w\" sizes=\"auto, (max-width: 1024px) 100vw, 1024px\" \/>\t\t\t\t\t<\/a>\n\t\t\t\t\t\t\t<\/div>\n\t\t\t\t\t\t<h4 class=\"uagb-post__title uagb-post__text\">\n\t\t\t\t<a href=\"https:\/\/www.gvs.com.br\/safety\/2026\/04\/08\/z4-respirador-solda\/\" target=\"_self\" rel=\"bookmark noopener noreferrer\">Produtividade e Seguran\u00e7a na Soldagem: conhe\u00e7a o Z4\u00ae, o Respirador de Solda da GVS<\/a>\n\t\t\t<\/h4>\n\t\t\t\t\t\t<div class='uagb-post__text uagb-post-grid-byline'>\n\t\t\t\t\t\t\t\t<time datetime=\"2026-04-08T09:00:00+00:00\" class=\"uagb-post__date\">\n\t\t\t\t<span class=\"dashicons-calendar dashicons\"><\/span>\t\t\t\t\tabril 8, 2026\t\t\t\t<\/time>\n\t\t\t\t\t\t<\/div>\n\t\t\t\t\t\t<div class=\"uagb-post__text uagb-post__cta wp-block-button\">\n\t\t\t\t<a class=\"wp-block-button__link uagb-text-link\" style=\"\" href=\"https:\/\/www.gvs.com.br\/safety\/2026\/04\/08\/z4-respirador-solda\/\" target=\"_self\" rel=\"bookmark noopener noreferrer\">Ler mais<\/a>\n\t\t\t<\/div>\n\t\t\t\n\t\t\t\t\t\t\t\t\t<\/article>\n\t\t\t\t\t\t\t\t\t\t\t\t\t\t\t\t<article class=\"uagb-post__inner-wrap\">\t\t\t\t\t\t\t\t<div class='uagb-post__image'>\n\t\t\t\t\t\t\t\t\t<a href=\"https:\/\/www.gvs.com.br\/safety\/2026\/03\/18\/respirador-elipse-fullface-a2p3-gvs\/\" target=\"_self\" rel=\"bookmark noopener noreferrer\" class='uagb-image-ratio-inherit'><img loading=\"lazy\" decoding=\"async\" width=\"1024\" height=\"576\" src=\"https:\/\/www.gvs.com.br\/safety\/wp-content\/uploads\/2026\/03\/BANNER-BLOG-fullfaceA2p3-1024x576.png\" class=\"attachment-large size-large\" alt=\"\" srcset=\"https:\/\/www.gvs.com.br\/safety\/wp-content\/uploads\/2026\/03\/BANNER-BLOG-fullfaceA2p3-1024x576.png 1024w, https:\/\/www.gvs.com.br\/safety\/wp-content\/uploads\/2026\/03\/BANNER-BLOG-fullfaceA2p3-300x169.png 300w, https:\/\/www.gvs.com.br\/safety\/wp-content\/uploads\/2026\/03\/BANNER-BLOG-fullfaceA2p3-768x432.png 768w, https:\/\/www.gvs.com.br\/safety\/wp-content\/uploads\/2026\/03\/BANNER-BLOG-fullfaceA2p3-1536x864.png 1536w, https:\/\/www.gvs.com.br\/safety\/wp-content\/uploads\/2026\/03\/BANNER-BLOG-fullfaceA2p3.png 1920w\" sizes=\"auto, (max-width: 1024px) 100vw, 1024px\" \/>\t\t\t\t\t<\/a>\n\t\t\t\t\t\t\t<\/div>\n\t\t\t\t\t\t<h4 class=\"uagb-post__title uagb-post__text\">\n\t\t\t\t<a href=\"https:\/\/www.gvs.com.br\/safety\/2026\/03\/18\/respirador-elipse-fullface-a2p3-gvs\/\" target=\"_self\" rel=\"bookmark noopener noreferrer\">Como garantir prote\u00e7\u00e3o m\u00e1xima contra vapores org\u00e2nicos? Descubra o Respirador Elipse\u00ae Full Face A2P3 da GVS!<\/a>\n\t\t\t<\/h4>\n\t\t\t\t\t\t<div class='uagb-post__text uagb-post-grid-byline'>\n\t\t\t\t\t\t\t\t<time datetime=\"2026-03-18T09:00:00+00:00\" class=\"uagb-post__date\">\n\t\t\t\t<span class=\"dashicons-calendar dashicons\"><\/span>\t\t\t\t\tmar\u00e7o 18, 2026\t\t\t\t<\/time>\n\t\t\t\t\t\t<\/div>\n\t\t\t\t\t\t<div class=\"uagb-post__text uagb-post__cta wp-block-button\">\n\t\t\t\t<a class=\"wp-block-button__link uagb-text-link\" style=\"\" href=\"https:\/\/www.gvs.com.br\/safety\/2026\/03\/18\/respirador-elipse-fullface-a2p3-gvs\/\" target=\"_self\" rel=\"bookmark noopener noreferrer\">Ler mais<\/a>\n\t\t\t<\/div>\n\t\t\t\n\t\t\t\t\t\t\t\t\t<\/article>\n\t\t\t\t\t\t\t\t\t\t\t\t\t\t\t\t<article class=\"uagb-post__inner-wrap\">\t\t\t\t\t\t\t\t<div class='uagb-post__image'>\n\t\t\t\t\t\t\t\t\t<a href=\"https:\/\/www.gvs.com.br\/safety\/2026\/03\/04\/respirador-t-link-gvs\/\" target=\"_self\" rel=\"bookmark noopener noreferrer\" class='uagb-image-ratio-inherit'><img loading=\"lazy\" decoding=\"async\" width=\"1024\" height=\"576\" src=\"https:\/\/www.gvs.com.br\/safety\/wp-content\/uploads\/2026\/03\/BANNER-BLOG-tlink-1024x576.png\" class=\"attachment-large size-large\" alt=\"\" srcset=\"https:\/\/www.gvs.com.br\/safety\/wp-content\/uploads\/2026\/03\/BANNER-BLOG-tlink-1024x576.png 1024w, https:\/\/www.gvs.com.br\/safety\/wp-content\/uploads\/2026\/03\/BANNER-BLOG-tlink-300x169.png 300w, https:\/\/www.gvs.com.br\/safety\/wp-content\/uploads\/2026\/03\/BANNER-BLOG-tlink-768x432.png 768w, https:\/\/www.gvs.com.br\/safety\/wp-content\/uploads\/2026\/03\/BANNER-BLOG-tlink-1536x864.png 1536w, https:\/\/www.gvs.com.br\/safety\/wp-content\/uploads\/2026\/03\/BANNER-BLOG-tlink.png 1920w\" sizes=\"auto, (max-width: 1024px) 100vw, 1024px\" \/>\t\t\t\t\t<\/a>\n\t\t\t\t\t\t\t<\/div>\n\t\t\t\t\t\t<h4 class=\"uagb-post__title uagb-post__text\">\n\t\t\t\t<a href=\"https:\/\/www.gvs.com.br\/safety\/2026\/03\/04\/respirador-t-link-gvs\/\" target=\"_self\" rel=\"bookmark noopener noreferrer\">Respirador T-Link\u00ae da GVS: desempenho ergon\u00f4mico e prote\u00e7\u00e3o respirat\u00f3ria de alto n\u00edvel para ambientes de alta exposi\u00e7\u00e3o<\/a>\n\t\t\t<\/h4>\n\t\t\t\t\t\t<div class='uagb-post__text uagb-post-grid-byline'>\n\t\t\t\t\t\t\t\t<time datetime=\"2026-03-04T17:12:15+00:00\" class=\"uagb-post__date\">\n\t\t\t\t<span class=\"dashicons-calendar dashicons\"><\/span>\t\t\t\t\tmar\u00e7o 4, 2026\t\t\t\t<\/time>\n\t\t\t\t\t\t<\/div>\n\t\t\t\t\t\t<div class=\"uagb-post__text uagb-post__cta wp-block-button\">\n\t\t\t\t<a class=\"wp-block-button__link uagb-text-link\" style=\"\" href=\"https:\/\/www.gvs.com.br\/safety\/2026\/03\/04\/respirador-t-link-gvs\/\" target=\"_self\" rel=\"bookmark noopener noreferrer\">Ler mais<\/a>\n\t\t\t<\/div>\n\t\t\t\n\t\t\t\t\t\t\t\t\t<\/article>\n\t\t\t\t\t\t\t\t\t\t\t\t\t\t\t\t<article class=\"uagb-post__inner-wrap\">\t\t\t\t\t\t\t\t<div class='uagb-post__image'>\n\t\t\t\t\t\t\t\t\t<a href=\"https:\/\/www.gvs.com.br\/safety\/2026\/02\/18\/respirador-semifacial-elipse-p3-eficiencia-conforto-e-seguranca\/\" target=\"_self\" rel=\"bookmark noopener noreferrer\" class='uagb-image-ratio-inherit'><img loading=\"lazy\" decoding=\"async\" width=\"1024\" height=\"576\" src=\"https:\/\/www.gvs.com.br\/safety\/wp-content\/uploads\/2026\/02\/banner-elipse-1024x576.png\" class=\"attachment-large size-large\" alt=\"\" srcset=\"https:\/\/www.gvs.com.br\/safety\/wp-content\/uploads\/2026\/02\/banner-elipse-1024x576.png 1024w, https:\/\/www.gvs.com.br\/safety\/wp-content\/uploads\/2026\/02\/banner-elipse-300x169.png 300w, https:\/\/www.gvs.com.br\/safety\/wp-content\/uploads\/2026\/02\/banner-elipse-768x432.png 768w, https:\/\/www.gvs.com.br\/safety\/wp-content\/uploads\/2026\/02\/banner-elipse-1536x864.png 1536w, https:\/\/www.gvs.com.br\/safety\/wp-content\/uploads\/2026\/02\/banner-elipse.png 1920w\" sizes=\"auto, (max-width: 1024px) 100vw, 1024px\" \/>\t\t\t\t\t<\/a>\n\t\t\t\t\t\t\t<\/div>\n\t\t\t\t\t\t<h4 class=\"uagb-post__title uagb-post__text\">\n\t\t\t\t<a href=\"https:\/\/www.gvs.com.br\/safety\/2026\/02\/18\/respirador-semifacial-elipse-p3-eficiencia-conforto-e-seguranca\/\" target=\"_self\" rel=\"bookmark noopener noreferrer\">Respirador Semifacial Elipse\u00ae P3: efici\u00eancia, conforto e seguran\u00e7a na prote\u00e7\u00e3o respirat\u00f3ria profissional contra particulados<\/a>\n\t\t\t<\/h4>\n\t\t\t\t\t\t<div class='uagb-post__text uagb-post-grid-byline'>\n\t\t\t\t\t\t\t\t<time datetime=\"2026-02-18T09:00:00+00:00\" class=\"uagb-post__date\">\n\t\t\t\t<span class=\"dashicons-calendar dashicons\"><\/span>\t\t\t\t\tfevereiro 18, 2026\t\t\t\t<\/time>\n\t\t\t\t\t\t<\/div>\n\t\t\t\t\t\t<div class=\"uagb-post__text uagb-post__cta wp-block-button\">\n\t\t\t\t<a class=\"wp-block-button__link uagb-text-link\" style=\"\" href=\"https:\/\/www.gvs.com.br\/safety\/2026\/02\/18\/respirador-semifacial-elipse-p3-eficiencia-conforto-e-seguranca\/\" target=\"_self\" rel=\"bookmark noopener noreferrer\">Ler mais<\/a>\n\t\t\t<\/div>\n\t\t\t\n\t\t\t\t\t\t\t\t\t<\/article>\n\t\t\t\t\t\t\t\t\t\t\t\t\t\t\t\t<article class=\"uagb-post__inner-wrap\">\t\t\t\t\t\t\t\t<div class='uagb-post__image'>\n\t\t\t\t\t\t\t\t\t<a href=\"https:\/\/www.gvs.com.br\/safety\/2026\/02\/04\/respirador-z-link-radiant-heat\/\" target=\"_self\" rel=\"bookmark noopener noreferrer\" class='uagb-image-ratio-inherit'><img loading=\"lazy\" decoding=\"async\" width=\"1024\" height=\"576\" src=\"https:\/\/www.gvs.com.br\/safety\/wp-content\/uploads\/2026\/02\/banner-zlink-post-1024x576.png\" class=\"attachment-large size-large\" alt=\"\" srcset=\"https:\/\/www.gvs.com.br\/safety\/wp-content\/uploads\/2026\/02\/banner-zlink-post-1024x576.png 1024w, https:\/\/www.gvs.com.br\/safety\/wp-content\/uploads\/2026\/02\/banner-zlink-post-300x169.png 300w, https:\/\/www.gvs.com.br\/safety\/wp-content\/uploads\/2026\/02\/banner-zlink-post-768x432.png 768w, https:\/\/www.gvs.com.br\/safety\/wp-content\/uploads\/2026\/02\/banner-zlink-post-1536x864.png 1536w, https:\/\/www.gvs.com.br\/safety\/wp-content\/uploads\/2026\/02\/banner-zlink-post.png 1920w\" sizes=\"auto, (max-width: 1024px) 100vw, 1024px\" \/>\t\t\t\t\t<\/a>\n\t\t\t\t\t\t\t<\/div>\n\t\t\t\t\t\t<h4 class=\"uagb-post__title uagb-post__text\">\n\t\t\t\t<a href=\"https:\/\/www.gvs.com.br\/safety\/2026\/02\/04\/respirador-z-link-radiant-heat\/\" target=\"_self\" rel=\"bookmark noopener noreferrer\">Respirador Z-Link\u00ae Radiant Heat: prote\u00e7\u00e3o t\u00e9rmica e respirat\u00f3ria para ambientes industriais de alta exig\u00eancia<\/a>\n\t\t\t<\/h4>\n\t\t\t\t\t\t<div class='uagb-post__text uagb-post-grid-byline'>\n\t\t\t\t\t\t\t\t<time datetime=\"2026-02-04T09:00:00+00:00\" class=\"uagb-post__date\">\n\t\t\t\t<span class=\"dashicons-calendar dashicons\"><\/span>\t\t\t\t\tfevereiro 4, 2026\t\t\t\t<\/time>\n\t\t\t\t\t\t<\/div>\n\t\t\t\t\t\t<div class=\"uagb-post__text uagb-post__cta wp-block-button\">\n\t\t\t\t<a class=\"wp-block-button__link uagb-text-link\" style=\"\" href=\"https:\/\/www.gvs.com.br\/safety\/2026\/02\/04\/respirador-z-link-radiant-heat\/\" target=\"_self\" rel=\"bookmark noopener noreferrer\">Ler mais<\/a>\n\t\t\t<\/div>\n\t\t\t\n\t\t\t\t\t\t\t\t\t<\/article>\n\t\t\t\t\t\t\t\t\t\t\t\t\t<div class=\"uagb-post-pagination-wrap\">\n\t\t\t\t\t\t<span aria-current=\"page\" class=\"page-numbers current\">1<\/span>\n<a class=\"page-numbers\" href=\"https:\/\/www.gvs.com.br\/safety\/wp-json\/wp\/v2\/pages\/46\/page\/2\/\">2<\/a>\n<a class=\"page-numbers\" href=\"https:\/\/www.gvs.com.br\/safety\/wp-json\/wp\/v2\/pages\/46\/page\/3\/\">3<\/a>\n<a class=\"page-numbers\" href=\"https:\/\/www.gvs.com.br\/safety\/wp-json\/wp\/v2\/pages\/46\/page\/4\/\">4<\/a>\n<a class=\"page-numbers\" href=\"https:\/\/www.gvs.com.br\/safety\/wp-json\/wp\/v2\/pages\/46\/page\/5\/\">5<\/a>\n<span class=\"page-numbers dots\">&hellip;<\/span>\n<a class=\"page-numbers\" href=\"https:\/\/www.gvs.com.br\/safety\/wp-json\/wp\/v2\/pages\/46\/page\/7\/\">7<\/a>\n<a class=\"page-numbers\" href=\"https:\/\/www.gvs.com.br\/safety\/wp-json\/wp\/v2\/pages\/46\/page\/8\/\">8<\/a>\n<a class=\"page-numbers\" href=\"https:\/\/www.gvs.com.br\/safety\/wp-json\/wp\/v2\/pages\/46\/page\/9\/\">9<\/a>\n<a class=\"page-numbers\" href=\"https:\/\/www.gvs.com.br\/safety\/wp-json\/wp\/v2\/pages\/46\/page\/10\/\">10<\/a>\n<a class=\"next page-numbers\" href=\"https:\/\/www.gvs.com.br\/safety\/wp-json\/wp\/v2\/pages\/46\/page\/2\/\">Next \u00bb<\/a>\t\t\t\t\t<\/div>\n\t\t\t\t\t\t\t\t<\/div>\n\t\t\t\n\n\n<p><\/p>\n","protected":false},"excerpt":{"rendered":"<p>BLOG Safety GVS<\/p>\n","protected":false},"author":2,"featured_media":0,"parent":0,"menu_order":0,"comment_status":"closed","ping_status":"closed","template":"","meta":{"_uag_custom_page_level_css":"","site-sidebar-layout":"default","site-content-layout":"","ast-site-content-layout":"","site-content-style":"default","site-sidebar-style":"default","ast-global-header-display":"","ast-banner-title-visibility":"","ast-main-header-display":"","ast-hfb-above-header-display":"","ast-hfb-below-header-display":"","ast-hfb-mobile-header-display":"","site-post-title":"disabled","ast-breadcrumbs-content":"","ast-featured-img":"","footer-sml-layout":"","ast-disable-related-posts":"","theme-transparent-header-meta":"","adv-header-id-meta":"","stick-header-meta":"","header-above-stick-meta":"","header-main-stick-meta":"","header-below-stick-meta":"","astra-migrate-meta-layouts":"default","ast-page-background-enabled":"default","ast-page-background-meta":{"desktop":{"background-color":"var(--ast-global-color-4)","background-image":"","background-repeat":"repeat","background-position":"center center","background-size":"auto","background-attachment":"scroll","background-type":"","background-media":"","overlay-type":"","overlay-color":"","overlay-opacity":"","overlay-gradient":""},"tablet":{"background-color":"","background-image":"","background-repeat":"repeat","background-position":"center center","background-size":"auto","background-attachment":"scroll","background-type":"","background-media":"","overlay-type":"","overlay-color":"","overlay-opacity":"","overlay-gradient":""},"mobile":{"background-color":"","background-image":"","background-repeat":"repeat","background-position":"center center","background-size":"auto","background-attachment":"scroll","background-type":"","background-media":"","overlay-type":"","overlay-color":"","overlay-opacity":"","overlay-gradient":""}},"ast-content-background-meta":{"desktop":{"background-color":"var(--ast-global-color-5)","background-image":"","background-repeat":"repeat","background-position":"center center","background-size":"auto","background-attachment":"scroll","background-type":"","background-media":"","overlay-type":"","overlay-color":"","overlay-opacity":"","overlay-gradient":""},"tablet":{"background-color":"var(--ast-global-color-5)","background-image":"","background-repeat":"repeat","background-position":"center center","background-size":"auto","background-attachment":"scroll","background-type":"","background-media":"","overlay-type":"","overlay-color":"","overlay-opacity":"","overlay-gradient":""},"mobile":{"background-color":"var(--ast-global-color-5)","background-image":"","background-repeat":"repeat","background-position":"center center","background-size":"auto","background-attachment":"scroll","background-type":"","background-media":"","overlay-type":"","overlay-color":"","overlay-opacity":"","overlay-gradient":""}},"footnotes":""},"class_list":["post-46","page","type-page","status-publish","hentry"],"yoast_head":"<!-- This site is optimized with the Yoast SEO plugin v27.2 - https:\/\/yoast.com\/product\/yoast-seo-wordpress\/ -->\n<title>Blog - Safety<\/title>\n<meta name=\"robots\" content=\"index, follow, max-snippet:-1, max-image-preview:large, max-video-preview:-1\" \/>\n<link rel=\"canonical\" href=\"https:\/\/www.gvs.com.br\/safety\/blog\/\" \/>\n<meta property=\"og:locale\" content=\"pt_BR\" \/>\n<meta property=\"og:type\" content=\"article\" \/>\n<meta property=\"og:title\" content=\"Blog - Safety\" \/>\n<meta property=\"og:description\" content=\"BLOG Safety GVS\" \/>\n<meta property=\"og:url\" content=\"https:\/\/www.gvs.com.br\/safety\/blog\/\" \/>\n<meta property=\"og:site_name\" content=\"Safety\" \/>\n<meta property=\"article:modified_time\" content=\"2025-06-05T21:08:57+00:00\" \/>\n<meta name=\"twitter:card\" content=\"summary_large_image\" \/>\n<meta name=\"twitter:label1\" content=\"Est. tempo de leitura\" \/>\n\t<meta name=\"twitter:data1\" content=\"1 minuto\" \/>\n<script type=\"application\/ld+json\" class=\"yoast-schema-graph\">{\"@context\":\"https:\/\/schema.org\",\"@graph\":[{\"@type\":\"WebPage\",\"@id\":\"https:\/\/www.gvs.com.br\/safety\/blog\/\",\"url\":\"https:\/\/www.gvs.com.br\/safety\/blog\/\",\"name\":\"Blog - Safety\",\"isPartOf\":{\"@id\":\"https:\/\/www.gvs.com.br\/safety\/#website\"},\"datePublished\":\"2024-12-12T21:07:42+00:00\",\"dateModified\":\"2025-06-05T21:08:57+00:00\",\"breadcrumb\":{\"@id\":\"https:\/\/www.gvs.com.br\/safety\/blog\/#breadcrumb\"},\"inLanguage\":\"pt-BR\",\"potentialAction\":[{\"@type\":\"ReadAction\",\"target\":[\"https:\/\/www.gvs.com.br\/safety\/blog\/\"]}]},{\"@type\":\"BreadcrumbList\",\"@id\":\"https:\/\/www.gvs.com.br\/safety\/blog\/#breadcrumb\",\"itemListElement\":[{\"@type\":\"ListItem\",\"position\":1,\"name\":\"In\u00edcio\",\"item\":\"https:\/\/www.gvs.com.br\/safety\/\"},{\"@type\":\"ListItem\",\"position\":2,\"name\":\"Blog\"}]},{\"@type\":\"WebSite\",\"@id\":\"https:\/\/www.gvs.com.br\/safety\/#website\",\"url\":\"https:\/\/www.gvs.com.br\/safety\/\",\"name\":\"Safety\",\"description\":\"\",\"publisher\":{\"@id\":\"https:\/\/www.gvs.com.br\/safety\/#organization\"},\"potentialAction\":[{\"@type\":\"SearchAction\",\"target\":{\"@type\":\"EntryPoint\",\"urlTemplate\":\"https:\/\/www.gvs.com.br\/safety\/?s={search_term_string}\"},\"query-input\":{\"@type\":\"PropertyValueSpecification\",\"valueRequired\":true,\"valueName\":\"search_term_string\"}}],\"inLanguage\":\"pt-BR\"},{\"@type\":\"Organization\",\"@id\":\"https:\/\/www.gvs.com.br\/safety\/#organization\",\"name\":\"Safety\",\"url\":\"https:\/\/www.gvs.com.br\/safety\/\",\"logo\":{\"@type\":\"ImageObject\",\"inLanguage\":\"pt-BR\",\"@id\":\"https:\/\/www.gvs.com.br\/safety\/#\/schema\/logo\/image\/\",\"url\":\"https:\/\/www.gvs.com.br\/safety\/wp-content\/uploads\/2024\/12\/Logo-GVS-Safety.png\",\"contentUrl\":\"https:\/\/www.gvs.com.br\/safety\/wp-content\/uploads\/2024\/12\/Logo-GVS-Safety.png\",\"width\":1920,\"height\":1080,\"caption\":\"Safety\"},\"image\":{\"@id\":\"https:\/\/www.gvs.com.br\/safety\/#\/schema\/logo\/image\/\"}}]}<\/script>\n<!-- \/ Yoast SEO plugin. -->","yoast_head_json":{"title":"Blog - Safety","robots":{"index":"index","follow":"follow","max-snippet":"max-snippet:-1","max-image-preview":"max-image-preview:large","max-video-preview":"max-video-preview:-1"},"canonical":"https:\/\/www.gvs.com.br\/safety\/blog\/","og_locale":"pt_BR","og_type":"article","og_title":"Blog - Safety","og_description":"BLOG Safety GVS","og_url":"https:\/\/www.gvs.com.br\/safety\/blog\/","og_site_name":"Safety","article_modified_time":"2025-06-05T21:08:57+00:00","twitter_card":"summary_large_image","twitter_misc":{"Est. tempo de leitura":"1 minuto"},"schema":{"@context":"https:\/\/schema.org","@graph":[{"@type":"WebPage","@id":"https:\/\/www.gvs.com.br\/safety\/blog\/","url":"https:\/\/www.gvs.com.br\/safety\/blog\/","name":"Blog - Safety","isPartOf":{"@id":"https:\/\/www.gvs.com.br\/safety\/#website"},"datePublished":"2024-12-12T21:07:42+00:00","dateModified":"2025-06-05T21:08:57+00:00","breadcrumb":{"@id":"https:\/\/www.gvs.com.br\/safety\/blog\/#breadcrumb"},"inLanguage":"pt-BR","potentialAction":[{"@type":"ReadAction","target":["https:\/\/www.gvs.com.br\/safety\/blog\/"]}]},{"@type":"BreadcrumbList","@id":"https:\/\/www.gvs.com.br\/safety\/blog\/#breadcrumb","itemListElement":[{"@type":"ListItem","position":1,"name":"In\u00edcio","item":"https:\/\/www.gvs.com.br\/safety\/"},{"@type":"ListItem","position":2,"name":"Blog"}]},{"@type":"WebSite","@id":"https:\/\/www.gvs.com.br\/safety\/#website","url":"https:\/\/www.gvs.com.br\/safety\/","name":"Safety","description":"","publisher":{"@id":"https:\/\/www.gvs.com.br\/safety\/#organization"},"potentialAction":[{"@type":"SearchAction","target":{"@type":"EntryPoint","urlTemplate":"https:\/\/www.gvs.com.br\/safety\/?s={search_term_string}"},"query-input":{"@type":"PropertyValueSpecification","valueRequired":true,"valueName":"search_term_string"}}],"inLanguage":"pt-BR"},{"@type":"Organization","@id":"https:\/\/www.gvs.com.br\/safety\/#organization","name":"Safety","url":"https:\/\/www.gvs.com.br\/safety\/","logo":{"@type":"ImageObject","inLanguage":"pt-BR","@id":"https:\/\/www.gvs.com.br\/safety\/#\/schema\/logo\/image\/","url":"https:\/\/www.gvs.com.br\/safety\/wp-content\/uploads\/2024\/12\/Logo-GVS-Safety.png","contentUrl":"https:\/\/www.gvs.com.br\/safety\/wp-content\/uploads\/2024\/12\/Logo-GVS-Safety.png","width":1920,"height":1080,"caption":"Safety"},"image":{"@id":"https:\/\/www.gvs.com.br\/safety\/#\/schema\/logo\/image\/"}}]}},"uagb_featured_image_src":{"full":false,"thumbnail":false,"medium":false,"medium_large":false,"large":false,"1536x1536":false,"2048x2048":false},"uagb_author_info":{"display_name":"admin-gvs","author_link":"https:\/\/www.gvs.com.br\/safety\/author\/admin-gvs\/"},"uagb_comment_info":0,"uagb_excerpt":"BLOG Safety GVS","_links":{"self":[{"href":"https:\/\/www.gvs.com.br\/safety\/wp-json\/wp\/v2\/pages\/46","targetHints":{"allow":["GET"]}}],"collection":[{"href":"https:\/\/www.gvs.com.br\/safety\/wp-json\/wp\/v2\/pages"}],"about":[{"href":"https:\/\/www.gvs.com.br\/safety\/wp-json\/wp\/v2\/types\/page"}],"author":[{"embeddable":true,"href":"https:\/\/www.gvs.com.br\/safety\/wp-json\/wp\/v2\/users\/2"}],"replies":[{"embeddable":true,"href":"https:\/\/www.gvs.com.br\/safety\/wp-json\/wp\/v2\/comments?post=46"}],"version-history":[{"count":13,"href":"https:\/\/www.gvs.com.br\/safety\/wp-json\/wp\/v2\/pages\/46\/revisions"}],"predecessor-version":[{"id":2163,"href":"https:\/\/www.gvs.com.br\/safety\/wp-json\/wp\/v2\/pages\/46\/revisions\/2163"}],"wp:attachment":[{"href":"https:\/\/www.gvs.com.br\/safety\/wp-json\/wp\/v2\/media?parent=46"}],"curies":[{"name":"wp","href":"https:\/\/api.w.org\/{rel}","templated":true}]}}