{"id":377,"date":"2025-02-11T20:18:09","date_gmt":"2025-02-11T20:18:09","guid":{"rendered":"https:\/\/prihdesigner.com.br\/Health-Safety\/?page_id=377"},"modified":"2025-08-15T18:24:44","modified_gmt":"2025-08-15T18:24:44","slug":"healthcare","status":"publish","type":"page","link":"https:\/\/www.gvs.com.br\/safety\/healthcare\/","title":{"rendered":"Healthcare"},"content":{"rendered":"\n<div class=\"wp-block-uagb-container uagb-block-5a78897c alignfull uagb-is-root-container\"><div class=\"uagb-container-inner-blocks-wrap\">\n<div class=\"wp-block-uagb-container uagb-block-a5050dba\">\n<div class=\"wp-block-uagb-advanced-heading uagb-block-673e051f\"><h1 class=\"uagb-heading-text\">Solu\u00e7\u00f5es de Prote\u00e7\u00e3o Respirat\u00f3ria para Healthcare<\/h1><div class=\"uagb-separator\"><\/div><\/div>\n<\/div>\n\n\n\n<div class=\"wp-block-uagb-container uagb-block-9f7ee605\"><\/div>\n<\/div><\/div>\n\n\n\n<p>A linha GVS Healthcare e Life Sciences permite que voc\u00ea trabalhe com confian\u00e7a, sabendo que est\u00e1 protegido contra aeross\u00f3is e contaminantes no ar. Com tecnologia inovadora de respira\u00e7\u00e3o com ar pressurizado e respiradores projetados ergonomicamente, a GVS protege sua sa\u00fade no trabalho para que voc\u00ea possa aproveitar os momentos que mais importam.<\/p>\n\n\n\n<div class=\"wp-block-uagb-container uagb-block-40aca231 alignfull uagb-is-root-container\"><div class=\"uagb-container-inner-blocks-wrap\">\n<div class=\"wp-block-uagb-advanced-heading uagb-block-48b5ed69\"><h2 class=\"uagb-heading-text\">Nossa linha de respiradores m\u00e9dicos oferece prote\u00e7\u00e3o completa contra os riscos do seu ambiente, para que voc\u00ea possa se concentrar na tarefa em quest\u00e3o.<\/h2><\/div>\n\n\n\n<div class=\"wp-block-uagb-container uagb-block-2f205a47\">\n<div class=\"wp-block-columns is-layout-flex wp-container-core-columns-is-layout-28f84493 wp-block-columns-is-layout-flex\">\n<div class=\"wp-block-column is-layout-flow wp-block-column-is-layout-flow\">\n<div class=\"wp-block-uagb-image uagb-block-64001e10 wp-block-uagb-image--layout-default wp-block-uagb-image--effect-static wp-block-uagb-image--align-none\"><figure class=\"wp-block-uagb-image__figure\"><img decoding=\"async\"  sizes=\"auto, (max-width: 480px) 150px\" src=\"https:\/\/www.gvs.com.br\/safety\/wp-content\/uploads\/2025\/02\/Healthcare-1.jpg\" alt=\"\" width=\"550\" height=\"351\" title=\"Healthcare (1)\" loading=\"lazy\" role=\"img\"\/><\/figure><\/div>\n\n\n\n<div class=\"wp-block-uagb-advanced-heading uagb-block-69d421dd\"><h4 class=\"uagb-heading-text\">Ar puro filtrado e respir\u00e1vel<\/h4><\/div>\n\n\n\n<p class=\"has-text-align-center\">Nossos respiradores com purifica\u00e7\u00e3o de ar movidos por bateria permitem que voc\u00ea trabalhe com confian\u00e7a, sabendo que o ar filtrado que voc\u00ea est\u00e1 respirando \u00e9 limpo, livre de contaminantes e aeross\u00f3is no ar.<\/p>\n<\/div>\n\n\n\n<div class=\"wp-block-column is-layout-flow wp-block-column-is-layout-flow\">\n<div class=\"wp-block-uagb-image uagb-block-dc73e9c6 wp-block-uagb-image--layout-default wp-block-uagb-image--effect-static wp-block-uagb-image--align-none\"><figure class=\"wp-block-uagb-image__figure\"><img decoding=\"async\"  sizes=\"auto, (max-width: 480px) 150px\" src=\"https:\/\/www.gvs.com.br\/safety\/wp-content\/uploads\/2025\/02\/Healthcare-2.jpg\" alt=\"\" width=\"550\" height=\"351\" title=\"Healthcare (2)\" loading=\"lazy\" role=\"img\"\/><\/figure><\/div>\n\n\n\n<div class=\"wp-block-uagb-advanced-heading uagb-block-3e5084fe\"><h4 class=\"uagb-heading-text\">Maior n\u00edvel de prote\u00e7\u00e3o<\/h4><\/div>\n\n\n\n<p class=\"has-text-align-center\">N\u00f3s temos voc\u00ea coberto, com respiradores de ajuste solto que combinam com PAPRs para um n\u00edvel incompar\u00e1vel de prote\u00e7\u00e3o respirat\u00f3ria e ocular, at\u00e9 respiradores de ajuste apertado como o Elipse, que, sem v\u00e1lvula de exala\u00e7\u00e3o, previne a contamina\u00e7\u00e3o cruzada. Proteja-se para poder proteger melhor aqueles a quem voc\u00ea est\u00e1 ajudando.<\/p>\n<\/div>\n\n\n\n<div class=\"wp-block-column is-layout-flow wp-block-column-is-layout-flow\">\n<div class=\"wp-block-uagb-image uagb-block-a0766520 wp-block-uagb-image--layout-default wp-block-uagb-image--effect-static wp-block-uagb-image--align-none\"><figure class=\"wp-block-uagb-image__figure\"><img decoding=\"async\"  sizes=\"auto, (max-width: 480px) 150px\" src=\"https:\/\/www.gvs.com.br\/safety\/wp-content\/uploads\/2025\/02\/Healthcare-3.jpg\" alt=\"\" width=\"550\" height=\"351\" title=\"Healthcare (3)\" loading=\"lazy\" role=\"img\"\/><\/figure><\/div>\n\n\n\n<div class=\"wp-block-uagb-advanced-heading uagb-block-9cdbb250\"><h4 class=\"uagb-heading-text\">Tamanhos personaliz\u00e1veis<\/h4><\/div>\n\n\n\n<p class=\"has-text-align-center\">Sabemos que um \u00fanico tamanho nem sempre serve para todos, por isso projetamos nossos EPIs pensando nisso, oferecendo solu\u00e7\u00f5es que podem ser personalizadas para atender \u00e0s suas necessidades.<\/p>\n<\/div>\n<\/div>\n<\/div>\n<\/div><\/div>\n\n\n\n<div class=\"wp-block-uagb-advanced-heading uagb-block-ee141659\"><h1 class=\"uagb-heading-text\">Nossa linha de produtos Healthcare<\/h1><\/div>\n\n\n\n<div class=\"wp-block-uagb-separator uagb-block-d52dd5ac\"><div class=\"uagb-separator-spacing-wrapper\"><div class=\"wp-block-uagb-separator__inner\" style=\"--my-background-image:\"><\/div><\/div><\/div>\n\n\n<div class=\"n2_clear\"><ss3-force-full-width data-overflow-x=\"body\" data-horizontal-selector=\"body\"><div class=\"n2-section-smartslider fitvidsignore  n2_clear\" data-ssid=\"24\"><div id=\"n2-ss-24-align\" class=\"n2-ss-align\"><div class=\"n2-padding\"><div id=\"n2-ss-24\" data-creator=\"Smart Slider 3\" data-responsive=\"fullwidth\" class=\"n2-ss-slider n2-ow n2-has-hover n2notransition  \">\n        <div class=\"n2-ss-slider-1 n2-ow\">\n            <div class=\"n2-ss-slider-2 n2-ow\">\n                <div class=\"n2-ss-slide-backgrounds n2-ow-all\"><div class=\"n2-ss-slide-background\" data-public-id=\"1\" data-mode=\"fill\"><div data-color=\"RGBA(255,255,255,0)\" style=\"background-color: RGBA(255,255,255,0);\" class=\"n2-ss-slide-background-color\"><\/div><\/div><\/div>                <div class=\"n2-ss-slider-3 n2-ow\">\n                    <svg xmlns=\"http:\/\/www.w3.org\/2000\/svg\" viewBox=\"0 0 1200 600\" data-related-device=\"desktopPortrait\" class=\"n2-ow n2-ss-preserve-size n2-ss-preserve-size--slider n2-ss-slide-limiter\"><\/svg><div data-first=\"1\" data-slide-duration=\"0\" data-id=\"34\" data-slide-public-id=\"1\" data-title=\"Slide\" class=\"n2-ss-slide n2-ow  n2-ss-slide-34\"><div role=\"note\" class=\"n2-ss-slide--focus\" tabindex=\"-1\">Slide<\/div><div class=\"n2-ss-layers-container n2-ss-slide-limiter n2-ow\"><div class=\"n2-ss-layer n2-ow n-uc-Of9pOAGO5p81\" data-sstype=\"slide\" data-pm=\"default\"><div class=\"n2-ss-layer n2-ow n-uc-xAHGJAfRuHz1\" data-pm=\"default\" data-sstype=\"content\" data-hasbackground=\"0\"><div class=\"n2-ss-section-main-content n2-ss-layer-with-background n2-ss-layer-content n2-ow n-uc-xAHGJAfRuHz1-inner\"><div class=\"n2-ss-layer n2-ow n2-ss-layer--block n2-ss-has-self-align n-uc-94DMcWFCP7XA\" data-pm=\"normal\" data-sstype=\"row\"><div class=\"n2-ss-layer-row n2-ss-layer-with-background n-uc-94DMcWFCP7XA-inner\"><div class=\"n2-ss-layer-row-inner \"><div class=\"n2-ss-layer n2-ow n-uc-qTRVhbcpC6Tv\" data-pm=\"default\" data-sstype=\"col\"><div class=\"n2-ss-layer-col n2-ss-layer-with-background n2-ss-layer-content n-uc-qTRVhbcpC6Tv-inner\"><div class=\"n2-ss-layer n2-ow n-uc-pZCB3s62MYJ9\" data-pm=\"normal\" data-sstype=\"layer\"><div class=\" n2-ss-item-image-content n2-ss-item-content n2-ow-all\"><img loading=\"lazy\" decoding=\"async\" id=\"n2-ss-24item1\" alt=\"\" class=\"skip-lazy\" width=\"400\" height=\"389\" data-skip-lazy=\"1\" src=\"\/\/www.gvs.com.br\/safety\/wp-content\/uploads\/2025\/05\/T200-2.png\" \/><\/div><\/div><div class=\"n2-ss-layer n2-ow n-uc-R2gaBAZ5a4VC\" data-pm=\"normal\" data-sstype=\"layer\"><div id=\"n2-ss-24item2\" class=\"n2-font-94430a000045cbd8eac6d19e169ae56d-hover   n2-ss-item-content n2-ss-text n2-ow\" style=\"display:block;\">GVS<br>T200\u2122 <\/div><\/div><div class=\"n2-ss-layer n2-ow n-uc-piUvb5jAIneR\" data-pm=\"normal\" data-sstype=\"layer\"><div class=\"n2-ss-item-content n2-ss-text n2-ow-all\"><div class=\"\"><p class=\"n2-font-591f38d3f85d2caf8a332380265a2aff-paragraph   \">Maior conforto, maior prote\u00e7\u00e3o com o T200.<\/p>\n<\/div><\/div><\/div><div class=\"n2-ss-layer n2-ow n-uc-77bgv3mDJyDo n2-ss-layer--auto\" data-pm=\"normal\" data-sstype=\"layer\"><div class=\"n2-ss-button-container n2-ss-item-content n2-ow n2-font-b6d52d327d316f6fa47e3dede23c0c06-link  n2-ss-nowrap n2-ss-button-container--non-full-width\"><a class=\"n2-style-4b270fc4dc0c27969c781de8dbe6a4ad-heading  n2-ow \" href=\"https:\/\/www.gvs.com.br\/safety\/produtos-ajuste-solto-gvs-t200-respirador\/\"><div><div>Saiba Mais! <\/div><\/div><\/a><\/div><\/div><\/div><\/div><div class=\"n2-ss-layer n2-ow n-uc-eKyjuGXByENK\" data-pm=\"default\" data-sstype=\"col\"><div class=\"n2-ss-layer-col n2-ss-layer-with-background n2-ss-layer-content n-uc-eKyjuGXByENK-inner\"><div class=\"n2-ss-layer n2-ow n-uc-K5c1ZTM8GqBD\" data-pm=\"normal\" data-sstype=\"layer\"><div class=\" n2-ss-item-image-content n2-ss-item-content n2-ow-all\"><img loading=\"lazy\" decoding=\"async\" id=\"n2-ss-24item5\" alt=\"\" class=\"skip-lazy\" width=\"400\" height=\"389\" data-skip-lazy=\"1\" src=\"\/\/www.gvs.com.br\/safety\/wp-content\/uploads\/2025\/02\/TLINK-2.png\" \/><\/div><\/div><div class=\"n2-ss-layer n2-ow n-uc-2nqGmGqNY7Dc\" data-pm=\"normal\" data-sstype=\"layer\"><div id=\"n2-ss-24item6\" class=\"n2-font-94430a000045cbd8eac6d19e169ae56d-hover   n2-ss-item-content n2-ss-text n2-ow\" style=\"display:block;\">GVS <br>T-Link\u00ae<\/div><\/div><div class=\"n2-ss-layer n2-ow n-uc-p3lUiZWZTmLZ\" data-pm=\"normal\" data-sstype=\"layer\"><div class=\"n2-ss-item-content n2-ss-text n2-ow-all\"><div class=\"\"><p class=\"n2-font-591f38d3f85d2caf8a332380265a2aff-paragraph   \">O T-Link foi projetado para se mover com voc\u00ea, e n\u00e3o contra voc\u00ea.<\/p>\n<\/div><\/div><\/div><div class=\"n2-ss-layer n2-ow n-uc-rDun84qH6FXh n2-ss-layer--auto\" data-pm=\"normal\" data-sstype=\"layer\"><div class=\"n2-ss-button-container n2-ss-item-content n2-ow n2-font-b6d52d327d316f6fa47e3dede23c0c06-link  n2-ss-nowrap n2-ss-button-container--non-full-width\"><a class=\"n2-style-4b270fc4dc0c27969c781de8dbe6a4ad-heading  n2-ow \" href=\"https:\/\/www.gvs.com.br\/safety\/produtos-ajuste-solto-gvs-t-link\/\"><div><div>Saiba Mais! <\/div><\/div><\/a><\/div><\/div><\/div><\/div><div class=\"n2-ss-layer n2-ow n-uc-dYHr7ar49Jgg\" data-pm=\"default\" data-sstype=\"col\"><div class=\"n2-ss-layer-col n2-ss-layer-with-background n2-ss-layer-content n-uc-dYHr7ar49Jgg-inner\"><div class=\"n2-ss-layer n2-ow n-uc-aIjpT34Dh16L\" data-pm=\"normal\" data-sstype=\"layer\"><div class=\" n2-ss-item-image-content n2-ss-item-content n2-ow-all\"><img loading=\"lazy\" decoding=\"async\" id=\"n2-ss-24item9\" alt=\"\" class=\"skip-lazy\" width=\"900\" height=\"900\" data-skip-lazy=\"1\" src=\"\/\/www.gvs.com.br\/safety\/wp-content\/uploads\/2025\/02\/mascara-descartavel-aero-2-pff2-com-valvula.png\" \/><\/div><\/div><div class=\"n2-ss-layer n2-ow n-uc-eGc5oTRIWn0c\" data-pm=\"normal\" data-sstype=\"layer\"><div id=\"n2-ss-24item10\" class=\"n2-font-94430a000045cbd8eac6d19e169ae56d-hover   n2-ss-item-content n2-ss-text n2-ow\" style=\"display:block;\">Respiradores Descart\u00e1veis<\/div><\/div><div class=\"n2-ss-layer n2-ow n-uc-AREhXS4xtWeQ\" data-pm=\"normal\" data-sstype=\"layer\"><div class=\"n2-ss-item-content n2-ss-text n2-ow-all\"><div class=\"\"><p class=\"n2-font-591f38d3f85d2caf8a332380265a2aff-paragraph   \">Oferece prote\u00e7\u00e3o respirat\u00f3ria de alto desempenho para aplica\u00e7\u00f5es que exigem EPIs descart\u00e1veis.<\/p>\n<\/div><\/div><\/div><div class=\"n2-ss-layer n2-ow n-uc-yeRb0RyZ1iMO n2-ss-layer--auto\" data-pm=\"normal\" data-sstype=\"layer\"><div class=\"n2-ss-button-container n2-ss-item-content n2-ow n2-font-b6d52d327d316f6fa47e3dede23c0c06-link  n2-ss-nowrap n2-ss-button-container--non-full-width\"><a class=\"n2-style-4b270fc4dc0c27969c781de8dbe6a4ad-heading  n2-ow \" href=\"https:\/\/www.gvs.com.br\/safety\/produtos-respirador-descartavel\/\"><div><div>Saiba Mais! <\/div><\/div><\/a><\/div><\/div><\/div><\/div><div class=\"n2-ss-layer n2-ow n-uc-1cfe4da9f5846\" data-pm=\"default\" data-sstype=\"col\"><div class=\"n2-ss-layer-col n2-ss-layer-with-background n2-ss-layer-content n-uc-1cfe4da9f5846-inner\"><div class=\"n2-ss-layer n2-ow n-uc-1cb2077f03609\" data-pm=\"normal\" data-sstype=\"layer\"><div class=\" n2-ss-item-image-content n2-ss-item-content n2-ow-all\"><img loading=\"lazy\" decoding=\"async\" id=\"n2-ss-24item13\" alt=\"\" class=\"skip-lazy\" width=\"900\" height=\"900\" data-skip-lazy=\"1\" src=\"\/\/www.gvs.com.br\/safety\/wp-content\/uploads\/2025\/02\/Respirador-Semifacial-Elipse-P3-Antiodor.jpg\" \/><\/div><\/div><div class=\"n2-ss-layer n2-ow n-uc-10af144271c6d\" data-pm=\"normal\" data-sstype=\"layer\"><div id=\"n2-ss-24item14\" class=\"n2-font-94430a000045cbd8eac6d19e169ae56d-hover   n2-ss-item-content n2-ss-text n2-ow\" style=\"display:block;\">Respirador<br> Elipse\u00ae<\/div><\/div><div class=\"n2-ss-layer n2-ow n-uc-1b4156ed9769e\" data-pm=\"normal\" data-sstype=\"layer\"><div class=\"n2-ss-item-content n2-ss-text n2-ow-all\"><div class=\"\"><p class=\"n2-font-591f38d3f85d2caf8a332380265a2aff-paragraph   \">GVS Elipse oferece um alto n\u00edvel de prote\u00e7\u00e3o e conforto duradouro gra\u00e7as \u00e0 sua constru\u00e7\u00e3o ergon\u00f4mica e leve.<\/p>\n<\/div><\/div><\/div><div class=\"n2-ss-layer n2-ow n-uc-15297c9d8e778 n2-ss-layer--auto\" data-pm=\"normal\" data-sstype=\"layer\"><div class=\"n2-ss-button-container n2-ss-item-content n2-ow n2-font-b6d52d327d316f6fa47e3dede23c0c06-link  n2-ss-nowrap n2-ss-button-container--non-full-width\"><a class=\"n2-style-4b270fc4dc0c27969c781de8dbe6a4ad-heading  n2-ow \" href=\"https:\/\/www.gvs.com.br\/safety\/produtos-ajuste-apertado-respirador-elipse\/\"><div><div>Saiba Mais! <\/div><\/div><\/a><\/div><\/div><\/div><\/div><\/div><\/div><\/div><\/div><\/div><\/div><\/div><\/div>                <\/div>\n                            <\/div>\n        <\/div>\n        <\/div><ss3-loader><\/ss3-loader><\/div><\/div><div class=\"n2_clear\"><\/div><\/div><\/ss3-force-full-width><\/div>\n\n\n<div class=\"wp-block-uagb-container uagb-block-f6b39f10 alignfull uagb-is-root-container\"><div class=\"uagb-container-inner-blocks-wrap\">\n<div class=\"wp-block-uagb-container uagb-block-c93fb08a\">\n<div class=\"wp-block-uagb-info-box uagb-block-3af43fde uagb-infobox__content-wrap  uagb-infobox-icon-above-title uagb-infobox-image-valign-top\"><div class=\"uagb-ifb-content\"><div class=\"uagb-ifb-title-wrap\"><h3 class=\"uagb-ifb-title\">Acreditamos em retribuir.<\/h3><\/div><p class=\"uagb-ifb-desc\">Nosso objetivo \u00e9 aumentar a conscientiza\u00e7\u00e3o sobre quest\u00f5es humanit\u00e1rias e ajudar comunidades marginalizadas e vulner\u00e1veis por meio das institui\u00e7\u00f5es de caridade que apoiamos. Queremos contribuir para a constru\u00e7\u00e3o de um futuro melhor, para que todos possamos aproveitar os melhores momentos da vida.<\/p><\/div><\/div>\n<\/div>\n\n\n\n<div class=\"wp-block-uagb-container uagb-block-5d4f769e\"><\/div>\n<\/div><\/div>\n\n\n\n<p><\/p>\n","protected":false},"excerpt":{"rendered":"<p>Solu\u00e7\u00f5es de Prote\u00e7\u00e3o Respirat\u00f3ria para Healthcare A linha GVS Healthcare e Life Sciences permite que voc\u00ea trabalhe com confian\u00e7a, sabendo [&hellip;]<\/p>\n","protected":false},"author":2,"featured_media":0,"parent":0,"menu_order":0,"comment_status":"closed","ping_status":"closed","template":"","meta":{"_uag_custom_page_level_css":"","site-sidebar-layout":"default","site-content-layout":"","ast-site-content-layout":"","site-content-style":"default","site-sidebar-style":"default","ast-global-header-display":"","ast-banner-title-visibility":"","ast-main-header-display":"","ast-hfb-above-header-display":"","ast-hfb-below-header-display":"","ast-hfb-mobile-header-display":"","site-post-title":"disabled","ast-breadcrumbs-content":"","ast-featured-img":"","footer-sml-layout":"","ast-disable-related-posts":"","theme-transparent-header-meta":"","adv-header-id-meta":"","stick-header-meta":"","header-above-stick-meta":"","header-main-stick-meta":"","header-below-stick-meta":"","astra-migrate-meta-layouts":"default","ast-page-background-enabled":"default","ast-page-background-meta":{"desktop":{"background-color":"var(--ast-global-color-4)","background-image":"","background-repeat":"repeat","background-position":"center center","background-size":"auto","background-attachment":"scroll","background-type":"","background-media":"","overlay-type":"","overlay-color":"","overlay-opacity":"","overlay-gradient":""},"tablet":{"background-color":"","background-image":"","background-repeat":"repeat","background-position":"center center","background-size":"auto","background-attachment":"scroll","background-type":"","background-media":"","overlay-type":"","overlay-color":"","overlay-opacity":"","overlay-gradient":""},"mobile":{"background-color":"","background-image":"","background-repeat":"repeat","background-position":"center center","background-size":"auto","background-attachment":"scroll","background-type":"","background-media":"","overlay-type":"","overlay-color":"","overlay-opacity":"","overlay-gradient":""}},"ast-content-background-meta":{"desktop":{"background-color":"var(--ast-global-color-5)","background-image":"","background-repeat":"repeat","background-position":"center center","background-size":"auto","background-attachment":"scroll","background-type":"","background-media":"","overlay-type":"","overlay-color":"","overlay-opacity":"","overlay-gradient":""},"tablet":{"background-color":"var(--ast-global-color-5)","background-image":"","background-repeat":"repeat","background-position":"center center","background-size":"auto","background-attachment":"scroll","background-type":"","background-media":"","overlay-type":"","overlay-color":"","overlay-opacity":"","overlay-gradient":""},"mobile":{"background-color":"var(--ast-global-color-5)","background-image":"","background-repeat":"repeat","background-position":"center center","background-size":"auto","background-attachment":"scroll","background-type":"","background-media":"","overlay-type":"","overlay-color":"","overlay-opacity":"","overlay-gradient":""}},"footnotes":""},"class_list":["post-377","page","type-page","status-publish","hentry"],"yoast_head":"<!-- This site is optimized with the Yoast SEO plugin v27.2 - https:\/\/yoast.com\/product\/yoast-seo-wordpress\/ -->\n<title>Healthcare - Safety<\/title>\n<meta name=\"robots\" content=\"index, follow, max-snippet:-1, max-image-preview:large, max-video-preview:-1\" \/>\n<link rel=\"canonical\" href=\"https:\/\/www.gvs.com.br\/safety\/healthcare\/\" \/>\n<meta property=\"og:locale\" content=\"pt_BR\" \/>\n<meta property=\"og:type\" content=\"article\" \/>\n<meta property=\"og:title\" content=\"Healthcare - Safety\" \/>\n<meta property=\"og:description\" content=\"Solu\u00e7\u00f5es de Prote\u00e7\u00e3o Respirat\u00f3ria para Healthcare A linha GVS Healthcare e Life Sciences permite que voc\u00ea trabalhe com confian\u00e7a, sabendo [&hellip;]\" \/>\n<meta property=\"og:url\" content=\"https:\/\/www.gvs.com.br\/safety\/healthcare\/\" \/>\n<meta property=\"og:site_name\" content=\"Safety\" \/>\n<meta property=\"article:modified_time\" content=\"2025-08-15T18:24:44+00:00\" \/>\n<meta property=\"og:image\" content=\"https:\/\/www.gvs.com.br\/safety\/wp-content\/uploads\/2025\/02\/Healthcare-1.jpg\" \/>\n<meta name=\"twitter:card\" content=\"summary_large_image\" \/>\n<meta name=\"twitter:label1\" content=\"Est. tempo de leitura\" \/>\n\t<meta name=\"twitter:data1\" content=\"3 minutos\" \/>\n<script type=\"application\/ld+json\" class=\"yoast-schema-graph\">{\"@context\":\"https:\/\/schema.org\",\"@graph\":[{\"@type\":\"WebPage\",\"@id\":\"https:\/\/www.gvs.com.br\/safety\/healthcare\/\",\"url\":\"https:\/\/www.gvs.com.br\/safety\/healthcare\/\",\"name\":\"Healthcare - Safety\",\"isPartOf\":{\"@id\":\"https:\/\/www.gvs.com.br\/safety\/#website\"},\"primaryImageOfPage\":{\"@id\":\"https:\/\/www.gvs.com.br\/safety\/healthcare\/#primaryimage\"},\"image\":{\"@id\":\"https:\/\/www.gvs.com.br\/safety\/healthcare\/#primaryimage\"},\"thumbnailUrl\":\"https:\/\/www.gvs.com.br\/safety\/wp-content\/uploads\/2025\/02\/Healthcare-1.jpg\",\"datePublished\":\"2025-02-11T20:18:09+00:00\",\"dateModified\":\"2025-08-15T18:24:44+00:00\",\"breadcrumb\":{\"@id\":\"https:\/\/www.gvs.com.br\/safety\/healthcare\/#breadcrumb\"},\"inLanguage\":\"pt-BR\",\"potentialAction\":[{\"@type\":\"ReadAction\",\"target\":[\"https:\/\/www.gvs.com.br\/safety\/healthcare\/\"]}]},{\"@type\":\"ImageObject\",\"inLanguage\":\"pt-BR\",\"@id\":\"https:\/\/www.gvs.com.br\/safety\/healthcare\/#primaryimage\",\"url\":\"https:\/\/www.gvs.com.br\/safety\/wp-content\/uploads\/2025\/02\/Healthcare-1.jpg\",\"contentUrl\":\"https:\/\/www.gvs.com.br\/safety\/wp-content\/uploads\/2025\/02\/Healthcare-1.jpg\",\"width\":550,\"height\":351},{\"@type\":\"BreadcrumbList\",\"@id\":\"https:\/\/www.gvs.com.br\/safety\/healthcare\/#breadcrumb\",\"itemListElement\":[{\"@type\":\"ListItem\",\"position\":1,\"name\":\"In\u00edcio\",\"item\":\"https:\/\/www.gvs.com.br\/safety\/\"},{\"@type\":\"ListItem\",\"position\":2,\"name\":\"Healthcare\"}]},{\"@type\":\"WebSite\",\"@id\":\"https:\/\/www.gvs.com.br\/safety\/#website\",\"url\":\"https:\/\/www.gvs.com.br\/safety\/\",\"name\":\"Safety\",\"description\":\"\",\"publisher\":{\"@id\":\"https:\/\/www.gvs.com.br\/safety\/#organization\"},\"potentialAction\":[{\"@type\":\"SearchAction\",\"target\":{\"@type\":\"EntryPoint\",\"urlTemplate\":\"https:\/\/www.gvs.com.br\/safety\/?s={search_term_string}\"},\"query-input\":{\"@type\":\"PropertyValueSpecification\",\"valueRequired\":true,\"valueName\":\"search_term_string\"}}],\"inLanguage\":\"pt-BR\"},{\"@type\":\"Organization\",\"@id\":\"https:\/\/www.gvs.com.br\/safety\/#organization\",\"name\":\"Safety\",\"url\":\"https:\/\/www.gvs.com.br\/safety\/\",\"logo\":{\"@type\":\"ImageObject\",\"inLanguage\":\"pt-BR\",\"@id\":\"https:\/\/www.gvs.com.br\/safety\/#\/schema\/logo\/image\/\",\"url\":\"https:\/\/www.gvs.com.br\/safety\/wp-content\/uploads\/2024\/12\/Logo-GVS-Safety.png\",\"contentUrl\":\"https:\/\/www.gvs.com.br\/safety\/wp-content\/uploads\/2024\/12\/Logo-GVS-Safety.png\",\"width\":1920,\"height\":1080,\"caption\":\"Safety\"},\"image\":{\"@id\":\"https:\/\/www.gvs.com.br\/safety\/#\/schema\/logo\/image\/\"}}]}<\/script>\n<!-- \/ Yoast SEO plugin. -->","yoast_head_json":{"title":"Healthcare - Safety","robots":{"index":"index","follow":"follow","max-snippet":"max-snippet:-1","max-image-preview":"max-image-preview:large","max-video-preview":"max-video-preview:-1"},"canonical":"https:\/\/www.gvs.com.br\/safety\/healthcare\/","og_locale":"pt_BR","og_type":"article","og_title":"Healthcare - Safety","og_description":"Solu\u00e7\u00f5es de Prote\u00e7\u00e3o Respirat\u00f3ria para Healthcare A linha GVS Healthcare e Life Sciences permite que voc\u00ea trabalhe com confian\u00e7a, sabendo [&hellip;]","og_url":"https:\/\/www.gvs.com.br\/safety\/healthcare\/","og_site_name":"Safety","article_modified_time":"2025-08-15T18:24:44+00:00","og_image":[{"url":"https:\/\/www.gvs.com.br\/safety\/wp-content\/uploads\/2025\/02\/Healthcare-1.jpg","type":"","width":"","height":""}],"twitter_card":"summary_large_image","twitter_misc":{"Est. tempo de leitura":"3 minutos"},"schema":{"@context":"https:\/\/schema.org","@graph":[{"@type":"WebPage","@id":"https:\/\/www.gvs.com.br\/safety\/healthcare\/","url":"https:\/\/www.gvs.com.br\/safety\/healthcare\/","name":"Healthcare - Safety","isPartOf":{"@id":"https:\/\/www.gvs.com.br\/safety\/#website"},"primaryImageOfPage":{"@id":"https:\/\/www.gvs.com.br\/safety\/healthcare\/#primaryimage"},"image":{"@id":"https:\/\/www.gvs.com.br\/safety\/healthcare\/#primaryimage"},"thumbnailUrl":"https:\/\/www.gvs.com.br\/safety\/wp-content\/uploads\/2025\/02\/Healthcare-1.jpg","datePublished":"2025-02-11T20:18:09+00:00","dateModified":"2025-08-15T18:24:44+00:00","breadcrumb":{"@id":"https:\/\/www.gvs.com.br\/safety\/healthcare\/#breadcrumb"},"inLanguage":"pt-BR","potentialAction":[{"@type":"ReadAction","target":["https:\/\/www.gvs.com.br\/safety\/healthcare\/"]}]},{"@type":"ImageObject","inLanguage":"pt-BR","@id":"https:\/\/www.gvs.com.br\/safety\/healthcare\/#primaryimage","url":"https:\/\/www.gvs.com.br\/safety\/wp-content\/uploads\/2025\/02\/Healthcare-1.jpg","contentUrl":"https:\/\/www.gvs.com.br\/safety\/wp-content\/uploads\/2025\/02\/Healthcare-1.jpg","width":550,"height":351},{"@type":"BreadcrumbList","@id":"https:\/\/www.gvs.com.br\/safety\/healthcare\/#breadcrumb","itemListElement":[{"@type":"ListItem","position":1,"name":"In\u00edcio","item":"https:\/\/www.gvs.com.br\/safety\/"},{"@type":"ListItem","position":2,"name":"Healthcare"}]},{"@type":"WebSite","@id":"https:\/\/www.gvs.com.br\/safety\/#website","url":"https:\/\/www.gvs.com.br\/safety\/","name":"Safety","description":"","publisher":{"@id":"https:\/\/www.gvs.com.br\/safety\/#organization"},"potentialAction":[{"@type":"SearchAction","target":{"@type":"EntryPoint","urlTemplate":"https:\/\/www.gvs.com.br\/safety\/?s={search_term_string}"},"query-input":{"@type":"PropertyValueSpecification","valueRequired":true,"valueName":"search_term_string"}}],"inLanguage":"pt-BR"},{"@type":"Organization","@id":"https:\/\/www.gvs.com.br\/safety\/#organization","name":"Safety","url":"https:\/\/www.gvs.com.br\/safety\/","logo":{"@type":"ImageObject","inLanguage":"pt-BR","@id":"https:\/\/www.gvs.com.br\/safety\/#\/schema\/logo\/image\/","url":"https:\/\/www.gvs.com.br\/safety\/wp-content\/uploads\/2024\/12\/Logo-GVS-Safety.png","contentUrl":"https:\/\/www.gvs.com.br\/safety\/wp-content\/uploads\/2024\/12\/Logo-GVS-Safety.png","width":1920,"height":1080,"caption":"Safety"},"image":{"@id":"https:\/\/www.gvs.com.br\/safety\/#\/schema\/logo\/image\/"}}]}},"uagb_featured_image_src":{"full":false,"thumbnail":false,"medium":false,"medium_large":false,"large":false,"1536x1536":false,"2048x2048":false},"uagb_author_info":{"display_name":"admin-gvs","author_link":"https:\/\/www.gvs.com.br\/safety\/author\/admin-gvs\/"},"uagb_comment_info":0,"uagb_excerpt":"Solu\u00e7\u00f5es de Prote\u00e7\u00e3o Respirat\u00f3ria para Healthcare A linha GVS Healthcare e Life Sciences permite que voc\u00ea trabalhe com confian\u00e7a, sabendo [&hellip;]","_links":{"self":[{"href":"https:\/\/www.gvs.com.br\/safety\/wp-json\/wp\/v2\/pages\/377","targetHints":{"allow":["GET"]}}],"collection":[{"href":"https:\/\/www.gvs.com.br\/safety\/wp-json\/wp\/v2\/pages"}],"about":[{"href":"https:\/\/www.gvs.com.br\/safety\/wp-json\/wp\/v2\/types\/page"}],"author":[{"embeddable":true,"href":"https:\/\/www.gvs.com.br\/safety\/wp-json\/wp\/v2\/users\/2"}],"replies":[{"embeddable":true,"href":"https:\/\/www.gvs.com.br\/safety\/wp-json\/wp\/v2\/comments?post=377"}],"version-history":[{"count":12,"href":"https:\/\/www.gvs.com.br\/safety\/wp-json\/wp\/v2\/pages\/377\/revisions"}],"predecessor-version":[{"id":2612,"href":"https:\/\/www.gvs.com.br\/safety\/wp-json\/wp\/v2\/pages\/377\/revisions\/2612"}],"wp:attachment":[{"href":"https:\/\/www.gvs.com.br\/safety\/wp-json\/wp\/v2\/media?parent=377"}],"curies":[{"name":"wp","href":"https:\/\/api.w.org\/{rel}","templated":true}]}}