{"id":371,"date":"2025-02-11T22:45:55","date_gmt":"2025-02-11T22:45:55","guid":{"rendered":"https:\/\/prihdesigner.com.br\/Health-Safety\/?page_id=371"},"modified":"2025-02-13T21:31:37","modified_gmt":"2025-02-13T21:31:37","slug":"produtos-ajuste-apertado","status":"publish","type":"page","link":"https:\/\/www.gvs.com.br\/safety\/produtos-ajuste-apertado\/","title":{"rendered":"Produtos &#8211; Ajuste Apertado"},"content":{"rendered":"\n<div class=\"wp-block-uagb-container uagb-block-fdf8c6db alignfull uagb-is-root-container\"><div class=\"uagb-container-inner-blocks-wrap\">\n<div class=\"wp-block-uagb-container uagb-block-adf4623d\">\n<div class=\"wp-block-uagb-advanced-heading uagb-block-253a57c8\"><h1 class=\"uagb-heading-text\">Ajuste Apertado<br>Prote\u00e7\u00e3o Respirat\u00f3ria<\/h1><div class=\"uagb-separator\"><\/div><p class=\"uagb-desc-text\">Nossa linha de respiradores de ajuste apertado oferece solu\u00e7\u00f5es de EPI de alto desempenho, leves e compactas. Com uma ampla variedade de op\u00e7\u00f5es de filtros dispon\u00edveis, garanta sua prote\u00e7\u00e3o, independentemente da sua aplica\u00e7\u00e3o.<\/p><\/div>\n<\/div>\n\n\n\n<div class=\"wp-block-uagb-container uagb-block-6615bb17\"><\/div>\n<\/div><\/div>\n\n\n\n<div class=\"wp-block-uagb-separator uagb-block-92fb9a0b\"><div class=\"uagb-separator-spacing-wrapper\"><div class=\"wp-block-uagb-separator__inner\" style=\"--my-background-image:\"><\/div><\/div><\/div>\n\n\n<div class=\"n2_clear\"><ss3-force-full-width data-overflow-x=\"body\" data-horizontal-selector=\"body\"><div class=\"n2-section-smartslider fitvidsignore  n2_clear\" data-ssid=\"9\"><div id=\"n2-ss-9-align\" class=\"n2-ss-align\"><div class=\"n2-padding\"><div id=\"n2-ss-9\" data-creator=\"Smart Slider 3\" data-responsive=\"fullwidth\" class=\"n2-ss-slider n2-ow n2-has-hover n2notransition  \">\n        <div class=\"n2-ss-slider-1 n2-ow\">\n            <div class=\"n2-ss-slider-2 n2-ow\">\n                <div class=\"n2-ss-slide-backgrounds n2-ow-all\"><div class=\"n2-ss-slide-background\" data-public-id=\"1\" data-mode=\"fill\"><div data-color=\"RGBA(255,255,255,0)\" style=\"background-color: RGBA(255,255,255,0);\" class=\"n2-ss-slide-background-color\"><\/div><\/div><\/div>                <div class=\"n2-ss-slider-3 n2-ow\">\n                    <svg xmlns=\"http:\/\/www.w3.org\/2000\/svg\" viewBox=\"0 0 1200 600\" data-related-device=\"desktopPortrait\" class=\"n2-ow n2-ss-preserve-size n2-ss-preserve-size--slider n2-ss-slide-limiter\"><\/svg><div data-first=\"1\" data-slide-duration=\"0\" data-id=\"15\" data-slide-public-id=\"1\" data-title=\"Slide\" class=\"n2-ss-slide n2-ow  n2-ss-slide-15\"><div role=\"note\" class=\"n2-ss-slide--focus\" tabindex=\"-1\">Slide<\/div><div class=\"n2-ss-layers-container n2-ss-slide-limiter n2-ow\"><div class=\"n2-ss-layer n2-ow n-uc-ecVYodQez8j3\" data-sstype=\"slide\" data-pm=\"default\"><div class=\"n2-ss-layer n2-ow n-uc-MazhiUr82P5I\" data-pm=\"default\" data-sstype=\"content\" data-hasbackground=\"0\"><div class=\"n2-ss-section-main-content n2-ss-layer-with-background n2-ss-layer-content n2-ow n-uc-MazhiUr82P5I-inner\"><div class=\"n2-ss-layer n2-ow n2-ss-layer--block n2-ss-has-self-align n-uc-Ly88nNi0yjlH\" data-pm=\"normal\" data-sstype=\"row\"><div class=\"n2-ss-layer-row n2-ss-layer-with-background n-uc-Ly88nNi0yjlH-inner\"><div class=\"n2-ss-layer-row-inner \"><div class=\"n2-ss-layer n2-ow n-uc-SrCo7IwdylHn\" data-pm=\"default\" data-href=\"https:\/\/www.gvs.com.br\/safety\/produtos-ajuste-apertado-respirador-elipse\/\" tabindex=\"0\" role=\"button\" data-n2click=\"url\" data-force-pointer=\"\" data-sstype=\"col\"><div class=\"n2-ss-layer-col n2-ss-layer-with-background n2-ss-layer-content n-uc-SrCo7IwdylHn-inner\"><div class=\"n2-ss-layer n2-ow n-uc-1rLnX9qRJxq6\" data-pm=\"normal\" data-sstype=\"layer\"><div class=\" n2-ss-item-image-content n2-ss-item-content n2-ow-all\"><img loading=\"lazy\" decoding=\"async\" id=\"n2-ss-9item1\" alt=\"\" class=\"skip-lazy\" width=\"900\" height=\"900\" data-skip-lazy=\"1\" src=\"\/\/www.gvs.com.br\/safety\/wp-content\/uploads\/2025\/02\/Respirador-Semifacial-Elipse-P3-Antiodor.jpg\" \/><\/div><\/div><div class=\"n2-ss-layer n2-ow n-uc-GXpCvnWvlUaE\" data-pm=\"normal\" data-sstype=\"layer\"><div id=\"n2-ss-9item2\" class=\"n2-font-11036efe753779970ef2bc0a389ebe93-hover   n2-ss-item-content n2-ss-text n2-ow\" style=\"display:block;\">Respirador Semifacial Elipse\u00ae<br><\/div><\/div><div class=\"n2-ss-layer n2-ow n-uc-vStNsMZdgzUE\" data-pm=\"normal\" data-sstype=\"layer\"><div id=\"n2-ss-9item3\" class=\"n2-font-f1ca607319dadb1a9c6b24f7d9335392-hover   n2-ss-item-content n2-ss-text n2-ow\" style=\"display:block;\"> Particulados<\/div><\/div><div class=\"n2-ss-layer n2-ow n-uc-eoLH3LCx2M5n\" data-pm=\"normal\" data-sstype=\"layer\"><div class=\"n2-ss-item-content n2-ss-text n2-ow-all\"><div class=\"\"><p class=\"n2-font-591f38d3f85d2caf8a332380265a2aff-paragraph   \">GVS Elipse oferece um alto n\u00edvel de prote\u00e7\u00e3o e conforto duradouro gra\u00e7as \u00e0 sua constru\u00e7\u00e3o ergon\u00f4mica e leve.<\/p>\n<\/div><\/div><\/div><\/div><\/div><div class=\"n2-ss-layer n2-ow n-uc-14e02a74c00f4\" data-pm=\"default\" data-href=\"https:\/\/www.gvs.com.br\/safety\/produtos-ajuste-apertado-respirador-elipse-full-face\/\" tabindex=\"0\" role=\"button\" data-n2click=\"url\" data-force-pointer=\"\" data-sstype=\"col\"><div class=\"n2-ss-layer-col n2-ss-layer-with-background n2-ss-layer-content n-uc-14e02a74c00f4-inner\"><div class=\"n2-ss-layer n2-ow n-uc-1cdadf1fb9893\" data-pm=\"normal\" data-sstype=\"layer\"><div class=\" n2-ss-item-image-content n2-ss-item-content n2-ow-all\"><img loading=\"lazy\" decoding=\"async\" id=\"n2-ss-9item5\" alt=\"\" class=\"skip-lazy\" width=\"900\" height=\"900\" data-skip-lazy=\"1\" src=\"\/\/www.gvs.com.br\/safety\/wp-content\/uploads\/2025\/05\/FFM221G-A1P3-1-2-1.png\" \/><\/div><\/div><div class=\"n2-ss-layer n2-ow n-uc-1252168f1abf3\" data-pm=\"normal\" data-sstype=\"layer\"><div id=\"n2-ss-9item6\" class=\"n2-font-07b90bcd64d6b94d8b36ce7476b22014-hover   n2-ss-item-content n2-ss-text n2-ow\" style=\"display:block;\">Respirador Elipse\u00ae Full Face<\/div><\/div><div class=\"n2-ss-layer n2-ow n-uc-12e55a9365baa\" data-pm=\"normal\" data-sstype=\"layer\"><div class=\"n2-ss-item-content n2-ss-text n2-ow-all\"><div class=\"\"><p class=\"n2-font-591f38d3f85d2caf8a332380265a2aff-paragraph   \">GVS Elipse oferece um alto n\u00edvel de prote\u00e7\u00e3o e conforto duradouro gra\u00e7as \u00e0 sua constru\u00e7\u00e3o ergon\u00f4mica e leve.<\/p>\n<\/div><\/div><\/div><\/div><\/div><div class=\"n2-ss-layer n2-ow n-uc-6Co39OUw7VFe\" data-pm=\"default\" data-href=\"https:\/\/www.gvs.com.br\/safety\/produtos-ajuste-apertado-respirador-integra\/\" tabindex=\"0\" role=\"button\" data-n2click=\"url\" data-force-pointer=\"\" data-sstype=\"col\"><div class=\"n2-ss-layer-col n2-ss-layer-with-background n2-ss-layer-content n-uc-6Co39OUw7VFe-inner\"><div class=\"n2-ss-layer n2-ow n-uc-xJQ2TauHUeeT\" data-pm=\"normal\" data-sstype=\"layer\"><div class=\" n2-ss-item-image-content n2-ss-item-content n2-ow-all\"><img loading=\"lazy\" decoding=\"async\" id=\"n2-ss-9item8\" alt=\"\" class=\"skip-lazy\" width=\"900\" height=\"900\" data-skip-lazy=\"1\" src=\"\/\/www.gvs.com.br\/safety\/wp-content\/uploads\/2025\/02\/Respirador-Elipse-Integra-P3-1.jpg\" \/><\/div><\/div><div class=\"n2-ss-layer n2-ow n-uc-SEIivQHVMbHe\" data-pm=\"normal\" data-sstype=\"layer\"><div id=\"n2-ss-9item9\" class=\"n2-font-07b90bcd64d6b94d8b36ce7476b22014-hover   n2-ss-item-content n2-ss-text n2-ow\" style=\"display:block;\">Respirador Elipse\u00ae Integra\u00ae<\/div><\/div><div class=\"n2-ss-layer n2-ow n-uc-AustcJqvDMMe\" data-pm=\"normal\" data-sstype=\"layer\"><div class=\"n2-ss-item-content n2-ss-text n2-ow-all\"><div class=\"\"><p class=\"n2-font-591f38d3f85d2caf8a332380265a2aff-paragraph   \">Oferecendo conforto real e prote\u00e7\u00e3o em ambientes de altas temperaturas.<\/p>\n<\/div><\/div><\/div><\/div><\/div><div class=\"n2-ss-layer n2-ow n-uc-1d7b1aef40312\" data-pm=\"default\" data-href=\"https:\/\/www.gvs.com.br\/safety\/produtos-ajuste-apertado-protecao-quimica-particulados\/\" tabindex=\"0\" role=\"button\" data-n2click=\"url\" data-force-pointer=\"\" data-sstype=\"col\"><div class=\"n2-ss-layer-col n2-ss-layer-with-background n2-ss-layer-content n-uc-1d7b1aef40312-inner\"><div class=\"n2-ss-layer n2-ow n-uc-1b8417eeedffb\" data-pm=\"normal\" data-sstype=\"layer\"><div class=\" n2-ss-item-image-content n2-ss-item-content n2-ow-all\"><img loading=\"lazy\" decoding=\"async\" id=\"n2-ss-9item11\" alt=\"\" class=\"skip-lazy\" width=\"900\" height=\"900\" data-skip-lazy=\"1\" src=\"\/\/www.gvs.com.br\/safety\/wp-content\/uploads\/2025\/02\/mascara-semifacial-elipse-a1p3.jpg\" \/><\/div><\/div><div class=\"n2-ss-layer n2-ow n-uc-1d07d7f89fd09\" data-pm=\"normal\" data-sstype=\"layer\"><div id=\"n2-ss-9item12\" class=\"n2-font-d5267b98775ae9a1c48c0b2a21a77ac2-hover   n2-ss-item-content n2-ss-text n2-ow\" style=\"display:block;\">Respirador<br>Semifacial Elipse \u00ae<br><\/div><\/div><div class=\"n2-ss-layer n2-ow n-uc-i4STsQQpb2SJ\" data-pm=\"normal\" data-sstype=\"layer\"><div id=\"n2-ss-9item13\" class=\"n2-font-66ea8f452a97a9660a4f981e30c653db-hover   n2-ss-item-content n2-ss-text n2-ow\" style=\"display:block;\">Prote\u00e7\u00e3o Qu\u00edmica + Particulados <br><\/div><\/div><div class=\"n2-ss-layer n2-ow n-uc-15a8e144c63b4\" data-pm=\"normal\" data-sstype=\"layer\"><div class=\"n2-ss-item-content n2-ss-text n2-ow-all\"><div class=\"\"><p class=\"n2-font-591f38d3f85d2caf8a332380265a2aff-paragraph   \">Compacto, leve e flex\u00edvel, este design adapta-se perfeitamente a qualquer tipo de rosto<\/p>\n<\/div><\/div><\/div><\/div><\/div><div class=\"n2-ss-layer n2-ow n-uc-19fe9182a346d\" data-pm=\"default\" data-href=\"https:\/\/www.gvs.com.br\/safety\/produtos-ajuste-apertado-respirador-elipse-protecao-quimica\/\" tabindex=\"0\" role=\"button\" data-n2click=\"url\" data-force-pointer=\"\" data-sstype=\"col\"><div class=\"n2-ss-layer-col n2-ss-layer-with-background n2-ss-layer-content n-uc-19fe9182a346d-inner\"><div class=\"n2-ss-layer n2-ow n-uc-129db9dd979e6\" data-pm=\"normal\" data-sstype=\"layer\"><div class=\" n2-ss-item-image-content n2-ss-item-content n2-ow-all\"><img loading=\"lazy\" decoding=\"async\" id=\"n2-ss-9item15\" alt=\"\" class=\"skip-lazy\" width=\"900\" height=\"900\" data-skip-lazy=\"1\" src=\"\/\/www.gvs.com.br\/safety\/wp-content\/uploads\/2025\/02\/mascara-semifacial-elipse-a1.jpg\" \/><\/div><\/div><div class=\"n2-ss-layer n2-ow n-uc-19b922aed7722\" data-pm=\"normal\" data-sstype=\"layer\"><div id=\"n2-ss-9item16\" class=\"n2-font-07b90bcd64d6b94d8b36ce7476b22014-hover   n2-ss-item-content n2-ss-text n2-ow\" style=\"display:block;\">Respirador<br>Semifacial Elipse \u00ae<\/div><\/div><div class=\"n2-ss-layer n2-ow n-uc-PZnVsq2X53d1\" data-pm=\"normal\" data-sstype=\"layer\"><div id=\"n2-ss-9item17\" class=\"n2-font-f1ca607319dadb1a9c6b24f7d9335392-hover   n2-ss-item-content n2-ss-text n2-ow\" style=\"display:block;\">Prote\u00e7\u00e3o Qu\u00edmica <\/div><\/div><div class=\"n2-ss-layer n2-ow n-uc-14179a83c33fb\" data-pm=\"normal\" data-sstype=\"layer\"><div class=\"n2-ss-item-content n2-ss-text n2-ow-all\"><div class=\"\"><p class=\"n2-font-591f38d3f85d2caf8a332380265a2aff-paragraph   \">Compacto, leve e flex\u00edvel, este design adapta-se perfeitamente a qualquer tipo de rosto<\/p>\n<\/div><\/div><\/div><\/div><\/div><\/div><\/div><\/div><\/div><\/div><\/div><\/div><\/div>                <\/div>\n                            <\/div>\n        <\/div>\n        <\/div><ss3-loader><\/ss3-loader><\/div><\/div><div class=\"n2_clear\"><\/div><\/div><\/ss3-force-full-width><\/div>","protected":false},"excerpt":{"rendered":"<p>Ajuste ApertadoProte\u00e7\u00e3o Respirat\u00f3ria Nossa linha de respiradores de ajuste apertado oferece solu\u00e7\u00f5es de EPI de alto desempenho, leves e compactas. [&hellip;]<\/p>\n","protected":false},"author":2,"featured_media":0,"parent":0,"menu_order":0,"comment_status":"closed","ping_status":"closed","template":"","meta":{"_uag_custom_page_level_css":"","site-sidebar-layout":"default","site-content-layout":"","ast-site-content-layout":"","site-content-style":"default","site-sidebar-style":"default","ast-global-header-display":"","ast-banner-title-visibility":"","ast-main-header-display":"","ast-hfb-above-header-display":"","ast-hfb-below-header-display":"","ast-hfb-mobile-header-display":"","site-post-title":"disabled","ast-breadcrumbs-content":"","ast-featured-img":"","footer-sml-layout":"","ast-disable-related-posts":"","theme-transparent-header-meta":"","adv-header-id-meta":"","stick-header-meta":"","header-above-stick-meta":"","header-main-stick-meta":"","header-below-stick-meta":"","astra-migrate-meta-layouts":"default","ast-page-background-enabled":"default","ast-page-background-meta":{"desktop":{"background-color":"var(--ast-global-color-4)","background-image":"","background-repeat":"repeat","background-position":"center center","background-size":"auto","background-attachment":"scroll","background-type":"","background-media":"","overlay-type":"","overlay-color":"","overlay-opacity":"","overlay-gradient":""},"tablet":{"background-color":"","background-image":"","background-repeat":"repeat","background-position":"center center","background-size":"auto","background-attachment":"scroll","background-type":"","background-media":"","overlay-type":"","overlay-color":"","overlay-opacity":"","overlay-gradient":""},"mobile":{"background-color":"","background-image":"","background-repeat":"repeat","background-position":"center center","background-size":"auto","background-attachment":"scroll","background-type":"","background-media":"","overlay-type":"","overlay-color":"","overlay-opacity":"","overlay-gradient":""}},"ast-content-background-meta":{"desktop":{"background-color":"var(--ast-global-color-5)","background-image":"","background-repeat":"repeat","background-position":"center center","background-size":"auto","background-attachment":"scroll","background-type":"","background-media":"","overlay-type":"","overlay-color":"","overlay-opacity":"","overlay-gradient":""},"tablet":{"background-color":"var(--ast-global-color-5)","background-image":"","background-repeat":"repeat","background-position":"center center","background-size":"auto","background-attachment":"scroll","background-type":"","background-media":"","overlay-type":"","overlay-color":"","overlay-opacity":"","overlay-gradient":""},"mobile":{"background-color":"var(--ast-global-color-5)","background-image":"","background-repeat":"repeat","background-position":"center center","background-size":"auto","background-attachment":"scroll","background-type":"","background-media":"","overlay-type":"","overlay-color":"","overlay-opacity":"","overlay-gradient":""}},"footnotes":""},"class_list":["post-371","page","type-page","status-publish","hentry"],"yoast_head":"<!-- This site is optimized with the Yoast SEO plugin v27.2 - https:\/\/yoast.com\/product\/yoast-seo-wordpress\/ -->\n<title>Produtos - Ajuste Apertado - Safety<\/title>\n<meta name=\"robots\" content=\"index, follow, max-snippet:-1, max-image-preview:large, max-video-preview:-1\" \/>\n<link rel=\"canonical\" href=\"https:\/\/www.gvs.com.br\/safety\/produtos-ajuste-apertado\/\" \/>\n<meta property=\"og:locale\" content=\"pt_BR\" \/>\n<meta property=\"og:type\" content=\"article\" \/>\n<meta property=\"og:title\" content=\"Produtos - Ajuste Apertado - Safety\" \/>\n<meta property=\"og:description\" content=\"Ajuste ApertadoProte\u00e7\u00e3o Respirat\u00f3ria Nossa linha de respiradores de ajuste apertado oferece solu\u00e7\u00f5es de EPI de alto desempenho, leves e compactas. [&hellip;]\" \/>\n<meta property=\"og:url\" content=\"https:\/\/www.gvs.com.br\/safety\/produtos-ajuste-apertado\/\" \/>\n<meta property=\"og:site_name\" content=\"Safety\" \/>\n<meta property=\"article:modified_time\" content=\"2025-02-13T21:31:37+00:00\" \/>\n<meta name=\"twitter:card\" content=\"summary_large_image\" \/>\n<meta name=\"twitter:label1\" content=\"Est. tempo de leitura\" \/>\n\t<meta name=\"twitter:data1\" content=\"1 minuto\" \/>\n<script type=\"application\/ld+json\" class=\"yoast-schema-graph\">{\"@context\":\"https:\/\/schema.org\",\"@graph\":[{\"@type\":\"WebPage\",\"@id\":\"https:\/\/www.gvs.com.br\/safety\/produtos-ajuste-apertado\/\",\"url\":\"https:\/\/www.gvs.com.br\/safety\/produtos-ajuste-apertado\/\",\"name\":\"Produtos - Ajuste Apertado - Safety\",\"isPartOf\":{\"@id\":\"https:\/\/www.gvs.com.br\/safety\/#website\"},\"datePublished\":\"2025-02-11T22:45:55+00:00\",\"dateModified\":\"2025-02-13T21:31:37+00:00\",\"breadcrumb\":{\"@id\":\"https:\/\/www.gvs.com.br\/safety\/produtos-ajuste-apertado\/#breadcrumb\"},\"inLanguage\":\"pt-BR\",\"potentialAction\":[{\"@type\":\"ReadAction\",\"target\":[\"https:\/\/www.gvs.com.br\/safety\/produtos-ajuste-apertado\/\"]}]},{\"@type\":\"BreadcrumbList\",\"@id\":\"https:\/\/www.gvs.com.br\/safety\/produtos-ajuste-apertado\/#breadcrumb\",\"itemListElement\":[{\"@type\":\"ListItem\",\"position\":1,\"name\":\"In\u00edcio\",\"item\":\"https:\/\/www.gvs.com.br\/safety\/\"},{\"@type\":\"ListItem\",\"position\":2,\"name\":\"Produtos &#8211; Ajuste Apertado\"}]},{\"@type\":\"WebSite\",\"@id\":\"https:\/\/www.gvs.com.br\/safety\/#website\",\"url\":\"https:\/\/www.gvs.com.br\/safety\/\",\"name\":\"Safety\",\"description\":\"\",\"publisher\":{\"@id\":\"https:\/\/www.gvs.com.br\/safety\/#organization\"},\"potentialAction\":[{\"@type\":\"SearchAction\",\"target\":{\"@type\":\"EntryPoint\",\"urlTemplate\":\"https:\/\/www.gvs.com.br\/safety\/?s={search_term_string}\"},\"query-input\":{\"@type\":\"PropertyValueSpecification\",\"valueRequired\":true,\"valueName\":\"search_term_string\"}}],\"inLanguage\":\"pt-BR\"},{\"@type\":\"Organization\",\"@id\":\"https:\/\/www.gvs.com.br\/safety\/#organization\",\"name\":\"Safety\",\"url\":\"https:\/\/www.gvs.com.br\/safety\/\",\"logo\":{\"@type\":\"ImageObject\",\"inLanguage\":\"pt-BR\",\"@id\":\"https:\/\/www.gvs.com.br\/safety\/#\/schema\/logo\/image\/\",\"url\":\"https:\/\/www.gvs.com.br\/safety\/wp-content\/uploads\/2024\/12\/Logo-GVS-Safety.png\",\"contentUrl\":\"https:\/\/www.gvs.com.br\/safety\/wp-content\/uploads\/2024\/12\/Logo-GVS-Safety.png\",\"width\":1920,\"height\":1080,\"caption\":\"Safety\"},\"image\":{\"@id\":\"https:\/\/www.gvs.com.br\/safety\/#\/schema\/logo\/image\/\"}}]}<\/script>\n<!-- \/ Yoast SEO plugin. -->","yoast_head_json":{"title":"Produtos - Ajuste Apertado - Safety","robots":{"index":"index","follow":"follow","max-snippet":"max-snippet:-1","max-image-preview":"max-image-preview:large","max-video-preview":"max-video-preview:-1"},"canonical":"https:\/\/www.gvs.com.br\/safety\/produtos-ajuste-apertado\/","og_locale":"pt_BR","og_type":"article","og_title":"Produtos - Ajuste Apertado - Safety","og_description":"Ajuste ApertadoProte\u00e7\u00e3o Respirat\u00f3ria Nossa linha de respiradores de ajuste apertado oferece solu\u00e7\u00f5es de EPI de alto desempenho, leves e compactas. [&hellip;]","og_url":"https:\/\/www.gvs.com.br\/safety\/produtos-ajuste-apertado\/","og_site_name":"Safety","article_modified_time":"2025-02-13T21:31:37+00:00","twitter_card":"summary_large_image","twitter_misc":{"Est. tempo de leitura":"1 minuto"},"schema":{"@context":"https:\/\/schema.org","@graph":[{"@type":"WebPage","@id":"https:\/\/www.gvs.com.br\/safety\/produtos-ajuste-apertado\/","url":"https:\/\/www.gvs.com.br\/safety\/produtos-ajuste-apertado\/","name":"Produtos - Ajuste Apertado - Safety","isPartOf":{"@id":"https:\/\/www.gvs.com.br\/safety\/#website"},"datePublished":"2025-02-11T22:45:55+00:00","dateModified":"2025-02-13T21:31:37+00:00","breadcrumb":{"@id":"https:\/\/www.gvs.com.br\/safety\/produtos-ajuste-apertado\/#breadcrumb"},"inLanguage":"pt-BR","potentialAction":[{"@type":"ReadAction","target":["https:\/\/www.gvs.com.br\/safety\/produtos-ajuste-apertado\/"]}]},{"@type":"BreadcrumbList","@id":"https:\/\/www.gvs.com.br\/safety\/produtos-ajuste-apertado\/#breadcrumb","itemListElement":[{"@type":"ListItem","position":1,"name":"In\u00edcio","item":"https:\/\/www.gvs.com.br\/safety\/"},{"@type":"ListItem","position":2,"name":"Produtos &#8211; Ajuste Apertado"}]},{"@type":"WebSite","@id":"https:\/\/www.gvs.com.br\/safety\/#website","url":"https:\/\/www.gvs.com.br\/safety\/","name":"Safety","description":"","publisher":{"@id":"https:\/\/www.gvs.com.br\/safety\/#organization"},"potentialAction":[{"@type":"SearchAction","target":{"@type":"EntryPoint","urlTemplate":"https:\/\/www.gvs.com.br\/safety\/?s={search_term_string}"},"query-input":{"@type":"PropertyValueSpecification","valueRequired":true,"valueName":"search_term_string"}}],"inLanguage":"pt-BR"},{"@type":"Organization","@id":"https:\/\/www.gvs.com.br\/safety\/#organization","name":"Safety","url":"https:\/\/www.gvs.com.br\/safety\/","logo":{"@type":"ImageObject","inLanguage":"pt-BR","@id":"https:\/\/www.gvs.com.br\/safety\/#\/schema\/logo\/image\/","url":"https:\/\/www.gvs.com.br\/safety\/wp-content\/uploads\/2024\/12\/Logo-GVS-Safety.png","contentUrl":"https:\/\/www.gvs.com.br\/safety\/wp-content\/uploads\/2024\/12\/Logo-GVS-Safety.png","width":1920,"height":1080,"caption":"Safety"},"image":{"@id":"https:\/\/www.gvs.com.br\/safety\/#\/schema\/logo\/image\/"}}]}},"uagb_featured_image_src":{"full":false,"thumbnail":false,"medium":false,"medium_large":false,"large":false,"1536x1536":false,"2048x2048":false},"uagb_author_info":{"display_name":"admin-gvs","author_link":"https:\/\/www.gvs.com.br\/safety\/author\/admin-gvs\/"},"uagb_comment_info":0,"uagb_excerpt":"Ajuste ApertadoProte\u00e7\u00e3o Respirat\u00f3ria Nossa linha de respiradores de ajuste apertado oferece solu\u00e7\u00f5es de EPI de alto desempenho, leves e compactas. [&hellip;]","_links":{"self":[{"href":"https:\/\/www.gvs.com.br\/safety\/wp-json\/wp\/v2\/pages\/371","targetHints":{"allow":["GET"]}}],"collection":[{"href":"https:\/\/www.gvs.com.br\/safety\/wp-json\/wp\/v2\/pages"}],"about":[{"href":"https:\/\/www.gvs.com.br\/safety\/wp-json\/wp\/v2\/types\/page"}],"author":[{"embeddable":true,"href":"https:\/\/www.gvs.com.br\/safety\/wp-json\/wp\/v2\/users\/2"}],"replies":[{"embeddable":true,"href":"https:\/\/www.gvs.com.br\/safety\/wp-json\/wp\/v2\/comments?post=371"}],"version-history":[{"count":10,"href":"https:\/\/www.gvs.com.br\/safety\/wp-json\/wp\/v2\/pages\/371\/revisions"}],"predecessor-version":[{"id":665,"href":"https:\/\/www.gvs.com.br\/safety\/wp-json\/wp\/v2\/pages\/371\/revisions\/665"}],"wp:attachment":[{"href":"https:\/\/www.gvs.com.br\/safety\/wp-json\/wp\/v2\/media?parent=371"}],"curies":[{"name":"wp","href":"https:\/\/api.w.org\/{rel}","templated":true}]}}