{"id":280,"date":"2025-02-10T20:01:10","date_gmt":"2025-02-10T20:01:10","guid":{"rendered":"https:\/\/prihdesigner.com.br\/Health-Safety\/?page_id=280"},"modified":"2025-08-15T18:32:02","modified_gmt":"2025-08-15T18:32:02","slug":"jateamento","status":"publish","type":"page","link":"https:\/\/www.gvs.com.br\/safety\/jateamento\/","title":{"rendered":"Jateamento"},"content":{"rendered":"\n<div class=\"wp-block-uagb-container uagb-block-fbc72931 alignfull uagb-is-root-container\"><div class=\"uagb-container-inner-blocks-wrap\">\n<div class=\"wp-block-uagb-container uagb-block-2e1d9a02\">\n<div class=\"wp-block-uagb-advanced-heading uagb-block-3f761b4a\"><h1 class=\"uagb-heading-text\">Solu\u00e7\u00f5es de Prote\u00e7\u00e3o Respirat\u00f3ria para Jateamento Abrasivo<\/h1><div class=\"uagb-separator\"><\/div><\/div>\n<\/div>\n\n\n\n<div class=\"wp-block-uagb-container uagb-block-fa47e127\"><\/div>\n<\/div><\/div>\n\n\n\n<p><\/p>\n\n\n\n<p class=\"has-text-align-justify has-text-align-justify\">Estamos no setor de jateamento h\u00e1 mais de quatro d\u00e9cadas e ainda somos movidos pelo mesmo objetivo: proporcionar mais conforto aos operadores no trabalho. Nossa linha de solu\u00e7\u00f5es para jateamento foi desenvolvida para oferecer suporte a voc\u00ea, permitindo que desempenhe seu melhor por mais tempo.<\/p>\n\n\n\n<div class=\"wp-block-uagb-advanced-heading uagb-block-f7ae17dc\"><h1 class=\"uagb-heading-text\">Nossa linha de jateamento abrasivo<\/h1><\/div>\n\n\n\n<div class=\"wp-block-uagb-separator uagb-block-55629c9e\"><div class=\"uagb-separator-spacing-wrapper\"><div class=\"wp-block-uagb-separator__inner\" style=\"--my-background-image:\"><\/div><\/div><\/div>\n\n\n\n<div class=\"wp-block-uagb-container uagb-block-6799e910 alignfull uagb-is-root-container\"><div class=\"uagb-container-inner-blocks-wrap\">\n<div class=\"wp-block-uagb-container uagb-block-2e396472\">\n<div class=\"wp-block-uagb-image uagb-block-e214274e wp-block-uagb-image--layout-default wp-block-uagb-image--effect-static wp-block-uagb-image--align-none\"><figure class=\"wp-block-uagb-image__figure\"><img decoding=\"async\"  sizes=\"auto, (max-width: 480px) 150px\" src=\"https:\/\/www.gvs.com.br\/safety\/wp-content\/uploads\/2025\/02\/BLOCO4.png\" alt=\"\" width=\"400\" height=\"389\" title=\"BLOCO4\" loading=\"lazy\" role=\"img\"\/><\/figure><\/div>\n<\/div>\n\n\n\n<div class=\"wp-block-uagb-container uagb-block-c8b5372b\">\n<div class=\"wp-block-uagb-info-box uagb-block-2aeb8bdc uagb-infobox__content-wrap  uagb-infobox-icon-above-title uagb-infobox-image-valign-top\"><div class=\"uagb-ifb-content\"><div class=\"uagb-ifb-title-wrap\"><h1 class=\"uagb-ifb-title\">Nova 3<\/h1><\/div><p class=\"uagb-ifb-desc\">A GVS revoluciona a experi\u00eancia de jateamento abrasivo com o respirador mais confort\u00e1vel do mundo, o Nova 3.<\/p><div class=\"uagb-ifb-button-wrapper wp-block-button\"><a href=\"https:\/\/www.gvs.com.br\/safety\/produtos-ajuste-solto-gvs-nova-3\/\" class=\"uagb-infobox-cta-link wp-block-button__link\" target=\"_self\" rel=\"noopener noreferrer\" onclick=\"return true;\"><span class=\"uagb-inline-editing\">Veja o Nova 3<\/span><svg xmlns=\"https:\/\/www.w3.org\/2000\/svg\" viewBox=\"0 0 256 512\"><path d=\"M64 448c-8.188 0-16.38-3.125-22.62-9.375c-12.5-12.5-12.5-32.75 0-45.25L178.8 256L41.38 118.6c-12.5-12.5-12.5-32.75 0-45.25s32.75-12.5 45.25 0l160 160c12.5 12.5 12.5 32.75 0 45.25l-160 160C80.38 444.9 72.19 448 64 448z\"><\/path><\/svg><\/a><\/div><\/div><\/div>\n<\/div>\n<\/div><\/div>\n\n\n\n<div class=\"wp-block-uagb-separator uagb-block-9fb8827e\"><div class=\"uagb-separator-spacing-wrapper\"><div class=\"wp-block-uagb-separator__inner\" style=\"--my-background-image:\"><\/div><\/div><\/div>\n\n\n\n<div class=\"wp-block-uagb-advanced-heading uagb-block-c6ed3532\"><h1 class=\"uagb-heading-text\">Nossa linha de jateamento abrasivo foi desenvolvida para ajudar voc\u00ea a realizar o trabalho de jateamento com mais efici\u00eancia.<\/h1><\/div>\n\n\n\n<div class=\"wp-block-uagb-container uagb-block-1ee3347f alignfull uagb-is-root-container\"><div class=\"uagb-container-inner-blocks-wrap\">\n<div class=\"wp-block-uagb-container uagb-block-fd91ea13\">\n<div class=\"wp-block-uagb-image uagb-block-d1e5e1a0 wp-block-uagb-image--layout-default wp-block-uagb-image--effect-static wp-block-uagb-image--align-none\"><figure class=\"wp-block-uagb-image__figure\"><img decoding=\"async\"  sizes=\"auto, (max-width: 480px) 150px\" src=\"https:\/\/www.gvs.com.br\/safety\/wp-content\/uploads\/2025\/05\/destaque-jateamento.png\" alt=\"\" width=\"550\" height=\"351\" title=\"destaque-jateamento\" loading=\"lazy\" role=\"img\"\/><\/figure><\/div>\n\n\n\n<div class=\"wp-block-uagb-advanced-heading uagb-block-c158592d\"><h4 class=\"uagb-heading-text\">Constru\u00eddo e testado por especialistas, para especialistas<\/h4><\/div>\n\n\n\n<p class=\"has-text-align-justify has-text-align-justify\" style=\"font-size:14px\">Temos a expertise porque j\u00e1 estivemos l\u00e1. Come\u00e7amos como operadores de jateamento abrasivo. Motivados pelo nosso pr\u00f3prio conhecimento e pela colabora\u00e7\u00e3o estreita com os jateadores de hoje, trabalhamos duro para desenvolver equipamentos que ajudem voc\u00ea a trabalhar da melhor forma poss\u00edvel.<\/p>\n<\/div>\n\n\n\n<div class=\"wp-block-uagb-container uagb-block-5d7235cc\">\n<div class=\"wp-block-uagb-image uagb-block-33a90485 wp-block-uagb-image--layout-default wp-block-uagb-image--effect-static wp-block-uagb-image--align-none\"><figure class=\"wp-block-uagb-image__figure\"><img decoding=\"async\"  sizes=\"auto, (max-width: 480px) 150px\" src=\"https:\/\/www.gvs.com.br\/safety\/wp-content\/uploads\/2025\/02\/IMAGEM2.jpg\" alt=\"\" width=\"550\" height=\"351\" title=\"IMAGEM2\" loading=\"lazy\" role=\"img\"\/><\/figure><\/div>\n\n\n\n<div class=\"wp-block-uagb-advanced-heading uagb-block-c634c994\"><h4 class=\"uagb-heading-text\">Projetado para conforto e seguran\u00e7a<\/h4><\/div>\n\n\n\n<p class=\"has-text-align-justify has-text-align-justify\" style=\"font-size:14px\">A seguran\u00e7a \u00e9 garantida, mas o conforto \u00e9 uma prioridade. Por isso, desenvolvemos o primeiro capacete de jateamento abrasivo com almofadas para manter os operadores confort\u00e1veis durante turnos longos. Resistente, por\u00e9m leve, com distribui\u00e7\u00e3o uniforme de peso, nossos respiradores de jateamento ajudam voc\u00ea a se sentir melhor no final do dia.<\/p>\n<\/div>\n\n\n\n<div class=\"wp-block-uagb-container uagb-block-2969ffc6\">\n<div class=\"wp-block-uagb-image uagb-block-bdb8d8a9 wp-block-uagb-image--layout-default wp-block-uagb-image--effect-static wp-block-uagb-image--align-none\"><figure class=\"wp-block-uagb-image__figure\"><img decoding=\"async\"  sizes=\"auto, (max-width: 480px) 150px\" src=\"https:\/\/www.gvs.com.br\/safety\/wp-content\/uploads\/2025\/02\/IMAGEM3.jpg\" alt=\"\" width=\"550\" height=\"351\" title=\"IMAGEM3\" loading=\"lazy\" role=\"img\"\/><\/figure><\/div>\n\n\n\n<div class=\"wp-block-uagb-advanced-heading uagb-block-638f6ce0\"><h4 class=\"uagb-heading-text\">Aumente a produtividade<\/h4><\/div>\n\n\n\n<p class=\"has-text-align-justify has-text-align-justify\" style=\"font-size:14px\">Com recursos e capacidades como lentes descart\u00e1veis para melhorar a efici\u00eancia, nossos respiradores de jateamento abrasivo ajudam voc\u00ea a se concentrar na tarefa \u00e0 frente. Mantenha-se confort\u00e1vel, melhore sua produtividade e realize mais tarefas.<\/p>\n<\/div>\n<\/div><\/div>\n\n\n\n<div class=\"wp-block-uagb-container uagb-block-2f0acc0c alignfull uagb-is-root-container\"><div class=\"uagb-container-inner-blocks-wrap\">\n<div class=\"wp-block-uagb-container uagb-block-3002278d\">\n<div class=\"wp-block-uagb-info-box uagb-block-1910a2f8 uagb-infobox__content-wrap  uagb-infobox-icon-above-title uagb-infobox-image-valign-top\"><div class=\"uagb-ifb-content\"><div class=\"uagb-ifb-title-wrap\"><h1 class=\"uagb-ifb-title\">Solu\u00e7\u00f5es de ar comprimido<\/h1><\/div><p class=\"uagb-ifb-desc\">Nossa linha de solu\u00e7\u00f5es de ar comprimido, filtra\u00e7\u00e3o e monitoramento \u00e9 compat\u00edvel com nossos respiradores de jateamento abrasivo, garantindo a confian\u00e7a de que seu suprimento de ar \u00e9 seguro para respirar.<\/p><div class=\"uagb-ifb-button-wrapper wp-block-button\"><a href=\"https:\/\/www.gvs.com.br\/safety\/produtos-ar-comprimido\/\" class=\"uagb-infobox-cta-link wp-block-button__link\" target=\"_self\" rel=\"noopener noreferrer\" onclick=\"return true;\"><span class=\"uagb-inline-editing\">Ver produtos<\/span><svg xmlns=\"https:\/\/www.w3.org\/2000\/svg\" viewBox=\"0 0 256 512\"><path d=\"M64 448c-8.188 0-16.38-3.125-22.62-9.375c-12.5-12.5-12.5-32.75 0-45.25L178.8 256L41.38 118.6c-12.5-12.5-12.5-32.75 0-45.25s32.75-12.5 45.25 0l160 160c12.5 12.5 12.5 32.75 0 45.25l-160 160C80.38 444.9 72.19 448 64 448z\"><\/path><\/svg><\/a><\/div><\/div><\/div>\n<\/div>\n\n\n\n<div class=\"wp-block-uagb-container uagb-block-39c768a9\">\n<div class=\"wp-block-uagb-image uagb-block-0f6456ef wp-block-uagb-image--layout-default wp-block-uagb-image--effect-static wp-block-uagb-image--align-none\"><figure class=\"wp-block-uagb-image__figure\"><img decoding=\"async\"  sizes=\"auto, (max-width: 480px) 150px\" src=\"https:\/\/www.gvs.com.br\/safety\/wp-content\/uploads\/2025\/02\/Bloco-4-3.jpg\" alt=\"\" width=\"550\" height=\"349\" title=\"Bloco 4 (3)\" loading=\"lazy\" role=\"img\"\/><\/figure><\/div>\n<\/div>\n<\/div><\/div>\n\n\n\n<div class=\"wp-block-uagb-advanced-heading uagb-block-c54743fa\"><h1 class=\"uagb-heading-text\">Respiradores projetados para o ambiente de jateamento abrasivo<\/h1><\/div>\n\n\n\n<div class=\"wp-block-uagb-container uagb-block-2d357ec4 alignfull uagb-is-root-container\"><div class=\"uagb-container-inner-blocks-wrap\">\n<div class=\"wp-block-uagb-container uagb-block-d36dfe08\">\n<div class=\"wp-block-uagb-image uagb-block-35ca8e0f wp-block-uagb-image--layout-default wp-block-uagb-image--effect-static wp-block-uagb-image--align-none\"><figure class=\"wp-block-uagb-image__figure\"><img decoding=\"async\"  sizes=\"auto, (max-width: 480px) 150px\" src=\"https:\/\/www.gvs.com.br\/safety\/wp-content\/uploads\/2025\/02\/IMAGEM1-1.jpg\" alt=\"\" width=\"550\" height=\"350\" title=\"IMAGEM1\" loading=\"lazy\" role=\"img\"\/><\/figure><\/div>\n\n\n\n<div class=\"wp-block-uagb-advanced-heading uagb-block-b4a07938\"><h4 class=\"uagb-heading-text\">Sistema de lentes descart\u00e1veis<\/h4><\/div>\n\n\n\n<p class=\"has-text-align-justify has-text-align-justify\">Os jateadores podem rapidamente e facilmente manter uma vis\u00e3o clara com o sistema de lentes em cassete. As abas pr\u00e9-dobradas individualmente s\u00e3o f\u00e1ceis de pegar enquanto usam luvas, garantindo que apenas uma lente seja removida por vez.<\/p>\n<\/div>\n\n\n\n<div class=\"wp-block-uagb-container uagb-block-7134430c\">\n<div class=\"wp-block-uagb-image uagb-block-359c0cd6 wp-block-uagb-image--layout-default wp-block-uagb-image--effect-static wp-block-uagb-image--align-none\"><figure class=\"wp-block-uagb-image__figure\"><img decoding=\"async\"  sizes=\"auto, (max-width: 480px) 150px\" src=\"https:\/\/www.gvs.com.br\/safety\/wp-content\/uploads\/2025\/02\/IMAGEM2-1.jpg\" alt=\"\" width=\"550\" height=\"350\" title=\"IMAGEM2\" loading=\"lazy\" role=\"img\"\/><\/figure><\/div>\n\n\n\n<div class=\"wp-block-uagb-advanced-heading uagb-block-728d86bb\"><h4 class=\"uagb-heading-text\">Comunica\u00e7\u00e3o no capacete<\/h4><\/div>\n\n\n\n<p class=\"has-text-align-justify has-text-align-justify\">Para ajudar a manter as comunica\u00e7\u00f5es em ambientes perigosos e ruidosos, sistemas de comunica\u00e7\u00e3o sem fio opcionais podem ser instalados nos capacetes sem necessidade de modifica\u00e7\u00f5es.<\/p>\n<\/div>\n<\/div><\/div>\n","protected":false},"excerpt":{"rendered":"<p>Solu\u00e7\u00f5es de Prote\u00e7\u00e3o Respirat\u00f3ria para Jateamento Abrasivo Estamos no setor de jateamento h\u00e1 mais de quatro d\u00e9cadas e ainda somos [&hellip;]<\/p>\n","protected":false},"author":2,"featured_media":0,"parent":0,"menu_order":0,"comment_status":"closed","ping_status":"closed","template":"","meta":{"_uag_custom_page_level_css":"","site-sidebar-layout":"default","site-content-layout":"","ast-site-content-layout":"","site-content-style":"default","site-sidebar-style":"default","ast-global-header-display":"","ast-banner-title-visibility":"","ast-main-header-display":"","ast-hfb-above-header-display":"","ast-hfb-below-header-display":"","ast-hfb-mobile-header-display":"","site-post-title":"disabled","ast-breadcrumbs-content":"","ast-featured-img":"","footer-sml-layout":"","ast-disable-related-posts":"","theme-transparent-header-meta":"","adv-header-id-meta":"","stick-header-meta":"","header-above-stick-meta":"","header-main-stick-meta":"","header-below-stick-meta":"","astra-migrate-meta-layouts":"default","ast-page-background-enabled":"default","ast-page-background-meta":{"desktop":{"background-color":"var(--ast-global-color-4)","background-image":"","background-repeat":"repeat","background-position":"center center","background-size":"auto","background-attachment":"scroll","background-type":"","background-media":"","overlay-type":"","overlay-color":"","overlay-opacity":"","overlay-gradient":""},"tablet":{"background-color":"","background-image":"","background-repeat":"repeat","background-position":"center center","background-size":"auto","background-attachment":"scroll","background-type":"","background-media":"","overlay-type":"","overlay-color":"","overlay-opacity":"","overlay-gradient":""},"mobile":{"background-color":"","background-image":"","background-repeat":"repeat","background-position":"center center","background-size":"auto","background-attachment":"scroll","background-type":"","background-media":"","overlay-type":"","overlay-color":"","overlay-opacity":"","overlay-gradient":""}},"ast-content-background-meta":{"desktop":{"background-color":"var(--ast-global-color-5)","background-image":"","background-repeat":"repeat","background-position":"center center","background-size":"auto","background-attachment":"scroll","background-type":"","background-media":"","overlay-type":"","overlay-color":"","overlay-opacity":"","overlay-gradient":""},"tablet":{"background-color":"var(--ast-global-color-5)","background-image":"","background-repeat":"repeat","background-position":"center center","background-size":"auto","background-attachment":"scroll","background-type":"","background-media":"","overlay-type":"","overlay-color":"","overlay-opacity":"","overlay-gradient":""},"mobile":{"background-color":"var(--ast-global-color-5)","background-image":"","background-repeat":"repeat","background-position":"center center","background-size":"auto","background-attachment":"scroll","background-type":"","background-media":"","overlay-type":"","overlay-color":"","overlay-opacity":"","overlay-gradient":""}},"footnotes":""},"class_list":["post-280","page","type-page","status-publish","hentry"],"yoast_head":"<!-- This site is optimized with the Yoast SEO plugin v27.2 - https:\/\/yoast.com\/product\/yoast-seo-wordpress\/ -->\n<title>Jateamento - Safety<\/title>\n<meta name=\"robots\" content=\"index, follow, max-snippet:-1, max-image-preview:large, max-video-preview:-1\" \/>\n<link rel=\"canonical\" href=\"https:\/\/www.gvs.com.br\/safety\/jateamento\/\" \/>\n<meta property=\"og:locale\" content=\"pt_BR\" \/>\n<meta property=\"og:type\" content=\"article\" \/>\n<meta property=\"og:title\" content=\"Jateamento - Safety\" \/>\n<meta property=\"og:description\" content=\"Solu\u00e7\u00f5es de Prote\u00e7\u00e3o Respirat\u00f3ria para Jateamento Abrasivo Estamos no setor de jateamento h\u00e1 mais de quatro d\u00e9cadas e ainda somos [&hellip;]\" \/>\n<meta property=\"og:url\" content=\"https:\/\/www.gvs.com.br\/safety\/jateamento\/\" \/>\n<meta property=\"og:site_name\" content=\"Safety\" \/>\n<meta property=\"article:modified_time\" content=\"2025-08-15T18:32:02+00:00\" \/>\n<meta property=\"og:image\" content=\"https:\/\/www.gvs.com.br\/safety\/wp-content\/uploads\/2025\/02\/BLOCO4.png\" \/>\n<meta name=\"twitter:card\" content=\"summary_large_image\" \/>\n<meta name=\"twitter:label1\" content=\"Est. tempo de leitura\" \/>\n\t<meta name=\"twitter:data1\" content=\"4 minutos\" \/>\n<script type=\"application\/ld+json\" class=\"yoast-schema-graph\">{\"@context\":\"https:\/\/schema.org\",\"@graph\":[{\"@type\":\"WebPage\",\"@id\":\"https:\/\/www.gvs.com.br\/safety\/jateamento\/\",\"url\":\"https:\/\/www.gvs.com.br\/safety\/jateamento\/\",\"name\":\"Jateamento - Safety\",\"isPartOf\":{\"@id\":\"https:\/\/www.gvs.com.br\/safety\/#website\"},\"primaryImageOfPage\":{\"@id\":\"https:\/\/www.gvs.com.br\/safety\/jateamento\/#primaryimage\"},\"image\":{\"@id\":\"https:\/\/www.gvs.com.br\/safety\/jateamento\/#primaryimage\"},\"thumbnailUrl\":\"https:\/\/www.gvs.com.br\/safety\/wp-content\/uploads\/2025\/02\/BLOCO4.png\",\"datePublished\":\"2025-02-10T20:01:10+00:00\",\"dateModified\":\"2025-08-15T18:32:02+00:00\",\"breadcrumb\":{\"@id\":\"https:\/\/www.gvs.com.br\/safety\/jateamento\/#breadcrumb\"},\"inLanguage\":\"pt-BR\",\"potentialAction\":[{\"@type\":\"ReadAction\",\"target\":[\"https:\/\/www.gvs.com.br\/safety\/jateamento\/\"]}]},{\"@type\":\"ImageObject\",\"inLanguage\":\"pt-BR\",\"@id\":\"https:\/\/www.gvs.com.br\/safety\/jateamento\/#primaryimage\",\"url\":\"https:\/\/www.gvs.com.br\/safety\/wp-content\/uploads\/2025\/02\/BLOCO4.png\",\"contentUrl\":\"https:\/\/www.gvs.com.br\/safety\/wp-content\/uploads\/2025\/02\/BLOCO4.png\",\"width\":400,\"height\":389},{\"@type\":\"BreadcrumbList\",\"@id\":\"https:\/\/www.gvs.com.br\/safety\/jateamento\/#breadcrumb\",\"itemListElement\":[{\"@type\":\"ListItem\",\"position\":1,\"name\":\"In\u00edcio\",\"item\":\"https:\/\/www.gvs.com.br\/safety\/\"},{\"@type\":\"ListItem\",\"position\":2,\"name\":\"Jateamento\"}]},{\"@type\":\"WebSite\",\"@id\":\"https:\/\/www.gvs.com.br\/safety\/#website\",\"url\":\"https:\/\/www.gvs.com.br\/safety\/\",\"name\":\"Safety\",\"description\":\"\",\"publisher\":{\"@id\":\"https:\/\/www.gvs.com.br\/safety\/#organization\"},\"potentialAction\":[{\"@type\":\"SearchAction\",\"target\":{\"@type\":\"EntryPoint\",\"urlTemplate\":\"https:\/\/www.gvs.com.br\/safety\/?s={search_term_string}\"},\"query-input\":{\"@type\":\"PropertyValueSpecification\",\"valueRequired\":true,\"valueName\":\"search_term_string\"}}],\"inLanguage\":\"pt-BR\"},{\"@type\":\"Organization\",\"@id\":\"https:\/\/www.gvs.com.br\/safety\/#organization\",\"name\":\"Safety\",\"url\":\"https:\/\/www.gvs.com.br\/safety\/\",\"logo\":{\"@type\":\"ImageObject\",\"inLanguage\":\"pt-BR\",\"@id\":\"https:\/\/www.gvs.com.br\/safety\/#\/schema\/logo\/image\/\",\"url\":\"https:\/\/www.gvs.com.br\/safety\/wp-content\/uploads\/2024\/12\/Logo-GVS-Safety.png\",\"contentUrl\":\"https:\/\/www.gvs.com.br\/safety\/wp-content\/uploads\/2024\/12\/Logo-GVS-Safety.png\",\"width\":1920,\"height\":1080,\"caption\":\"Safety\"},\"image\":{\"@id\":\"https:\/\/www.gvs.com.br\/safety\/#\/schema\/logo\/image\/\"}}]}<\/script>\n<!-- \/ Yoast SEO plugin. -->","yoast_head_json":{"title":"Jateamento - Safety","robots":{"index":"index","follow":"follow","max-snippet":"max-snippet:-1","max-image-preview":"max-image-preview:large","max-video-preview":"max-video-preview:-1"},"canonical":"https:\/\/www.gvs.com.br\/safety\/jateamento\/","og_locale":"pt_BR","og_type":"article","og_title":"Jateamento - Safety","og_description":"Solu\u00e7\u00f5es de Prote\u00e7\u00e3o Respirat\u00f3ria para Jateamento Abrasivo Estamos no setor de jateamento h\u00e1 mais de quatro d\u00e9cadas e ainda somos [&hellip;]","og_url":"https:\/\/www.gvs.com.br\/safety\/jateamento\/","og_site_name":"Safety","article_modified_time":"2025-08-15T18:32:02+00:00","og_image":[{"url":"https:\/\/www.gvs.com.br\/safety\/wp-content\/uploads\/2025\/02\/BLOCO4.png","type":"","width":"","height":""}],"twitter_card":"summary_large_image","twitter_misc":{"Est. tempo de leitura":"4 minutos"},"schema":{"@context":"https:\/\/schema.org","@graph":[{"@type":"WebPage","@id":"https:\/\/www.gvs.com.br\/safety\/jateamento\/","url":"https:\/\/www.gvs.com.br\/safety\/jateamento\/","name":"Jateamento - Safety","isPartOf":{"@id":"https:\/\/www.gvs.com.br\/safety\/#website"},"primaryImageOfPage":{"@id":"https:\/\/www.gvs.com.br\/safety\/jateamento\/#primaryimage"},"image":{"@id":"https:\/\/www.gvs.com.br\/safety\/jateamento\/#primaryimage"},"thumbnailUrl":"https:\/\/www.gvs.com.br\/safety\/wp-content\/uploads\/2025\/02\/BLOCO4.png","datePublished":"2025-02-10T20:01:10+00:00","dateModified":"2025-08-15T18:32:02+00:00","breadcrumb":{"@id":"https:\/\/www.gvs.com.br\/safety\/jateamento\/#breadcrumb"},"inLanguage":"pt-BR","potentialAction":[{"@type":"ReadAction","target":["https:\/\/www.gvs.com.br\/safety\/jateamento\/"]}]},{"@type":"ImageObject","inLanguage":"pt-BR","@id":"https:\/\/www.gvs.com.br\/safety\/jateamento\/#primaryimage","url":"https:\/\/www.gvs.com.br\/safety\/wp-content\/uploads\/2025\/02\/BLOCO4.png","contentUrl":"https:\/\/www.gvs.com.br\/safety\/wp-content\/uploads\/2025\/02\/BLOCO4.png","width":400,"height":389},{"@type":"BreadcrumbList","@id":"https:\/\/www.gvs.com.br\/safety\/jateamento\/#breadcrumb","itemListElement":[{"@type":"ListItem","position":1,"name":"In\u00edcio","item":"https:\/\/www.gvs.com.br\/safety\/"},{"@type":"ListItem","position":2,"name":"Jateamento"}]},{"@type":"WebSite","@id":"https:\/\/www.gvs.com.br\/safety\/#website","url":"https:\/\/www.gvs.com.br\/safety\/","name":"Safety","description":"","publisher":{"@id":"https:\/\/www.gvs.com.br\/safety\/#organization"},"potentialAction":[{"@type":"SearchAction","target":{"@type":"EntryPoint","urlTemplate":"https:\/\/www.gvs.com.br\/safety\/?s={search_term_string}"},"query-input":{"@type":"PropertyValueSpecification","valueRequired":true,"valueName":"search_term_string"}}],"inLanguage":"pt-BR"},{"@type":"Organization","@id":"https:\/\/www.gvs.com.br\/safety\/#organization","name":"Safety","url":"https:\/\/www.gvs.com.br\/safety\/","logo":{"@type":"ImageObject","inLanguage":"pt-BR","@id":"https:\/\/www.gvs.com.br\/safety\/#\/schema\/logo\/image\/","url":"https:\/\/www.gvs.com.br\/safety\/wp-content\/uploads\/2024\/12\/Logo-GVS-Safety.png","contentUrl":"https:\/\/www.gvs.com.br\/safety\/wp-content\/uploads\/2024\/12\/Logo-GVS-Safety.png","width":1920,"height":1080,"caption":"Safety"},"image":{"@id":"https:\/\/www.gvs.com.br\/safety\/#\/schema\/logo\/image\/"}}]}},"uagb_featured_image_src":{"full":false,"thumbnail":false,"medium":false,"medium_large":false,"large":false,"1536x1536":false,"2048x2048":false},"uagb_author_info":{"display_name":"admin-gvs","author_link":"https:\/\/www.gvs.com.br\/safety\/author\/admin-gvs\/"},"uagb_comment_info":0,"uagb_excerpt":"Solu\u00e7\u00f5es de Prote\u00e7\u00e3o Respirat\u00f3ria para Jateamento Abrasivo Estamos no setor de jateamento h\u00e1 mais de quatro d\u00e9cadas e ainda somos [&hellip;]","_links":{"self":[{"href":"https:\/\/www.gvs.com.br\/safety\/wp-json\/wp\/v2\/pages\/280","targetHints":{"allow":["GET"]}}],"collection":[{"href":"https:\/\/www.gvs.com.br\/safety\/wp-json\/wp\/v2\/pages"}],"about":[{"href":"https:\/\/www.gvs.com.br\/safety\/wp-json\/wp\/v2\/types\/page"}],"author":[{"embeddable":true,"href":"https:\/\/www.gvs.com.br\/safety\/wp-json\/wp\/v2\/users\/2"}],"replies":[{"embeddable":true,"href":"https:\/\/www.gvs.com.br\/safety\/wp-json\/wp\/v2\/comments?post=280"}],"version-history":[{"count":16,"href":"https:\/\/www.gvs.com.br\/safety\/wp-json\/wp\/v2\/pages\/280\/revisions"}],"predecessor-version":[{"id":2617,"href":"https:\/\/www.gvs.com.br\/safety\/wp-json\/wp\/v2\/pages\/280\/revisions\/2617"}],"wp:attachment":[{"href":"https:\/\/www.gvs.com.br\/safety\/wp-json\/wp\/v2\/media?parent=280"}],"curies":[{"name":"wp","href":"https:\/\/api.w.org\/{rel}","templated":true}]}}