{"id":120,"date":"2025-01-17T18:31:18","date_gmt":"2025-01-17T18:31:18","guid":{"rendered":"https:\/\/prihdesigner.com.br\/healthcare\/?page_id=120"},"modified":"2025-08-28T20:12:42","modified_gmt":"2025-08-28T20:12:42","slug":"blog","status":"publish","type":"page","link":"https:\/\/www.gvs.com.br\/medtech\/blog\/","title":{"rendered":"Blog"},"content":{"rendered":"\n<div class=\"wp-block-uagb-advanced-heading uagb-block-98525603\"><h3 class=\"uagb-heading-text\"><strong>BLOG MedTech GVS<\/strong><\/h3><\/div>\n\n\n\n<div class=\"wp-block-uagb-container uagb-block-52359cda alignfull uagb-is-root-container\"><div class=\"uagb-container-inner-blocks-wrap\">\n<div class=\"wp-block-uagb-container uagb-block-9bef7ec6\"><\/div>\n\n\n\n<div class=\"wp-block-uagb-container uagb-block-0c287116\"><\/div>\n\n\n\n<div class=\"wp-block-uagb-container uagb-block-6112aa56\"><\/div>\n\n\n\n<div class=\"wp-block-uagb-container uagb-block-0c34c028\"><form role=\"search\" method=\"get\" action=\"https:\/\/www.gvs.com.br\/medtech\/\" class=\"wp-block-search__button-outside wp-block-search__icon-button wp-block-search\"    ><label class=\"wp-block-search__label screen-reader-text\" for=\"wp-block-search__input-1\" >Pesquisar<\/label><div class=\"wp-block-search__inside-wrapper\" ><input class=\"wp-block-search__input\" id=\"wp-block-search__input-1\" placeholder=\"Pesquisar\" value=\"\" type=\"search\" name=\"s\" required \/><button aria-label=\"Pesquisar\" class=\"wp-block-search__button has-icon wp-element-button\" type=\"submit\" ><svg class=\"search-icon\" viewBox=\"0 0 24 24\" width=\"24\" height=\"24\">\n\t\t\t\t\t<path d=\"M13 5c-3.3 0-6 2.7-6 6 0 1.4.5 2.7 1.3 3.7l-3.8 3.8 1.1 1.1 3.8-3.8c1 .8 2.3 1.3 3.7 1.3 3.3 0 6-2.7 6-6S16.3 5 13 5zm0 10.5c-2.5 0-4.5-2-4.5-4.5s2-4.5 4.5-4.5 4.5 2 4.5 4.5-2 4.5-4.5 4.5z\"><\/path>\n\t\t\t\t<\/svg><\/button><\/div><\/form><\/div>\n<\/div><\/div>\n\n\n\n\t\t\t<div class=\"wp-block-uagb-post-grid uagb-post-grid  uagb-post__image-position-top uagb-post__image-enabled uagb-block-362379ca     uagb-post__items uagb-post__columns-3 is-grid uagb-post__columns-tablet-2 uagb-post__columns-mobile-1 uagb-post__equal-height\" data-total=\"8\" style=\"\">\n\n\t\t\t\t\t\t\t\t\t\t\t\t<article class=\"uagb-post__inner-wrap\">\t\t\t\t\t\t\t\t<div class='uagb-post__image'>\n\t\t\t\t\t\t\t\t\t<a href=\"https:\/\/www.gvs.com.br\/medtech\/2025\/09\/08\/suporte-ventilatorio-2\/\" target=\"_self\" rel=\"bookmark noopener noreferrer\" class='uagb-image-ratio-inherit'><img loading=\"lazy\" decoding=\"async\" width=\"1024\" height=\"577\" src=\"https:\/\/www.gvs.com.br\/medtech\/wp-content\/uploads\/2025\/09\/topo-ventilacao-mecanica-1024x577.jpg\" class=\"attachment-large size-large\" alt=\"\" srcset=\"https:\/\/www.gvs.com.br\/medtech\/wp-content\/uploads\/2025\/09\/topo-ventilacao-mecanica-1024x577.jpg 1024w, https:\/\/www.gvs.com.br\/medtech\/wp-content\/uploads\/2025\/09\/topo-ventilacao-mecanica-300x169.jpg 300w, https:\/\/www.gvs.com.br\/medtech\/wp-content\/uploads\/2025\/09\/topo-ventilacao-mecanica-768x433.jpg 768w, https:\/\/www.gvs.com.br\/medtech\/wp-content\/uploads\/2025\/09\/topo-ventilacao-mecanica.jpg 1123w\" sizes=\"auto, (max-width: 1024px) 100vw, 1024px\" \/>\t\t\t\t\t<\/a>\n\t\t\t\t\t\t\t<\/div>\n\t\t\t\t\t\t<h4 class=\"uagb-post__title uagb-post__text\">\n\t\t\t\t<a href=\"https:\/\/www.gvs.com.br\/medtech\/2025\/09\/08\/suporte-ventilatorio-2\/\" target=\"_self\" rel=\"bookmark noopener noreferrer\">Tire suas d\u00favidas sobre o procedimento de suporte ventilat\u00f3rio<\/a>\n\t\t\t<\/h4>\n\t\t\t\t\t\t<div class='uagb-post__text uagb-post-grid-byline'>\n\t\t\t\t\t\t\t\t<time datetime=\"2025-09-08T22:13:02+00:00\" class=\"uagb-post__date\">\n\t\t\t\t<span class=\"dashicons-calendar dashicons\"><\/span>\t\t\t\t\tsetembro 8, 2025\t\t\t\t<\/time>\n\t\t\t\t\t\t<\/div>\n\t\t\t\t\t\t<div class=\"uagb-post__text uagb-post__cta wp-block-button\">\n\t\t\t\t<a class=\"wp-block-button__link uagb-text-link\" style=\"\" href=\"https:\/\/www.gvs.com.br\/medtech\/2025\/09\/08\/suporte-ventilatorio-2\/\" target=\"_self\" rel=\"bookmark noopener noreferrer\">Ler mais<\/a>\n\t\t\t<\/div>\n\t\t\t\n\t\t\t\t\t\t\t\t\t<\/article>\n\t\t\t\t\t\t\t\t\t\t\t\t\t\t\t\t<article class=\"uagb-post__inner-wrap\">\t\t\t\t\t\t\t\t<div class='uagb-post__image'>\n\t\t\t\t\t\t\t\t\t<a href=\"https:\/\/www.gvs.com.br\/medtech\/2025\/09\/08\/pneumologia-na-ventilacao-mecanica\/\" target=\"_self\" rel=\"bookmark noopener noreferrer\" class='uagb-image-ratio-inherit'><img loading=\"lazy\" decoding=\"async\" width=\"1024\" height=\"577\" src=\"https:\/\/www.gvs.com.br\/medtech\/wp-content\/uploads\/2025\/09\/topo-medical-pneumologia-na-ventilacao-mecanica-1024x577.jpg\" class=\"attachment-large size-large\" alt=\"\" srcset=\"https:\/\/www.gvs.com.br\/medtech\/wp-content\/uploads\/2025\/09\/topo-medical-pneumologia-na-ventilacao-mecanica-1024x577.jpg 1024w, https:\/\/www.gvs.com.br\/medtech\/wp-content\/uploads\/2025\/09\/topo-medical-pneumologia-na-ventilacao-mecanica-300x169.jpg 300w, https:\/\/www.gvs.com.br\/medtech\/wp-content\/uploads\/2025\/09\/topo-medical-pneumologia-na-ventilacao-mecanica-768x433.jpg 768w, https:\/\/www.gvs.com.br\/medtech\/wp-content\/uploads\/2025\/09\/topo-medical-pneumologia-na-ventilacao-mecanica.jpg 1123w\" sizes=\"auto, (max-width: 1024px) 100vw, 1024px\" \/>\t\t\t\t\t<\/a>\n\t\t\t\t\t\t\t<\/div>\n\t\t\t\t\t\t<h4 class=\"uagb-post__title uagb-post__text\">\n\t\t\t\t<a href=\"https:\/\/www.gvs.com.br\/medtech\/2025\/09\/08\/pneumologia-na-ventilacao-mecanica\/\" target=\"_self\" rel=\"bookmark noopener noreferrer\">Pneumologia na Ventila\u00e7\u00e3o Mec\u00e2nica: entenda melhor como surgem as doen\u00e7as e como evita-las<\/a>\n\t\t\t<\/h4>\n\t\t\t\t\t\t<div class='uagb-post__text uagb-post-grid-byline'>\n\t\t\t\t\t\t\t\t<time datetime=\"2025-09-08T22:07:56+00:00\" class=\"uagb-post__date\">\n\t\t\t\t<span class=\"dashicons-calendar dashicons\"><\/span>\t\t\t\t\tsetembro 8, 2025\t\t\t\t<\/time>\n\t\t\t\t\t\t<\/div>\n\t\t\t\t\t\t<div class=\"uagb-post__text uagb-post__cta wp-block-button\">\n\t\t\t\t<a class=\"wp-block-button__link uagb-text-link\" style=\"\" href=\"https:\/\/www.gvs.com.br\/medtech\/2025\/09\/08\/pneumologia-na-ventilacao-mecanica\/\" target=\"_self\" rel=\"bookmark noopener noreferrer\">Ler mais<\/a>\n\t\t\t<\/div>\n\t\t\t\n\t\t\t\t\t\t\t\t\t<\/article>\n\t\t\t\t\t\t\t\t\t\t\t\t\t\t\t\t<article class=\"uagb-post__inner-wrap\">\t\t\t\t\t\t\t\t<div class='uagb-post__image'>\n\t\t\t\t\t\t\t\t\t<a href=\"https:\/\/www.gvs.com.br\/medtech\/2025\/09\/08\/filtros-hidrofobicos-gvs\/\" target=\"_self\" rel=\"bookmark noopener noreferrer\" class='uagb-image-ratio-inherit'><img loading=\"lazy\" decoding=\"async\" width=\"1024\" height=\"577\" src=\"https:\/\/www.gvs.com.br\/medtech\/wp-content\/uploads\/2025\/09\/topo-medical-filtros-hidrofobicos-1024x577.jpg\" class=\"attachment-large size-large\" alt=\"\" srcset=\"https:\/\/www.gvs.com.br\/medtech\/wp-content\/uploads\/2025\/09\/topo-medical-filtros-hidrofobicos-1024x577.jpg 1024w, https:\/\/www.gvs.com.br\/medtech\/wp-content\/uploads\/2025\/09\/topo-medical-filtros-hidrofobicos-300x169.jpg 300w, https:\/\/www.gvs.com.br\/medtech\/wp-content\/uploads\/2025\/09\/topo-medical-filtros-hidrofobicos-768x433.jpg 768w, https:\/\/www.gvs.com.br\/medtech\/wp-content\/uploads\/2025\/09\/topo-medical-filtros-hidrofobicos.jpg 1123w\" sizes=\"auto, (max-width: 1024px) 100vw, 1024px\" \/>\t\t\t\t\t<\/a>\n\t\t\t\t\t\t\t<\/div>\n\t\t\t\t\t\t<h4 class=\"uagb-post__title uagb-post__text\">\n\t\t\t\t<a href=\"https:\/\/www.gvs.com.br\/medtech\/2025\/09\/08\/filtros-hidrofobicos-gvs\/\" target=\"_self\" rel=\"bookmark noopener noreferrer\">Filtros Hidrof\u00f3bicos: tire suas d\u00favidas sobre como eles funcionam na ventila\u00e7\u00e3o mec\u00e2nica<\/a>\n\t\t\t<\/h4>\n\t\t\t\t\t\t<div class='uagb-post__text uagb-post-grid-byline'>\n\t\t\t\t\t\t\t\t<time datetime=\"2025-09-08T21:59:54+00:00\" class=\"uagb-post__date\">\n\t\t\t\t<span class=\"dashicons-calendar dashicons\"><\/span>\t\t\t\t\tsetembro 8, 2025\t\t\t\t<\/time>\n\t\t\t\t\t\t<\/div>\n\t\t\t\t\t\t<div class=\"uagb-post__text uagb-post__cta wp-block-button\">\n\t\t\t\t<a class=\"wp-block-button__link uagb-text-link\" style=\"\" href=\"https:\/\/www.gvs.com.br\/medtech\/2025\/09\/08\/filtros-hidrofobicos-gvs\/\" target=\"_self\" rel=\"bookmark noopener noreferrer\">Ler mais<\/a>\n\t\t\t<\/div>\n\t\t\t\n\t\t\t\t\t\t\t\t\t<\/article>\n\t\t\t\t\t\t\t\t\t\t\t\t\t\t\t\t<article class=\"uagb-post__inner-wrap\">\t\t\t\t\t\t\t\t<div class='uagb-post__image'>\n\t\t\t\t\t\t\t\t\t<a href=\"https:\/\/www.gvs.com.br\/medtech\/2025\/09\/08\/desmame-ventilatorio-pediatrico\/\" target=\"_self\" rel=\"bookmark noopener noreferrer\" class='uagb-image-ratio-inherit'><img loading=\"lazy\" decoding=\"async\" width=\"1024\" height=\"577\" src=\"https:\/\/www.gvs.com.br\/medtech\/wp-content\/uploads\/2025\/09\/topo-medical-desmame-ventilatorio-1024x577.jpg\" class=\"attachment-large size-large\" alt=\"\" srcset=\"https:\/\/www.gvs.com.br\/medtech\/wp-content\/uploads\/2025\/09\/topo-medical-desmame-ventilatorio-1024x577.jpg 1024w, https:\/\/www.gvs.com.br\/medtech\/wp-content\/uploads\/2025\/09\/topo-medical-desmame-ventilatorio-300x169.jpg 300w, https:\/\/www.gvs.com.br\/medtech\/wp-content\/uploads\/2025\/09\/topo-medical-desmame-ventilatorio-768x433.jpg 768w, https:\/\/www.gvs.com.br\/medtech\/wp-content\/uploads\/2025\/09\/topo-medical-desmame-ventilatorio.jpg 1123w\" sizes=\"auto, (max-width: 1024px) 100vw, 1024px\" \/>\t\t\t\t\t<\/a>\n\t\t\t\t\t\t\t<\/div>\n\t\t\t\t\t\t<h4 class=\"uagb-post__title uagb-post__text\">\n\t\t\t\t<a href=\"https:\/\/www.gvs.com.br\/medtech\/2025\/09\/08\/desmame-ventilatorio-pediatrico\/\" target=\"_self\" rel=\"bookmark noopener noreferrer\">Desmame ventilat\u00f3rio pedi\u00e1trico: conhe\u00e7a as etapas deste processo<\/a>\n\t\t\t<\/h4>\n\t\t\t\t\t\t<div class='uagb-post__text uagb-post-grid-byline'>\n\t\t\t\t\t\t\t\t<time datetime=\"2025-09-08T21:50:53+00:00\" class=\"uagb-post__date\">\n\t\t\t\t<span class=\"dashicons-calendar dashicons\"><\/span>\t\t\t\t\tsetembro 8, 2025\t\t\t\t<\/time>\n\t\t\t\t\t\t<\/div>\n\t\t\t\t\t\t<div class=\"uagb-post__text uagb-post__cta wp-block-button\">\n\t\t\t\t<a class=\"wp-block-button__link uagb-text-link\" style=\"\" href=\"https:\/\/www.gvs.com.br\/medtech\/2025\/09\/08\/desmame-ventilatorio-pediatrico\/\" target=\"_self\" rel=\"bookmark noopener noreferrer\">Ler mais<\/a>\n\t\t\t<\/div>\n\t\t\t\n\t\t\t\t\t\t\t\t\t<\/article>\n\t\t\t\t\t\t\t\t\t\t\t\t\t\t\t\t<article class=\"uagb-post__inner-wrap\">\t\t\t\t\t\t\t\t<div class='uagb-post__image'>\n\t\t\t\t\t\t\t\t\t<a href=\"https:\/\/www.gvs.com.br\/medtech\/2025\/09\/08\/diferenciais-dos-produtos-medtech-da-gvs\/\" target=\"_self\" rel=\"bookmark noopener noreferrer\" class='uagb-image-ratio-inherit'><img loading=\"lazy\" decoding=\"async\" width=\"1024\" height=\"577\" src=\"https:\/\/www.gvs.com.br\/medtech\/wp-content\/uploads\/2025\/09\/topo-medical-diferenciais-dos-produtos-1024x577.jpg\" class=\"attachment-large size-large\" alt=\"\" srcset=\"https:\/\/www.gvs.com.br\/medtech\/wp-content\/uploads\/2025\/09\/topo-medical-diferenciais-dos-produtos-1024x577.jpg 1024w, https:\/\/www.gvs.com.br\/medtech\/wp-content\/uploads\/2025\/09\/topo-medical-diferenciais-dos-produtos-300x169.jpg 300w, https:\/\/www.gvs.com.br\/medtech\/wp-content\/uploads\/2025\/09\/topo-medical-diferenciais-dos-produtos-768x433.jpg 768w, https:\/\/www.gvs.com.br\/medtech\/wp-content\/uploads\/2025\/09\/topo-medical-diferenciais-dos-produtos.jpg 1123w\" sizes=\"auto, (max-width: 1024px) 100vw, 1024px\" \/>\t\t\t\t\t<\/a>\n\t\t\t\t\t\t\t<\/div>\n\t\t\t\t\t\t<h4 class=\"uagb-post__title uagb-post__text\">\n\t\t\t\t<a href=\"https:\/\/www.gvs.com.br\/medtech\/2025\/09\/08\/diferenciais-dos-produtos-medtech-da-gvs\/\" target=\"_self\" rel=\"bookmark noopener noreferrer\">Diferenciais dos produtos MedTech da GVS<\/a>\n\t\t\t<\/h4>\n\t\t\t\t\t\t<div class='uagb-post__text uagb-post-grid-byline'>\n\t\t\t\t\t\t\t\t<time datetime=\"2025-09-08T21:42:37+00:00\" class=\"uagb-post__date\">\n\t\t\t\t<span class=\"dashicons-calendar dashicons\"><\/span>\t\t\t\t\tsetembro 8, 2025\t\t\t\t<\/time>\n\t\t\t\t\t\t<\/div>\n\t\t\t\t\t\t<div class=\"uagb-post__text uagb-post__cta wp-block-button\">\n\t\t\t\t<a class=\"wp-block-button__link uagb-text-link\" style=\"\" href=\"https:\/\/www.gvs.com.br\/medtech\/2025\/09\/08\/diferenciais-dos-produtos-medtech-da-gvs\/\" target=\"_self\" rel=\"bookmark noopener noreferrer\">Ler mais<\/a>\n\t\t\t<\/div>\n\t\t\t\n\t\t\t\t\t\t\t\t\t<\/article>\n\t\t\t\t\t\t\t\t\t\t\t\t\t\t\t\t<article class=\"uagb-post__inner-wrap\">\t\t\t\t\t\t\t\t<div class='uagb-post__image'>\n\t\t\t\t\t\t\t\t\t<a href=\"https:\/\/www.gvs.com.br\/medtech\/2025\/09\/08\/filtro-hme-da-gvs\/\" target=\"_self\" rel=\"bookmark noopener noreferrer\" class='uagb-image-ratio-inherit'><img loading=\"lazy\" decoding=\"async\" width=\"1024\" height=\"577\" src=\"https:\/\/www.gvs.com.br\/medtech\/wp-content\/uploads\/2025\/09\/topo-medical-filtro-hme-1024x577.jpg\" class=\"attachment-large size-large\" alt=\"\" srcset=\"https:\/\/www.gvs.com.br\/medtech\/wp-content\/uploads\/2025\/09\/topo-medical-filtro-hme-1024x577.jpg 1024w, https:\/\/www.gvs.com.br\/medtech\/wp-content\/uploads\/2025\/09\/topo-medical-filtro-hme-300x169.jpg 300w, https:\/\/www.gvs.com.br\/medtech\/wp-content\/uploads\/2025\/09\/topo-medical-filtro-hme-768x433.jpg 768w, https:\/\/www.gvs.com.br\/medtech\/wp-content\/uploads\/2025\/09\/topo-medical-filtro-hme.jpg 1123w\" sizes=\"auto, (max-width: 1024px) 100vw, 1024px\" \/>\t\t\t\t\t<\/a>\n\t\t\t\t\t\t\t<\/div>\n\t\t\t\t\t\t<h4 class=\"uagb-post__title uagb-post__text\">\n\t\t\t\t<a href=\"https:\/\/www.gvs.com.br\/medtech\/2025\/09\/08\/filtro-hme-da-gvs\/\" target=\"_self\" rel=\"bookmark noopener noreferrer\">Filtro HME: o que \u00e9, quando ele \u00e9 usado e como funciona<\/a>\n\t\t\t<\/h4>\n\t\t\t\t\t\t<div class='uagb-post__text uagb-post-grid-byline'>\n\t\t\t\t\t\t\t\t<time datetime=\"2025-09-08T21:32:38+00:00\" class=\"uagb-post__date\">\n\t\t\t\t<span class=\"dashicons-calendar dashicons\"><\/span>\t\t\t\t\tsetembro 8, 2025\t\t\t\t<\/time>\n\t\t\t\t\t\t<\/div>\n\t\t\t\t\t\t<div class=\"uagb-post__text uagb-post__cta wp-block-button\">\n\t\t\t\t<a class=\"wp-block-button__link uagb-text-link\" style=\"\" href=\"https:\/\/www.gvs.com.br\/medtech\/2025\/09\/08\/filtro-hme-da-gvs\/\" target=\"_self\" rel=\"bookmark noopener noreferrer\">Ler mais<\/a>\n\t\t\t<\/div>\n\t\t\t\n\t\t\t\t\t\t\t\t\t<\/article>\n\t\t\t\t\t\t\t\t\t\t\t\t\t<div class=\"uagb-post-pagination-wrap\">\n\t\t\t\t\t\t<span aria-current=\"page\" class=\"page-numbers current\">1<\/span>\n<a class=\"page-numbers\" href=\"https:\/\/www.gvs.com.br\/medtech\/wp-json\/wp\/v2\/pages\/120\/page\/2\/\">2<\/a>\n<a class=\"page-numbers\" href=\"https:\/\/www.gvs.com.br\/medtech\/wp-json\/wp\/v2\/pages\/120\/page\/3\/\">3<\/a>\n<a class=\"page-numbers\" href=\"https:\/\/www.gvs.com.br\/medtech\/wp-json\/wp\/v2\/pages\/120\/page\/4\/\">4<\/a>\n<a class=\"page-numbers\" href=\"https:\/\/www.gvs.com.br\/medtech\/wp-json\/wp\/v2\/pages\/120\/page\/5\/\">5<\/a>\n<a class=\"page-numbers\" href=\"https:\/\/www.gvs.com.br\/medtech\/wp-json\/wp\/v2\/pages\/120\/page\/6\/\">6<\/a>\n<a class=\"page-numbers\" href=\"https:\/\/www.gvs.com.br\/medtech\/wp-json\/wp\/v2\/pages\/120\/page\/7\/\">7<\/a>\n<a class=\"page-numbers\" href=\"https:\/\/www.gvs.com.br\/medtech\/wp-json\/wp\/v2\/pages\/120\/page\/8\/\">8<\/a>\n<a class=\"next page-numbers\" href=\"https:\/\/www.gvs.com.br\/medtech\/wp-json\/wp\/v2\/pages\/120\/page\/2\/\">Next \u00bb<\/a>\t\t\t\t\t<\/div>\n\t\t\t\t\t\t\t\t<\/div>\n\t\t\t\n\n\n<p><\/p>\n","protected":false},"excerpt":{"rendered":"<p>BLOG MedTech GVS<\/p>\n","protected":false},"author":3,"featured_media":0,"parent":0,"menu_order":0,"comment_status":"closed","ping_status":"closed","template":"","meta":{"_uag_custom_page_level_css":"","site-sidebar-layout":"default","site-content-layout":"","ast-site-content-layout":"","site-content-style":"default","site-sidebar-style":"default","ast-global-header-display":"","ast-banner-title-visibility":"","ast-main-header-display":"","ast-hfb-above-header-display":"","ast-hfb-below-header-display":"","ast-hfb-mobile-header-display":"","site-post-title":"disabled","ast-breadcrumbs-content":"","ast-featured-img":"","footer-sml-layout":"","ast-disable-related-posts":"","theme-transparent-header-meta":"","adv-header-id-meta":"","stick-header-meta":"","header-above-stick-meta":"","header-main-stick-meta":"","header-below-stick-meta":"","astra-migrate-meta-layouts":"default","ast-page-background-enabled":"default","ast-page-background-meta":{"desktop":{"background-color":"var(--ast-global-color-4)","background-image":"","background-repeat":"repeat","background-position":"center center","background-size":"auto","background-attachment":"scroll","background-type":"","background-media":"","overlay-type":"","overlay-color":"","overlay-opacity":"","overlay-gradient":""},"tablet":{"background-color":"","background-image":"","background-repeat":"repeat","background-position":"center center","background-size":"auto","background-attachment":"scroll","background-type":"","background-media":"","overlay-type":"","overlay-color":"","overlay-opacity":"","overlay-gradient":""},"mobile":{"background-color":"","background-image":"","background-repeat":"repeat","background-position":"center center","background-size":"auto","background-attachment":"scroll","background-type":"","background-media":"","overlay-type":"","overlay-color":"","overlay-opacity":"","overlay-gradient":""}},"ast-content-background-meta":{"desktop":{"background-color":"var(--ast-global-color-5)","background-image":"","background-repeat":"repeat","background-position":"center center","background-size":"auto","background-attachment":"scroll","background-type":"","background-media":"","overlay-type":"","overlay-color":"","overlay-opacity":"","overlay-gradient":""},"tablet":{"background-color":"var(--ast-global-color-5)","background-image":"","background-repeat":"repeat","background-position":"center center","background-size":"auto","background-attachment":"scroll","background-type":"","background-media":"","overlay-type":"","overlay-color":"","overlay-opacity":"","overlay-gradient":""},"mobile":{"background-color":"var(--ast-global-color-5)","background-image":"","background-repeat":"repeat","background-position":"center center","background-size":"auto","background-attachment":"scroll","background-type":"","background-media":"","overlay-type":"","overlay-color":"","overlay-opacity":"","overlay-gradient":""}},"footnotes":""},"class_list":["post-120","page","type-page","status-publish","hentry"],"yoast_head":"<!-- This site is optimized with the Yoast SEO plugin v27.5 - https:\/\/yoast.com\/product\/yoast-seo-wordpress\/ -->\n<title>Blog - MedTech<\/title>\n<meta name=\"robots\" content=\"index, follow, max-snippet:-1, max-image-preview:large, max-video-preview:-1\" \/>\n<link rel=\"canonical\" href=\"https:\/\/www.gvs.com.br\/medtech\/blog\/\" \/>\n<meta property=\"og:locale\" content=\"pt_BR\" \/>\n<meta property=\"og:type\" content=\"article\" \/>\n<meta property=\"og:title\" content=\"Blog - MedTech\" \/>\n<meta property=\"og:description\" content=\"BLOG MedTech GVS\" \/>\n<meta property=\"og:url\" content=\"https:\/\/www.gvs.com.br\/medtech\/blog\/\" \/>\n<meta property=\"og:site_name\" content=\"MedTech\" \/>\n<meta property=\"article:modified_time\" content=\"2025-08-28T20:12:42+00:00\" \/>\n<meta name=\"twitter:card\" content=\"summary_large_image\" \/>\n<meta name=\"twitter:label1\" content=\"Est. tempo de leitura\" \/>\n\t<meta name=\"twitter:data1\" content=\"1 minuto\" \/>\n<script type=\"application\/ld+json\" class=\"yoast-schema-graph\">{\"@context\":\"https:\\\/\\\/schema.org\",\"@graph\":[{\"@type\":\"WebPage\",\"@id\":\"https:\\\/\\\/www.gvs.com.br\\\/medtech\\\/blog\\\/\",\"url\":\"https:\\\/\\\/www.gvs.com.br\\\/medtech\\\/blog\\\/\",\"name\":\"Blog - MedTech\",\"isPartOf\":{\"@id\":\"https:\\\/\\\/www.gvs.com.br\\\/medtech\\\/#website\"},\"datePublished\":\"2025-01-17T18:31:18+00:00\",\"dateModified\":\"2025-08-28T20:12:42+00:00\",\"breadcrumb\":{\"@id\":\"https:\\\/\\\/www.gvs.com.br\\\/medtech\\\/blog\\\/#breadcrumb\"},\"inLanguage\":\"pt-BR\",\"potentialAction\":[{\"@type\":\"ReadAction\",\"target\":[\"https:\\\/\\\/www.gvs.com.br\\\/medtech\\\/blog\\\/\"]}]},{\"@type\":\"BreadcrumbList\",\"@id\":\"https:\\\/\\\/www.gvs.com.br\\\/medtech\\\/blog\\\/#breadcrumb\",\"itemListElement\":[{\"@type\":\"ListItem\",\"position\":1,\"name\":\"In\u00edcio\",\"item\":\"https:\\\/\\\/www.gvs.com.br\\\/medtech\\\/\"},{\"@type\":\"ListItem\",\"position\":2,\"name\":\"Blog\"}]},{\"@type\":\"WebSite\",\"@id\":\"https:\\\/\\\/www.gvs.com.br\\\/medtech\\\/#website\",\"url\":\"https:\\\/\\\/www.gvs.com.br\\\/medtech\\\/\",\"name\":\"MedTech\",\"description\":\"\",\"publisher\":{\"@id\":\"https:\\\/\\\/www.gvs.com.br\\\/medtech\\\/#organization\"},\"potentialAction\":[{\"@type\":\"SearchAction\",\"target\":{\"@type\":\"EntryPoint\",\"urlTemplate\":\"https:\\\/\\\/www.gvs.com.br\\\/medtech\\\/?s={search_term_string}\"},\"query-input\":{\"@type\":\"PropertyValueSpecification\",\"valueRequired\":true,\"valueName\":\"search_term_string\"}}],\"inLanguage\":\"pt-BR\"},{\"@type\":\"Organization\",\"@id\":\"https:\\\/\\\/www.gvs.com.br\\\/medtech\\\/#organization\",\"name\":\"MedTech\",\"url\":\"https:\\\/\\\/www.gvs.com.br\\\/medtech\\\/\",\"logo\":{\"@type\":\"ImageObject\",\"inLanguage\":\"pt-BR\",\"@id\":\"https:\\\/\\\/www.gvs.com.br\\\/medtech\\\/#\\\/schema\\\/logo\\\/image\\\/\",\"url\":\"https:\\\/\\\/www.gvs.com.br\\\/medtech\\\/wp-content\\\/uploads\\\/2024\\\/12\\\/logo-gvs.png\",\"contentUrl\":\"https:\\\/\\\/www.gvs.com.br\\\/medtech\\\/wp-content\\\/uploads\\\/2024\\\/12\\\/logo-gvs.png\",\"width\":334,\"height\":201,\"caption\":\"MedTech\"},\"image\":{\"@id\":\"https:\\\/\\\/www.gvs.com.br\\\/medtech\\\/#\\\/schema\\\/logo\\\/image\\\/\"}}]}<\/script>\n<!-- \/ Yoast SEO plugin. -->","yoast_head_json":{"title":"Blog - MedTech","robots":{"index":"index","follow":"follow","max-snippet":"max-snippet:-1","max-image-preview":"max-image-preview:large","max-video-preview":"max-video-preview:-1"},"canonical":"https:\/\/www.gvs.com.br\/medtech\/blog\/","og_locale":"pt_BR","og_type":"article","og_title":"Blog - MedTech","og_description":"BLOG MedTech GVS","og_url":"https:\/\/www.gvs.com.br\/medtech\/blog\/","og_site_name":"MedTech","article_modified_time":"2025-08-28T20:12:42+00:00","twitter_card":"summary_large_image","twitter_misc":{"Est. tempo de leitura":"1 minuto"},"schema":{"@context":"https:\/\/schema.org","@graph":[{"@type":"WebPage","@id":"https:\/\/www.gvs.com.br\/medtech\/blog\/","url":"https:\/\/www.gvs.com.br\/medtech\/blog\/","name":"Blog - MedTech","isPartOf":{"@id":"https:\/\/www.gvs.com.br\/medtech\/#website"},"datePublished":"2025-01-17T18:31:18+00:00","dateModified":"2025-08-28T20:12:42+00:00","breadcrumb":{"@id":"https:\/\/www.gvs.com.br\/medtech\/blog\/#breadcrumb"},"inLanguage":"pt-BR","potentialAction":[{"@type":"ReadAction","target":["https:\/\/www.gvs.com.br\/medtech\/blog\/"]}]},{"@type":"BreadcrumbList","@id":"https:\/\/www.gvs.com.br\/medtech\/blog\/#breadcrumb","itemListElement":[{"@type":"ListItem","position":1,"name":"In\u00edcio","item":"https:\/\/www.gvs.com.br\/medtech\/"},{"@type":"ListItem","position":2,"name":"Blog"}]},{"@type":"WebSite","@id":"https:\/\/www.gvs.com.br\/medtech\/#website","url":"https:\/\/www.gvs.com.br\/medtech\/","name":"MedTech","description":"","publisher":{"@id":"https:\/\/www.gvs.com.br\/medtech\/#organization"},"potentialAction":[{"@type":"SearchAction","target":{"@type":"EntryPoint","urlTemplate":"https:\/\/www.gvs.com.br\/medtech\/?s={search_term_string}"},"query-input":{"@type":"PropertyValueSpecification","valueRequired":true,"valueName":"search_term_string"}}],"inLanguage":"pt-BR"},{"@type":"Organization","@id":"https:\/\/www.gvs.com.br\/medtech\/#organization","name":"MedTech","url":"https:\/\/www.gvs.com.br\/medtech\/","logo":{"@type":"ImageObject","inLanguage":"pt-BR","@id":"https:\/\/www.gvs.com.br\/medtech\/#\/schema\/logo\/image\/","url":"https:\/\/www.gvs.com.br\/medtech\/wp-content\/uploads\/2024\/12\/logo-gvs.png","contentUrl":"https:\/\/www.gvs.com.br\/medtech\/wp-content\/uploads\/2024\/12\/logo-gvs.png","width":334,"height":201,"caption":"MedTech"},"image":{"@id":"https:\/\/www.gvs.com.br\/medtech\/#\/schema\/logo\/image\/"}}]}},"uagb_featured_image_src":{"full":false,"thumbnail":false,"medium":false,"medium_large":false,"large":false,"1536x1536":false,"2048x2048":false},"uagb_author_info":{"display_name":"admin-gvs","author_link":"https:\/\/www.gvs.com.br\/medtech\/author\/admin-gvs\/"},"uagb_comment_info":0,"uagb_excerpt":"BLOG MedTech GVS","_links":{"self":[{"href":"https:\/\/www.gvs.com.br\/medtech\/wp-json\/wp\/v2\/pages\/120","targetHints":{"allow":["GET"]}}],"collection":[{"href":"https:\/\/www.gvs.com.br\/medtech\/wp-json\/wp\/v2\/pages"}],"about":[{"href":"https:\/\/www.gvs.com.br\/medtech\/wp-json\/wp\/v2\/types\/page"}],"author":[{"embeddable":true,"href":"https:\/\/www.gvs.com.br\/medtech\/wp-json\/wp\/v2\/users\/3"}],"replies":[{"embeddable":true,"href":"https:\/\/www.gvs.com.br\/medtech\/wp-json\/wp\/v2\/comments?post=120"}],"version-history":[{"count":6,"href":"https:\/\/www.gvs.com.br\/medtech\/wp-json\/wp\/v2\/pages\/120\/revisions"}],"predecessor-version":[{"id":879,"href":"https:\/\/www.gvs.com.br\/medtech\/wp-json\/wp\/v2\/pages\/120\/revisions\/879"}],"wp:attachment":[{"href":"https:\/\/www.gvs.com.br\/medtech\/wp-json\/wp\/v2\/media?parent=120"}],"curies":[{"name":"wp","href":"https:\/\/api.w.org\/{rel}","templated":true}]}}