{"id":141,"date":"2025-01-20T19:40:43","date_gmt":"2025-01-20T19:40:43","guid":{"rendered":"https:\/\/gvs.com.br\/life-sciences\/?page_id=141"},"modified":"2025-08-12T16:51:29","modified_gmt":"2025-08-12T16:51:29","slug":"introducao","status":"publish","type":"page","link":"https:\/\/www.gvs.com.br\/life-sciences\/introducao\/","title":{"rendered":"Introdu\u00e7\u00e3o"},"content":{"rendered":"\n<p><\/p>\n\n\n\n<div class=\"wp-block-uagb-container uagb-block-8de9c239 alignfull uagb-is-root-container\"><div class=\"uagb-container-inner-blocks-wrap\">\n<div class=\"wp-block-uagb-advanced-heading uagb-block-99148d6e\"><h4 class=\"uagb-heading-text\">Life Sciences GVS<\/h4><\/div>\n<\/div><\/div>\n\n\n\n<div class=\"wp-block-uagb-container uagb-block-183fb4b0 alignfull uagb-is-root-container\"><div class=\"uagb-container-inner-blocks-wrap\">\n<div class=\"wp-block-uagb-container uagb-block-5423fd87\">\n<figure class=\"wp-block-image size-large\"><img decoding=\"async\" src=\"https:\/\/www.gvs.com.br\/life-sciences\/wp-content\/uploads\/2025\/01\/Separa.jpg\" alt=\"\"\/><\/figure>\n<\/div>\n\n\n\n<div class=\"wp-block-uagb-container uagb-block-daf4e07d\">\n<div class=\"wp-block-uagb-advanced-heading uagb-block-3665ec25\"><h2 class=\"uagb-heading-text\">Divis\u00e3o de Life Sciences do Grupo GVS<\/h2><\/div>\n\n\n\n<p class=\"has-text-align-justify has-text-align-justify\">A divis\u00e3o de Life Sciences do Grupo GVS oferece uma linha completa de produtos de an\u00e1lise e filtra\u00e7\u00e3o em laborat\u00f3rio, fornecendo uma experi\u00eancia incompar\u00e1vel ao cliente no setor de laborat\u00f3rios anal\u00edticos, qu\u00edmicos e de ci\u00eancias naturais. Eles podem ser usados em ind\u00fastrias aliment\u00edcias, universidades e no tratamento de \u00e1gua, nos processos de Ultrafiltra\u00e7\u00e3o, Microfiltra\u00e7\u00e3o, Nanofiltra\u00e7\u00e3o e Osmose Reversa.<\/p>\n<\/div>\n<\/div><\/div>\n\n\n\n<div class=\"wp-block-uagb-advanced-heading uagb-block-8510283d\"><h2 class=\"uagb-heading-text\">Oferecemos uma linha completa de ferramentas de pesquisa para filtra\u00e7\u00e3o, blotting de prote\u00ednas e de \u00e1cidos nucl\u00e9icos e transfer\u00eancia.<\/h2><\/div>\n\n\n\n<div class=\"wp-block-uagb-separator uagb-block-435de166\"><div class=\"uagb-separator-spacing-wrapper\"><div class=\"wp-block-uagb-separator__inner\" style=\"--my-background-image:\"><\/div><\/div><\/div>\n\n\n\n<div class=\"wp-block-uagb-call-to-action uagb-block-18b344bc wp-block-button\"><div class=\"uagb-cta__wrap\"><h3 class=\"uagb-cta__title\">Tire suas d\u00favidas!<\/h3><p class=\"uagb-cta__desc\">Entre em contato com o nosso time, esclare\u00e7a as suas d\u00favidas e solicite a sua cota\u00e7\u00e3o!<\/p><\/div><div class=\"uagb-cta__buttons\"><a href=\"https:\/\/wa.me\/5519997710045\" class=\"uagb-cta__button-link-wrapper wp-block-button__link\" target=\"_blank\" rel=\"noopener noreferrer\"><svg xmlns=\"https:\/\/www.w3.org\/2000\/svg\" viewBox=\"0 0 448 512\"><path d=\"M380.9 97.1C339 55.1 283.2 32 223.9 32c-122.4 0-222 99.6-222 222 0 39.1 10.2 77.3 29.6 111L0 480l117.7-30.9c32.4 17.7 68.9 27 106.1 27h.1c122.3 0 224.1-99.6 224.1-222 0-59.3-25.2-115-67.1-157zm-157 341.6c-33.2 0-65.7-8.9-94-25.7l-6.7-4-69.8 18.3L72 359.2l-4.4-7c-18.5-29.4-28.2-63.3-28.2-98.2 0-101.7 82.8-184.5 184.6-184.5 49.3 0 95.6 19.2 130.4 54.1 34.8 34.9 56.2 81.2 56.1 130.5 0 101.8-84.9 184.6-186.6 184.6zm101.2-138.2c-5.5-2.8-32.8-16.2-37.9-18-5.1-1.9-8.8-2.8-12.5 2.8-3.7 5.6-14.3 18-17.6 21.8-3.2 3.7-6.5 4.2-12 1.4-32.6-16.3-54-29.1-75.5-66-5.7-9.8 5.7-9.1 16.3-30.3 1.8-3.7 .9-6.9-.5-9.7-1.4-2.8-12.5-30.1-17.1-41.2-4.5-10.8-9.1-9.3-12.5-9.5-3.2-.2-6.9-.2-10.6-.2-3.7 0-9.7 1.4-14.8 6.9-5.1 5.6-19.4 19-19.4 46.3 0 27.3 19.9 53.7 22.6 57.4 2.8 3.7 39.1 59.7 94.8 83.8 35.2 15.2 49 16.5 66.6 13.9 10.7-1.6 32.8-13.4 37.4-26.4 4.6-13 4.6-24.1 3.2-26.4-1.3-2.5-5-3.9-10.5-6.6z\"><\/path><\/svg>WhatsApp<\/a><\/div><\/div>\n\n\n\n<p><\/p>\n","protected":false},"excerpt":{"rendered":"<p>Life Sciences GVS Divis\u00e3o de Life Sciences do Grupo GVS A divis\u00e3o de Life Sciences do Grupo GVS oferece uma [&hellip;]<\/p>\n","protected":false},"author":2,"featured_media":0,"parent":0,"menu_order":0,"comment_status":"closed","ping_status":"closed","template":"","meta":{"_uag_custom_page_level_css":"","site-sidebar-layout":"default","site-content-layout":"","ast-site-content-layout":"","site-content-style":"default","site-sidebar-style":"default","ast-global-header-display":"","ast-banner-title-visibility":"","ast-main-header-display":"","ast-hfb-above-header-display":"","ast-hfb-below-header-display":"","ast-hfb-mobile-header-display":"","site-post-title":"disabled","ast-breadcrumbs-content":"","ast-featured-img":"","footer-sml-layout":"","ast-disable-related-posts":"","theme-transparent-header-meta":"","adv-header-id-meta":"","stick-header-meta":"","header-above-stick-meta":"","header-main-stick-meta":"","header-below-stick-meta":"","astra-migrate-meta-layouts":"default","ast-page-background-enabled":"default","ast-page-background-meta":{"desktop":{"background-color":"var(--ast-global-color-4)","background-image":"","background-repeat":"repeat","background-position":"center center","background-size":"auto","background-attachment":"scroll","background-type":"","background-media":"","overlay-type":"","overlay-color":"","overlay-opacity":"","overlay-gradient":""},"tablet":{"background-color":"","background-image":"","background-repeat":"repeat","background-position":"center center","background-size":"auto","background-attachment":"scroll","background-type":"","background-media":"","overlay-type":"","overlay-color":"","overlay-opacity":"","overlay-gradient":""},"mobile":{"background-color":"","background-image":"","background-repeat":"repeat","background-position":"center center","background-size":"auto","background-attachment":"scroll","background-type":"","background-media":"","overlay-type":"","overlay-color":"","overlay-opacity":"","overlay-gradient":""}},"ast-content-background-meta":{"desktop":{"background-color":"var(--ast-global-color-5)","background-image":"","background-repeat":"repeat","background-position":"center center","background-size":"auto","background-attachment":"scroll","background-type":"","background-media":"","overlay-type":"","overlay-color":"","overlay-opacity":"","overlay-gradient":""},"tablet":{"background-color":"var(--ast-global-color-5)","background-image":"","background-repeat":"repeat","background-position":"center center","background-size":"auto","background-attachment":"scroll","background-type":"","background-media":"","overlay-type":"","overlay-color":"","overlay-opacity":"","overlay-gradient":""},"mobile":{"background-color":"var(--ast-global-color-5)","background-image":"","background-repeat":"repeat","background-position":"center center","background-size":"auto","background-attachment":"scroll","background-type":"","background-media":"","overlay-type":"","overlay-color":"","overlay-opacity":"","overlay-gradient":""}},"footnotes":""},"class_list":["post-141","page","type-page","status-publish","hentry"],"yoast_head":"<!-- This site is optimized with the Yoast SEO plugin v27.4 - https:\/\/yoast.com\/product\/yoast-seo-wordpress\/ -->\n<title>Introdu\u00e7\u00e3o - Life Sciences<\/title>\n<meta name=\"robots\" content=\"index, follow, max-snippet:-1, max-image-preview:large, max-video-preview:-1\" \/>\n<link rel=\"canonical\" href=\"https:\/\/www.gvs.com.br\/life-sciences\/introducao\/\" \/>\n<meta property=\"og:locale\" content=\"pt_BR\" \/>\n<meta property=\"og:type\" content=\"article\" \/>\n<meta property=\"og:title\" content=\"Introdu\u00e7\u00e3o - Life Sciences\" \/>\n<meta property=\"og:description\" content=\"Life Sciences GVS Divis\u00e3o de Life Sciences do Grupo GVS A divis\u00e3o de Life Sciences do Grupo GVS oferece uma [&hellip;]\" \/>\n<meta property=\"og:url\" content=\"https:\/\/www.gvs.com.br\/life-sciences\/introducao\/\" \/>\n<meta property=\"og:site_name\" content=\"Life Sciences\" \/>\n<meta property=\"article:modified_time\" content=\"2025-08-12T16:51:29+00:00\" \/>\n<meta property=\"og:image\" content=\"https:\/\/www.gvs.com.br\/life-sciences\/wp-content\/uploads\/2025\/01\/Separa.jpg\" \/>\n<meta name=\"twitter:card\" content=\"summary_large_image\" \/>\n<meta name=\"twitter:label1\" content=\"Est. tempo de leitura\" \/>\n\t<meta name=\"twitter:data1\" content=\"1 minuto\" \/>\n<script type=\"application\/ld+json\" class=\"yoast-schema-graph\">{\"@context\":\"https:\\\/\\\/schema.org\",\"@graph\":[{\"@type\":\"WebPage\",\"@id\":\"https:\\\/\\\/www.gvs.com.br\\\/life-sciences\\\/introducao\\\/\",\"url\":\"https:\\\/\\\/www.gvs.com.br\\\/life-sciences\\\/introducao\\\/\",\"name\":\"Introdu\u00e7\u00e3o - Life Sciences\",\"isPartOf\":{\"@id\":\"https:\\\/\\\/www.gvs.com.br\\\/life-sciences\\\/#website\"},\"primaryImageOfPage\":{\"@id\":\"https:\\\/\\\/www.gvs.com.br\\\/life-sciences\\\/introducao\\\/#primaryimage\"},\"image\":{\"@id\":\"https:\\\/\\\/www.gvs.com.br\\\/life-sciences\\\/introducao\\\/#primaryimage\"},\"thumbnailUrl\":\"https:\\\/\\\/www.gvs.com.br\\\/life-sciences\\\/wp-content\\\/uploads\\\/2025\\\/01\\\/Separa.jpg\",\"datePublished\":\"2025-01-20T19:40:43+00:00\",\"dateModified\":\"2025-08-12T16:51:29+00:00\",\"breadcrumb\":{\"@id\":\"https:\\\/\\\/www.gvs.com.br\\\/life-sciences\\\/introducao\\\/#breadcrumb\"},\"inLanguage\":\"pt-BR\",\"potentialAction\":[{\"@type\":\"ReadAction\",\"target\":[\"https:\\\/\\\/www.gvs.com.br\\\/life-sciences\\\/introducao\\\/\"]}]},{\"@type\":\"ImageObject\",\"inLanguage\":\"pt-BR\",\"@id\":\"https:\\\/\\\/www.gvs.com.br\\\/life-sciences\\\/introducao\\\/#primaryimage\",\"url\":\"https:\\\/\\\/www.gvs.com.br\\\/life-sciences\\\/wp-content\\\/uploads\\\/2025\\\/01\\\/Separa.jpg\",\"contentUrl\":\"https:\\\/\\\/www.gvs.com.br\\\/life-sciences\\\/wp-content\\\/uploads\\\/2025\\\/01\\\/Separa.jpg\",\"width\":1000,\"height\":665},{\"@type\":\"BreadcrumbList\",\"@id\":\"https:\\\/\\\/www.gvs.com.br\\\/life-sciences\\\/introducao\\\/#breadcrumb\",\"itemListElement\":[{\"@type\":\"ListItem\",\"position\":1,\"name\":\"In\u00edcio\",\"item\":\"https:\\\/\\\/www.gvs.com.br\\\/life-sciences\\\/\"},{\"@type\":\"ListItem\",\"position\":2,\"name\":\"Introdu\u00e7\u00e3o\"}]},{\"@type\":\"WebSite\",\"@id\":\"https:\\\/\\\/www.gvs.com.br\\\/life-sciences\\\/#website\",\"url\":\"https:\\\/\\\/www.gvs.com.br\\\/life-sciences\\\/\",\"name\":\"Life Sciences\",\"description\":\"\",\"publisher\":{\"@id\":\"https:\\\/\\\/www.gvs.com.br\\\/life-sciences\\\/#organization\"},\"potentialAction\":[{\"@type\":\"SearchAction\",\"target\":{\"@type\":\"EntryPoint\",\"urlTemplate\":\"https:\\\/\\\/www.gvs.com.br\\\/life-sciences\\\/?s={search_term_string}\"},\"query-input\":{\"@type\":\"PropertyValueSpecification\",\"valueRequired\":true,\"valueName\":\"search_term_string\"}}],\"inLanguage\":\"pt-BR\"},{\"@type\":\"Organization\",\"@id\":\"https:\\\/\\\/www.gvs.com.br\\\/life-sciences\\\/#organization\",\"name\":\"Life Sciences\",\"url\":\"https:\\\/\\\/www.gvs.com.br\\\/life-sciences\\\/\",\"logo\":{\"@type\":\"ImageObject\",\"inLanguage\":\"pt-BR\",\"@id\":\"https:\\\/\\\/www.gvs.com.br\\\/life-sciences\\\/#\\\/schema\\\/logo\\\/image\\\/\",\"url\":\"https:\\\/\\\/www.gvs.com.br\\\/life-sciences\\\/wp-content\\\/uploads\\\/2024\\\/12\\\/logo-gvs.png\",\"contentUrl\":\"https:\\\/\\\/www.gvs.com.br\\\/life-sciences\\\/wp-content\\\/uploads\\\/2024\\\/12\\\/logo-gvs.png\",\"width\":334,\"height\":201,\"caption\":\"Life Sciences\"},\"image\":{\"@id\":\"https:\\\/\\\/www.gvs.com.br\\\/life-sciences\\\/#\\\/schema\\\/logo\\\/image\\\/\"}}]}<\/script>\n<!-- \/ Yoast SEO plugin. -->","yoast_head_json":{"title":"Introdu\u00e7\u00e3o - Life Sciences","robots":{"index":"index","follow":"follow","max-snippet":"max-snippet:-1","max-image-preview":"max-image-preview:large","max-video-preview":"max-video-preview:-1"},"canonical":"https:\/\/www.gvs.com.br\/life-sciences\/introducao\/","og_locale":"pt_BR","og_type":"article","og_title":"Introdu\u00e7\u00e3o - Life Sciences","og_description":"Life Sciences GVS Divis\u00e3o de Life Sciences do Grupo GVS A divis\u00e3o de Life Sciences do Grupo GVS oferece uma [&hellip;]","og_url":"https:\/\/www.gvs.com.br\/life-sciences\/introducao\/","og_site_name":"Life Sciences","article_modified_time":"2025-08-12T16:51:29+00:00","og_image":[{"url":"https:\/\/www.gvs.com.br\/life-sciences\/wp-content\/uploads\/2025\/01\/Separa.jpg","type":"","width":"","height":""}],"twitter_card":"summary_large_image","twitter_misc":{"Est. tempo de leitura":"1 minuto"},"schema":{"@context":"https:\/\/schema.org","@graph":[{"@type":"WebPage","@id":"https:\/\/www.gvs.com.br\/life-sciences\/introducao\/","url":"https:\/\/www.gvs.com.br\/life-sciences\/introducao\/","name":"Introdu\u00e7\u00e3o - Life Sciences","isPartOf":{"@id":"https:\/\/www.gvs.com.br\/life-sciences\/#website"},"primaryImageOfPage":{"@id":"https:\/\/www.gvs.com.br\/life-sciences\/introducao\/#primaryimage"},"image":{"@id":"https:\/\/www.gvs.com.br\/life-sciences\/introducao\/#primaryimage"},"thumbnailUrl":"https:\/\/www.gvs.com.br\/life-sciences\/wp-content\/uploads\/2025\/01\/Separa.jpg","datePublished":"2025-01-20T19:40:43+00:00","dateModified":"2025-08-12T16:51:29+00:00","breadcrumb":{"@id":"https:\/\/www.gvs.com.br\/life-sciences\/introducao\/#breadcrumb"},"inLanguage":"pt-BR","potentialAction":[{"@type":"ReadAction","target":["https:\/\/www.gvs.com.br\/life-sciences\/introducao\/"]}]},{"@type":"ImageObject","inLanguage":"pt-BR","@id":"https:\/\/www.gvs.com.br\/life-sciences\/introducao\/#primaryimage","url":"https:\/\/www.gvs.com.br\/life-sciences\/wp-content\/uploads\/2025\/01\/Separa.jpg","contentUrl":"https:\/\/www.gvs.com.br\/life-sciences\/wp-content\/uploads\/2025\/01\/Separa.jpg","width":1000,"height":665},{"@type":"BreadcrumbList","@id":"https:\/\/www.gvs.com.br\/life-sciences\/introducao\/#breadcrumb","itemListElement":[{"@type":"ListItem","position":1,"name":"In\u00edcio","item":"https:\/\/www.gvs.com.br\/life-sciences\/"},{"@type":"ListItem","position":2,"name":"Introdu\u00e7\u00e3o"}]},{"@type":"WebSite","@id":"https:\/\/www.gvs.com.br\/life-sciences\/#website","url":"https:\/\/www.gvs.com.br\/life-sciences\/","name":"Life Sciences","description":"","publisher":{"@id":"https:\/\/www.gvs.com.br\/life-sciences\/#organization"},"potentialAction":[{"@type":"SearchAction","target":{"@type":"EntryPoint","urlTemplate":"https:\/\/www.gvs.com.br\/life-sciences\/?s={search_term_string}"},"query-input":{"@type":"PropertyValueSpecification","valueRequired":true,"valueName":"search_term_string"}}],"inLanguage":"pt-BR"},{"@type":"Organization","@id":"https:\/\/www.gvs.com.br\/life-sciences\/#organization","name":"Life Sciences","url":"https:\/\/www.gvs.com.br\/life-sciences\/","logo":{"@type":"ImageObject","inLanguage":"pt-BR","@id":"https:\/\/www.gvs.com.br\/life-sciences\/#\/schema\/logo\/image\/","url":"https:\/\/www.gvs.com.br\/life-sciences\/wp-content\/uploads\/2024\/12\/logo-gvs.png","contentUrl":"https:\/\/www.gvs.com.br\/life-sciences\/wp-content\/uploads\/2024\/12\/logo-gvs.png","width":334,"height":201,"caption":"Life Sciences"},"image":{"@id":"https:\/\/www.gvs.com.br\/life-sciences\/#\/schema\/logo\/image\/"}}]}},"uagb_featured_image_src":{"full":false,"thumbnail":false,"medium":false,"medium_large":false,"large":false,"1536x1536":false,"2048x2048":false},"uagb_author_info":{"display_name":"admin-gvs","author_link":"https:\/\/www.gvs.com.br\/life-sciences\/author\/admin-gvs\/"},"uagb_comment_info":0,"uagb_excerpt":"Life Sciences GVS Divis\u00e3o de Life Sciences do Grupo GVS A divis\u00e3o de Life Sciences do Grupo GVS oferece uma [&hellip;]","_links":{"self":[{"href":"https:\/\/www.gvs.com.br\/life-sciences\/wp-json\/wp\/v2\/pages\/141","targetHints":{"allow":["GET"]}}],"collection":[{"href":"https:\/\/www.gvs.com.br\/life-sciences\/wp-json\/wp\/v2\/pages"}],"about":[{"href":"https:\/\/www.gvs.com.br\/life-sciences\/wp-json\/wp\/v2\/types\/page"}],"author":[{"embeddable":true,"href":"https:\/\/www.gvs.com.br\/life-sciences\/wp-json\/wp\/v2\/users\/2"}],"replies":[{"embeddable":true,"href":"https:\/\/www.gvs.com.br\/life-sciences\/wp-json\/wp\/v2\/comments?post=141"}],"version-history":[{"count":13,"href":"https:\/\/www.gvs.com.br\/life-sciences\/wp-json\/wp\/v2\/pages\/141\/revisions"}],"predecessor-version":[{"id":1576,"href":"https:\/\/www.gvs.com.br\/life-sciences\/wp-json\/wp\/v2\/pages\/141\/revisions\/1576"}],"wp:attachment":[{"href":"https:\/\/www.gvs.com.br\/life-sciences\/wp-json\/wp\/v2\/media?parent=141"}],"curies":[{"name":"wp","href":"https:\/\/api.w.org\/{rel}","templated":true}]}}