{"id":1019,"date":"2025-01-30T18:35:03","date_gmt":"2025-01-30T18:35:03","guid":{"rendered":"https:\/\/gvs.com.br\/life-sciences\/?page_id=1019"},"modified":"2025-08-12T18:10:07","modified_gmt":"2025-08-12T18:10:07","slug":"produtos-sistema-de-filtracao-esteril","status":"publish","type":"page","link":"https:\/\/www.gvs.com.br\/life-sciences\/produtos-sistema-de-filtracao-esteril\/","title":{"rendered":"Produtos &#8211; Sistema de Filtra\u00e7\u00e3o Est\u00e9ril"},"content":{"rendered":"\n<div class=\"wp-block-uagb-advanced-heading uagb-block-eb0f72a2\"><h2 class=\"uagb-heading-text\"><strong>Sistema de Filtra\u00e7\u00e3o Est\u00e9ril<\/strong><\/h2><\/div>\n\n\n\n<div class=\"wp-block-uagb-separator uagb-block-6501f7c2\"><div class=\"uagb-separator-spacing-wrapper\"><div class=\"wp-block-uagb-separator__inner\" style=\"--my-background-image:\"><\/div><\/div><\/div>\n\n\n\n<div class=\"wp-block-uagb-advanced-heading uagb-block-31e791c0\"><h6 class=\"uagb-heading-text\">Garrafa de Filtra\u00e7\u00e3o a V\u00e1cuo<\/h6><\/div>\n\n\n\n<div class=\"wp-block-uagb-icon-list uagb-block-4a27648d\"><div class=\"uagb-icon-list__wrap\">\n<div class=\"wp-block-uagb-icon-list-child uagb-block-157f788b\"><a target=\"_self\" aria-label=\"Sistema de filtra\u00e7\u00e3o 47 mm Polissulfona\" rel=\"noopener noreferrer\" href=\"https:\/\/www.gvs.com.br\/life-sciences\/sistema-de-filtracao-esteril-sistema-de-filtracao-47-mm-polissulfona\/\"> <\/a><span class=\"uagb-icon-list__source-wrap\"><svg xmlns=\"https:\/\/www.w3.org\/2000\/svg\" viewBox=\"0 0 448 512\"><path d=\"M437.2 403.5L319.1 215L319.1 64h7.1c13.25 0 23.1-10.75 23.1-24l-.0002-16c0-13.25-10.75-24-23.1-24H120C106.8 0 96.01 10.75 96.01 24l-.0002 16c0 13.25 10.75 24 23.1 24h7.1L128 215l-117.2 188.5C-18.48 450.6 15.27 512 70.89 512h306.2C432.7 512 466.5 450.5 437.2 403.5zM137.1 320l48.15-77.63C189.8 237.3 191.9 230.8 191.9 224l.0651-160h63.99l-.06 160c0 6.875 2.25 13.25 5.875 18.38L309.9 320H137.1z\"><\/path><\/svg><\/span><span class=\"uagb-icon-list__label\">Sistema de filtra\u00e7\u00e3o 47 mm Polissulfona<\/span><\/div>\n<\/div><\/div>\n\n\n\n<div class=\"wp-block-uagb-icon-list uagb-block-1990c2a3\"><div class=\"uagb-icon-list__wrap\">\n<div class=\"wp-block-uagb-icon-list-child uagb-block-28a4d952\"><a target=\"_self\" aria-label=\"Dispositivo de filtra\u00e7\u00e3o sem frasco receptor\" rel=\"noopener noreferrer\" href=\"https:\/\/www.gvs.com.br\/life-sciences\/sistema-de-filtracao-esteril-dispositivo-de-filtracao-sem-frasco-receptor\/\"> <\/a><span class=\"uagb-icon-list__source-wrap\"><svg xmlns=\"https:\/\/www.w3.org\/2000\/svg\" viewBox=\"0 0 448 512\"><path d=\"M437.2 403.5L319.1 215L319.1 64h7.1c13.25 0 23.1-10.75 23.1-24l-.0002-16c0-13.25-10.75-24-23.1-24H120C106.8 0 96.01 10.75 96.01 24l-.0002 16c0 13.25 10.75 24 23.1 24h7.1L128 215l-117.2 188.5C-18.48 450.6 15.27 512 70.89 512h306.2C432.7 512 466.5 450.5 437.2 403.5zM137.1 320l48.15-77.63C189.8 237.3 191.9 230.8 191.9 224l.0651-160h63.99l-.06 160c0 6.875 2.25 13.25 5.875 18.38L309.9 320H137.1z\"><\/path><\/svg><\/span><span class=\"uagb-icon-list__label\">Dispositivo de filtra\u00e7\u00e3o sem frasco receptor<\/span><\/div>\n\n\n\n<div class=\"wp-block-uagb-icon-list-child uagb-block-1f3b677b\"><a target=\"_self\" aria-label=\"Filtra\u00e7\u00e3o a v\u00e1cuo sistema completo\" rel=\"noopener noreferrer\" href=\"https:\/\/www.gvs.com.br\/life-sciences\/sistema-de-filtracao-esteril-filtracao-a-vacuo-sistema-completo\/\"> <\/a><span class=\"uagb-icon-list__source-wrap\"><svg xmlns=\"https:\/\/www.w3.org\/2000\/svg\" viewBox=\"0 0 448 512\"><path d=\"M437.2 403.5L319.1 215L319.1 64h7.1c13.25 0 23.1-10.75 23.1-24l-.0002-16c0-13.25-10.75-24-23.1-24H120C106.8 0 96.01 10.75 96.01 24l-.0002 16c0 13.25 10.75 24 23.1 24h7.1L128 215l-117.2 188.5C-18.48 450.6 15.27 512 70.89 512h306.2C432.7 512 466.5 450.5 437.2 403.5zM137.1 320l48.15-77.63C189.8 237.3 191.9 230.8 191.9 224l.0651-160h63.99l-.06 160c0 6.875 2.25 13.25 5.875 18.38L309.9 320H137.1z\"><\/path><\/svg><\/span><span class=\"uagb-icon-list__label\">Filtra\u00e7\u00e3o a v\u00e1cuo sistema completo<\/span><\/div>\n\n\n\n<div class=\"wp-block-uagb-icon-list-child uagb-block-3df2191d\"><a target=\"_self\" aria-label=\"Frasco Receptor\" rel=\"noopener noreferrer\" href=\"https:\/\/www.gvs.com.br\/life-sciences\/sistema-de-filtracao-esteril-frasco-receptor\/\"> <\/a><span class=\"uagb-icon-list__source-wrap\"><svg xmlns=\"https:\/\/www.w3.org\/2000\/svg\" viewBox=\"0 0 448 512\"><path d=\"M437.2 403.5L319.1 215L319.1 64h7.1c13.25 0 23.1-10.75 23.1-24l-.0002-16c0-13.25-10.75-24-23.1-24H120C106.8 0 96.01 10.75 96.01 24l-.0002 16c0 13.25 10.75 24 23.1 24h7.1L128 215l-117.2 188.5C-18.48 450.6 15.27 512 70.89 512h306.2C432.7 512 466.5 450.5 437.2 403.5zM137.1 320l48.15-77.63C189.8 237.3 191.9 230.8 191.9 224l.0651-160h63.99l-.06 160c0 6.875 2.25 13.25 5.875 18.38L309.9 320H137.1z\"><\/path><\/svg><\/span><span class=\"uagb-icon-list__label\">Frasco Receptor<\/span><\/div>\n<\/div><\/div>\n\n\n\n<p><\/p>\n","protected":false},"excerpt":{"rendered":"<p>Sistema de Filtra\u00e7\u00e3o Est\u00e9ril Garrafa de Filtra\u00e7\u00e3o a V\u00e1cuo<\/p>\n","protected":false},"author":2,"featured_media":0,"parent":0,"menu_order":0,"comment_status":"closed","ping_status":"closed","template":"","meta":{"_uag_custom_page_level_css":"","site-sidebar-layout":"default","site-content-layout":"","ast-site-content-layout":"","site-content-style":"default","site-sidebar-style":"default","ast-global-header-display":"","ast-banner-title-visibility":"","ast-main-header-display":"","ast-hfb-above-header-display":"","ast-hfb-below-header-display":"","ast-hfb-mobile-header-display":"","site-post-title":"disabled","ast-breadcrumbs-content":"","ast-featured-img":"","footer-sml-layout":"","ast-disable-related-posts":"","theme-transparent-header-meta":"","adv-header-id-meta":"","stick-header-meta":"","header-above-stick-meta":"","header-main-stick-meta":"","header-below-stick-meta":"","astra-migrate-meta-layouts":"default","ast-page-background-enabled":"default","ast-page-background-meta":{"desktop":{"background-color":"var(--ast-global-color-4)","background-image":"","background-repeat":"repeat","background-position":"center center","background-size":"auto","background-attachment":"scroll","background-type":"","background-media":"","overlay-type":"","overlay-color":"","overlay-opacity":"","overlay-gradient":""},"tablet":{"background-color":"","background-image":"","background-repeat":"repeat","background-position":"center center","background-size":"auto","background-attachment":"scroll","background-type":"","background-media":"","overlay-type":"","overlay-color":"","overlay-opacity":"","overlay-gradient":""},"mobile":{"background-color":"","background-image":"","background-repeat":"repeat","background-position":"center center","background-size":"auto","background-attachment":"scroll","background-type":"","background-media":"","overlay-type":"","overlay-color":"","overlay-opacity":"","overlay-gradient":""}},"ast-content-background-meta":{"desktop":{"background-color":"var(--ast-global-color-5)","background-image":"","background-repeat":"repeat","background-position":"center center","background-size":"auto","background-attachment":"scroll","background-type":"","background-media":"","overlay-type":"","overlay-color":"","overlay-opacity":"","overlay-gradient":""},"tablet":{"background-color":"var(--ast-global-color-5)","background-image":"","background-repeat":"repeat","background-position":"center center","background-size":"auto","background-attachment":"scroll","background-type":"","background-media":"","overlay-type":"","overlay-color":"","overlay-opacity":"","overlay-gradient":""},"mobile":{"background-color":"var(--ast-global-color-5)","background-image":"","background-repeat":"repeat","background-position":"center center","background-size":"auto","background-attachment":"scroll","background-type":"","background-media":"","overlay-type":"","overlay-color":"","overlay-opacity":"","overlay-gradient":""}},"footnotes":""},"class_list":["post-1019","page","type-page","status-publish","hentry"],"yoast_head":"<!-- This site is optimized with the Yoast SEO plugin v27.4 - https:\/\/yoast.com\/product\/yoast-seo-wordpress\/ -->\n<title>Produtos - Sistema de Filtra\u00e7\u00e3o Est\u00e9ril - Life Sciences<\/title>\n<meta name=\"robots\" content=\"index, follow, max-snippet:-1, max-image-preview:large, max-video-preview:-1\" \/>\n<link rel=\"canonical\" href=\"https:\/\/www.gvs.com.br\/life-sciences\/produtos-sistema-de-filtracao-esteril\/\" \/>\n<meta property=\"og:locale\" content=\"pt_BR\" \/>\n<meta property=\"og:type\" content=\"article\" \/>\n<meta property=\"og:title\" content=\"Produtos - Sistema de Filtra\u00e7\u00e3o Est\u00e9ril - Life Sciences\" \/>\n<meta property=\"og:description\" content=\"Sistema de Filtra\u00e7\u00e3o Est\u00e9ril Garrafa de Filtra\u00e7\u00e3o a V\u00e1cuo\" \/>\n<meta property=\"og:url\" content=\"https:\/\/www.gvs.com.br\/life-sciences\/produtos-sistema-de-filtracao-esteril\/\" \/>\n<meta property=\"og:site_name\" content=\"Life Sciences\" \/>\n<meta property=\"article:modified_time\" content=\"2025-08-12T18:10:07+00:00\" \/>\n<meta name=\"twitter:card\" content=\"summary_large_image\" \/>\n<meta name=\"twitter:label1\" content=\"Est. tempo de leitura\" \/>\n\t<meta name=\"twitter:data1\" content=\"1 minuto\" \/>\n<script type=\"application\/ld+json\" class=\"yoast-schema-graph\">{\"@context\":\"https:\\\/\\\/schema.org\",\"@graph\":[{\"@type\":\"WebPage\",\"@id\":\"https:\\\/\\\/www.gvs.com.br\\\/life-sciences\\\/produtos-sistema-de-filtracao-esteril\\\/\",\"url\":\"https:\\\/\\\/www.gvs.com.br\\\/life-sciences\\\/produtos-sistema-de-filtracao-esteril\\\/\",\"name\":\"Produtos - Sistema de Filtra\u00e7\u00e3o Est\u00e9ril - Life Sciences\",\"isPartOf\":{\"@id\":\"https:\\\/\\\/www.gvs.com.br\\\/life-sciences\\\/#website\"},\"datePublished\":\"2025-01-30T18:35:03+00:00\",\"dateModified\":\"2025-08-12T18:10:07+00:00\",\"breadcrumb\":{\"@id\":\"https:\\\/\\\/www.gvs.com.br\\\/life-sciences\\\/produtos-sistema-de-filtracao-esteril\\\/#breadcrumb\"},\"inLanguage\":\"pt-BR\",\"potentialAction\":[{\"@type\":\"ReadAction\",\"target\":[\"https:\\\/\\\/www.gvs.com.br\\\/life-sciences\\\/produtos-sistema-de-filtracao-esteril\\\/\"]}]},{\"@type\":\"BreadcrumbList\",\"@id\":\"https:\\\/\\\/www.gvs.com.br\\\/life-sciences\\\/produtos-sistema-de-filtracao-esteril\\\/#breadcrumb\",\"itemListElement\":[{\"@type\":\"ListItem\",\"position\":1,\"name\":\"In\u00edcio\",\"item\":\"https:\\\/\\\/www.gvs.com.br\\\/life-sciences\\\/\"},{\"@type\":\"ListItem\",\"position\":2,\"name\":\"Produtos &#8211; Sistema de Filtra\u00e7\u00e3o Est\u00e9ril\"}]},{\"@type\":\"WebSite\",\"@id\":\"https:\\\/\\\/www.gvs.com.br\\\/life-sciences\\\/#website\",\"url\":\"https:\\\/\\\/www.gvs.com.br\\\/life-sciences\\\/\",\"name\":\"Life Sciences\",\"description\":\"\",\"publisher\":{\"@id\":\"https:\\\/\\\/www.gvs.com.br\\\/life-sciences\\\/#organization\"},\"potentialAction\":[{\"@type\":\"SearchAction\",\"target\":{\"@type\":\"EntryPoint\",\"urlTemplate\":\"https:\\\/\\\/www.gvs.com.br\\\/life-sciences\\\/?s={search_term_string}\"},\"query-input\":{\"@type\":\"PropertyValueSpecification\",\"valueRequired\":true,\"valueName\":\"search_term_string\"}}],\"inLanguage\":\"pt-BR\"},{\"@type\":\"Organization\",\"@id\":\"https:\\\/\\\/www.gvs.com.br\\\/life-sciences\\\/#organization\",\"name\":\"Life Sciences\",\"url\":\"https:\\\/\\\/www.gvs.com.br\\\/life-sciences\\\/\",\"logo\":{\"@type\":\"ImageObject\",\"inLanguage\":\"pt-BR\",\"@id\":\"https:\\\/\\\/www.gvs.com.br\\\/life-sciences\\\/#\\\/schema\\\/logo\\\/image\\\/\",\"url\":\"https:\\\/\\\/www.gvs.com.br\\\/life-sciences\\\/wp-content\\\/uploads\\\/2024\\\/12\\\/logo-gvs.png\",\"contentUrl\":\"https:\\\/\\\/www.gvs.com.br\\\/life-sciences\\\/wp-content\\\/uploads\\\/2024\\\/12\\\/logo-gvs.png\",\"width\":334,\"height\":201,\"caption\":\"Life Sciences\"},\"image\":{\"@id\":\"https:\\\/\\\/www.gvs.com.br\\\/life-sciences\\\/#\\\/schema\\\/logo\\\/image\\\/\"}}]}<\/script>\n<!-- \/ Yoast SEO plugin. -->","yoast_head_json":{"title":"Produtos - Sistema de Filtra\u00e7\u00e3o Est\u00e9ril - Life Sciences","robots":{"index":"index","follow":"follow","max-snippet":"max-snippet:-1","max-image-preview":"max-image-preview:large","max-video-preview":"max-video-preview:-1"},"canonical":"https:\/\/www.gvs.com.br\/life-sciences\/produtos-sistema-de-filtracao-esteril\/","og_locale":"pt_BR","og_type":"article","og_title":"Produtos - Sistema de Filtra\u00e7\u00e3o Est\u00e9ril - Life Sciences","og_description":"Sistema de Filtra\u00e7\u00e3o Est\u00e9ril Garrafa de Filtra\u00e7\u00e3o a V\u00e1cuo","og_url":"https:\/\/www.gvs.com.br\/life-sciences\/produtos-sistema-de-filtracao-esteril\/","og_site_name":"Life Sciences","article_modified_time":"2025-08-12T18:10:07+00:00","twitter_card":"summary_large_image","twitter_misc":{"Est. tempo de leitura":"1 minuto"},"schema":{"@context":"https:\/\/schema.org","@graph":[{"@type":"WebPage","@id":"https:\/\/www.gvs.com.br\/life-sciences\/produtos-sistema-de-filtracao-esteril\/","url":"https:\/\/www.gvs.com.br\/life-sciences\/produtos-sistema-de-filtracao-esteril\/","name":"Produtos - Sistema de Filtra\u00e7\u00e3o Est\u00e9ril - Life Sciences","isPartOf":{"@id":"https:\/\/www.gvs.com.br\/life-sciences\/#website"},"datePublished":"2025-01-30T18:35:03+00:00","dateModified":"2025-08-12T18:10:07+00:00","breadcrumb":{"@id":"https:\/\/www.gvs.com.br\/life-sciences\/produtos-sistema-de-filtracao-esteril\/#breadcrumb"},"inLanguage":"pt-BR","potentialAction":[{"@type":"ReadAction","target":["https:\/\/www.gvs.com.br\/life-sciences\/produtos-sistema-de-filtracao-esteril\/"]}]},{"@type":"BreadcrumbList","@id":"https:\/\/www.gvs.com.br\/life-sciences\/produtos-sistema-de-filtracao-esteril\/#breadcrumb","itemListElement":[{"@type":"ListItem","position":1,"name":"In\u00edcio","item":"https:\/\/www.gvs.com.br\/life-sciences\/"},{"@type":"ListItem","position":2,"name":"Produtos &#8211; Sistema de Filtra\u00e7\u00e3o Est\u00e9ril"}]},{"@type":"WebSite","@id":"https:\/\/www.gvs.com.br\/life-sciences\/#website","url":"https:\/\/www.gvs.com.br\/life-sciences\/","name":"Life Sciences","description":"","publisher":{"@id":"https:\/\/www.gvs.com.br\/life-sciences\/#organization"},"potentialAction":[{"@type":"SearchAction","target":{"@type":"EntryPoint","urlTemplate":"https:\/\/www.gvs.com.br\/life-sciences\/?s={search_term_string}"},"query-input":{"@type":"PropertyValueSpecification","valueRequired":true,"valueName":"search_term_string"}}],"inLanguage":"pt-BR"},{"@type":"Organization","@id":"https:\/\/www.gvs.com.br\/life-sciences\/#organization","name":"Life Sciences","url":"https:\/\/www.gvs.com.br\/life-sciences\/","logo":{"@type":"ImageObject","inLanguage":"pt-BR","@id":"https:\/\/www.gvs.com.br\/life-sciences\/#\/schema\/logo\/image\/","url":"https:\/\/www.gvs.com.br\/life-sciences\/wp-content\/uploads\/2024\/12\/logo-gvs.png","contentUrl":"https:\/\/www.gvs.com.br\/life-sciences\/wp-content\/uploads\/2024\/12\/logo-gvs.png","width":334,"height":201,"caption":"Life Sciences"},"image":{"@id":"https:\/\/www.gvs.com.br\/life-sciences\/#\/schema\/logo\/image\/"}}]}},"uagb_featured_image_src":{"full":false,"thumbnail":false,"medium":false,"medium_large":false,"large":false,"1536x1536":false,"2048x2048":false},"uagb_author_info":{"display_name":"admin-gvs","author_link":"https:\/\/www.gvs.com.br\/life-sciences\/author\/admin-gvs\/"},"uagb_comment_info":0,"uagb_excerpt":"Sistema de Filtra\u00e7\u00e3o Est\u00e9ril Garrafa de Filtra\u00e7\u00e3o a V\u00e1cuo","_links":{"self":[{"href":"https:\/\/www.gvs.com.br\/life-sciences\/wp-json\/wp\/v2\/pages\/1019","targetHints":{"allow":["GET"]}}],"collection":[{"href":"https:\/\/www.gvs.com.br\/life-sciences\/wp-json\/wp\/v2\/pages"}],"about":[{"href":"https:\/\/www.gvs.com.br\/life-sciences\/wp-json\/wp\/v2\/types\/page"}],"author":[{"embeddable":true,"href":"https:\/\/www.gvs.com.br\/life-sciences\/wp-json\/wp\/v2\/users\/2"}],"replies":[{"embeddable":true,"href":"https:\/\/www.gvs.com.br\/life-sciences\/wp-json\/wp\/v2\/comments?post=1019"}],"version-history":[{"count":5,"href":"https:\/\/www.gvs.com.br\/life-sciences\/wp-json\/wp\/v2\/pages\/1019\/revisions"}],"predecessor-version":[{"id":1649,"href":"https:\/\/www.gvs.com.br\/life-sciences\/wp-json\/wp\/v2\/pages\/1019\/revisions\/1649"}],"wp:attachment":[{"href":"https:\/\/www.gvs.com.br\/life-sciences\/wp-json\/wp\/v2\/media?parent=1019"}],"curies":[{"name":"wp","href":"https:\/\/api.w.org\/{rel}","templated":true}]}}